{"id":7386,"date":"2021-04-16T09:06:03","date_gmt":"2021-04-16T09:06:03","guid":{"rendered":"https:\/\/text2stick.com\/?page_id=7386"},"modified":"2023-06-20T07:43:52","modified_gmt":"2023-06-20T07:43:52","slug":"agb","status":"publish","type":"page","link":"https:\/\/text2stick.com\/de\/agb\/","title":{"rendered":"AGB"},"content":{"rendered":"\n<p><strong>Handelsbedingungen<\/strong><\/p>\n\n\n\n<p>Allgemeine Informationen<\/p>\n\n\n\n<p>VIBLA ApS<\/p>\n\n\n\n<p>V\u00e6selvej 1<\/p>\n\n\n\n<p>DK-7800 Skive<br><br>Denmark<\/p>\n\n\n\n<p>MwSt.-Nummer.: 35 02 94 35<\/p>\n\n\n\n<p>Telefon: +45 70 26 63 00<\/p>\n\n\n\n<p>E-Mail: contact@text2stick.com<\/p>\n\n\n\n<p>Text2stick.com ist Eigentum und wird betrieben von Vibla ApS.<\/p>\n\n\n\n<p>Der Vertrag zwischen dem Kunden und dem Verk\u00e4ufer kommt mit Vibla ApS zustande.<\/p>\n\n\n\n<p>Nachfolgend als Text2stick.com bezeichnet<\/p>\n\n\n\n<p><strong>Zahlung<\/strong><\/p>\n\n\n\n<p>Text2stick.com akzeptiert Zahlungen mit VISA, VISA Electron, Mastercard. Die Zahlung wird erst bei Versand der Ware von Ihrem Konto abgebucht.<\/p>\n\n\n\n<p>Alle Betr\u00e4ge sind in EUR, und sind inkl. MwSt.<\/p>\n\n\n\n<p>Text2stick.com verwendet einen zugelassenen Zahlungsserver, der alle Ihre Karteninformationen mit dem SSL-Protokoll (Secure Socket Layer) verschl\u00fcsselt. Das bedeutet, dass Ihre Informationen nicht gelesen werden k\u00f6nnen.<\/p>\n\n\n\n<p><strong>Lieferung<\/strong><\/p>\n\n\n\n<p>Die Lieferzeit betr\u00e4gt voraussichtlich 1-5 Werktage.<\/p>\n\n\n\n<p>Die Lieferung erfolgt mit der gew\u00e4hlten Versandart und Spedition.<\/p>\n\n\n\n<p>Wir behalten uns vor, in besonderen F\u00e4llen ein anderes Versandunternehmen als das bei der Bestellung gew\u00e4hlte zu w\u00e4hlen.<\/p>\n\n\n\n<p><strong>Beschwerderecht<\/strong><\/p>\n\n\n\n<p>Es besteht ein 2-j\u00e4hriges Reklamationsrecht nach dem Kaufgesetz. Unser Reklamationsrecht gilt f\u00fcr Material- und\/oder Herstellungsfehler.<\/p>\n\n\n\n<p>Die Reklamation gilt nicht f\u00fcr Fehler oder Sch\u00e4den, die durch Fehlerhaft Bedienung des Produkts \/ der Dienstleistung verursacht wurden.<\/p>\n\n\n\n<p>Text2stick.com \u00fcbernimmt die R\u00fccksendekosten in angemessenem Umfang.<\/p>\n\n\n\n<p>Im Falle von R\u00fccksendungen sind Kontakt und Reklamationen zu richten an:<\/p>\n\n\n\n<p>Text2stick.com<\/p>\n\n\n\n<p>V\u00e6selvej 1<\/p>\n\n\n\n<p>DK-7800 Skive<\/p>\n\n\n\n<p>Pakete per Nachnahme werden nicht angenommen.<\/p>\n\n\n\n<p><strong>R\u00fcckzahlung<\/strong><\/p>\n\n\n\n<p>Sofern eine R\u00fcckzahlung vereinbart wurde, teilen Sie uns bitte Ihre Bankverbindung mit, damit wir den vereinbarten Betrag \u00fcberweisen k\u00f6nnen.<\/p>\n\n\n\n<p><strong>Widerrufsrecht<\/strong><\/p>\n\n\n\n<p>Da es sich um Produkte handelt, die speziell nach Kundenwunsch angefertigt werden, besteht nach der Bestellung kein Widerrufsrecht.<\/p>\n\n\n\n<p>Wenn Sie nach der Bestellung einen Fehler entdecken, kontaktieren Sie uns bitte so schnell wie m\u00f6glich, da wir es oft schaffen, den Fehler zu beheben, bevor Ihre Bestellung in Produktion geht.<\/p>\n\n\n\n<p><strong>Einspruchsm\u00f6glichkeiten \u2013 \u00dcbersicht und Linkt:<\/strong><\/p>\n\n\n\n<p>Wenn Sie eine Beschwerde \u00fcber ein in unserem Webshop gekauftes Produkt haben, k\u00f6nnen Sie diese an folgende Adresse senden:<\/p>\n\n\n\n<p>Wenn Sie ein Verbraucher mit Wohnsitz in einem anderen EU-Land sind, k\u00f6nnen Sie Ihre Beschwerde auf der Online-Beschwerdeplattform der EU-Kommission einreichen.<\/p>\n\n\n\n<p>Die Plattform finden Sie hier: <a href=\"http:\/\/ec.europa.eu\/odr \">http:\/\/ec.europa.eu\/odr <\/a><br>Wenn Sie hier eine Beschwerde einreichen, m\u00fcssen Sie unsere E-Mail-Adresse angeben: contact@text2stick.com<\/p>\n","protected":false},"excerpt":{"rendered":"<p>Handelsbedingungen Allgemeine Informationen VIBLA ApS V\u00e6selvej 1 DK-7800 Skive Denmark MwSt.-Nummer.: 35 02 94 35 Telefon: +45 70 26 63 00 E-Mail: contact@text2stick.com Text2stick.com ist Eigentum und wird betrieben von Vibla ApS. Der Vertrag zwischen dem Kunden und dem Verk\u00e4ufer kommt mit Vibla ApS zustande. Nachfolgend als Text2stick.com bezeichnet Zahlung Text2stick.com akzeptiert Zahlungen mit VISA, [&hellip;]<\/p>\n","protected":false},"author":1,"featured_media":0,"parent":0,"menu_order":0,"comment_status":"closed","ping_status":"closed","template":"","meta":{"_acf_changed":false,"site-sidebar-layout":"default","site-content-layout":"default","ast-site-content-layout":"default","site-content-style":"default","site-sidebar-style":"default","ast-global-header-display":"","ast-banner-title-visibility":"","ast-main-header-display":"","ast-hfb-above-header-display":"","ast-hfb-below-header-display":"","ast-hfb-mobile-header-display":"","site-post-title":"","ast-breadcrumbs-content":"","ast-featured-img":"","footer-sml-layout":"","ast-disable-related-posts":"","theme-transparent-header-meta":"default","adv-header-id-meta":"","stick-header-meta":"","header-above-stick-meta":"","header-main-stick-meta":"","header-below-stick-meta":"","astra-migrate-meta-layouts":"default","ast-page-background-enabled":"default","ast-page-background-meta":{"desktop":{"background-color":"","background-image":"","background-repeat":"repeat","background-position":"center center","background-size":"auto","background-attachment":"scroll","background-type":"","background-media":"","overlay-type":"","overlay-color":"","overlay-opacity":"","overlay-gradient":""},"tablet":{"background-color":"","background-image":"","background-repeat":"repeat","background-position":"center center","background-size":"auto","background-attachment":"scroll","background-type":"","background-media":"","overlay-type":"","overlay-color":"","overlay-opacity":"","overlay-gradient":""},"mobile":{"background-color":"","background-image":"","background-repeat":"repeat","background-position":"center center","background-size":"auto","background-attachment":"scroll","background-type":"","background-media":"","overlay-type":"","overlay-color":"","overlay-opacity":"","overlay-gradient":""}},"ast-content-background-meta":{"desktop":{"background-color":"var(--ast-global-color-5)","background-image":"","background-repeat":"repeat","background-position":"center center","background-size":"auto","background-attachment":"scroll","background-type":"","background-media":"","overlay-type":"","overlay-color":"","overlay-opacity":"","overlay-gradient":""},"tablet":{"background-color":"var(--ast-global-color-5)","background-image":"","background-repeat":"repeat","background-position":"center center","background-size":"auto","background-attachment":"scroll","background-type":"","background-media":"","overlay-type":"","overlay-color":"","overlay-opacity":"","overlay-gradient":""},"mobile":{"background-color":"var(--ast-global-color-5)","background-image":"","background-repeat":"repeat","background-position":"center center","background-size":"auto","background-attachment":"scroll","background-type":"","background-media":"","overlay-type":"","overlay-color":"","overlay-opacity":"","overlay-gradient":""}},"footnotes":""},"class_list":["post-7386","page","type-page","status-publish","hentry"],"acf":[],"yoast_head":"<!-- This site is optimized with the Yoast SEO plugin v27.4 - https:\/\/yoast.com\/product\/yoast-seo-wordpress\/ -->\n<title>AGB - Text2stick.com<\/title>\n<meta name=\"robots\" content=\"index, follow, max-snippet:-1, max-image-preview:large, max-video-preview:-1\" \/>\n<link rel=\"canonical\" href=\"https:\/\/text2stick.com\/de\/agb\/\" \/>\n<meta property=\"og:locale\" content=\"de_DE\" \/>\n<meta property=\"og:type\" content=\"article\" \/>\n<meta property=\"og:title\" content=\"AGB - Text2stick.com\" \/>\n<meta property=\"og:description\" content=\"Handelsbedingungen Allgemeine Informationen VIBLA ApS V\u00e6selvej 1 DK-7800 Skive Denmark MwSt.-Nummer.: 35 02 94 35 Telefon: +45 70 26 63 00 E-Mail: contact@text2stick.com Text2stick.com ist Eigentum und wird betrieben von Vibla ApS. Der Vertrag zwischen dem Kunden und dem Verk\u00e4ufer kommt mit Vibla ApS zustande. Nachfolgend als Text2stick.com bezeichnet Zahlung Text2stick.com akzeptiert Zahlungen mit VISA, [&hellip;]\" \/>\n<meta property=\"og:url\" content=\"https:\/\/text2stick.com\/de\/agb\/\" \/>\n<meta property=\"og:site_name\" content=\"Text2stick.com\" \/>\n<meta property=\"article:modified_time\" content=\"2023-06-20T07:43:52+00:00\" \/>\n<meta name=\"twitter:card\" content=\"summary_large_image\" \/>\n<meta name=\"twitter:label1\" content=\"Gesch\u00e4tzte Lesezeit\" \/>\n\t<meta name=\"twitter:data1\" content=\"2\u00a0Minuten\" \/>\n<script type=\"application\/ld+json\" class=\"yoast-schema-graph\">{\"@context\":\"https:\\\/\\\/schema.org\",\"@graph\":[{\"@type\":\"WebPage\",\"@id\":\"https:\\\/\\\/text2stick.com\\\/de\\\/agb\\\/\",\"url\":\"https:\\\/\\\/text2stick.com\\\/de\\\/agb\\\/\",\"name\":\"AGB - Text2stick.com\",\"isPartOf\":{\"@id\":\"https:\\\/\\\/text2stick.com\\\/#website\"},\"datePublished\":\"2021-04-16T09:06:03+00:00\",\"dateModified\":\"2023-06-20T07:43:52+00:00\",\"breadcrumb\":{\"@id\":\"https:\\\/\\\/text2stick.com\\\/de\\\/agb\\\/#breadcrumb\"},\"inLanguage\":\"de\",\"potentialAction\":[{\"@type\":\"ReadAction\",\"target\":[\"https:\\\/\\\/text2stick.com\\\/de\\\/agb\\\/\"]}]},{\"@type\":\"BreadcrumbList\",\"@id\":\"https:\\\/\\\/text2stick.com\\\/de\\\/agb\\\/#breadcrumb\",\"itemListElement\":[{\"@type\":\"ListItem\",\"position\":1,\"name\":\"Hjem\",\"item\":\"https:\\\/\\\/text2stick.com\\\/de\\\/\"},{\"@type\":\"ListItem\",\"position\":2,\"name\":\"AGB\"}]},{\"@type\":\"WebSite\",\"@id\":\"https:\\\/\\\/text2stick.com\\\/#website\",\"url\":\"https:\\\/\\\/text2stick.com\\\/\",\"name\":\"Text2stick.com\",\"description\":\"Just another WordPress site\",\"publisher\":{\"@id\":\"https:\\\/\\\/text2stick.com\\\/#organization\"},\"potentialAction\":[{\"@type\":\"SearchAction\",\"target\":{\"@type\":\"EntryPoint\",\"urlTemplate\":\"https:\\\/\\\/text2stick.com\\\/?s={search_term_string}\"},\"query-input\":{\"@type\":\"PropertyValueSpecification\",\"valueRequired\":true,\"valueName\":\"search_term_string\"}}],\"inLanguage\":\"de\"},{\"@type\":\"Organization\",\"@id\":\"https:\\\/\\\/text2stick.com\\\/#organization\",\"name\":\"Text2stick.com\",\"url\":\"https:\\\/\\\/text2stick.com\\\/\",\"logo\":{\"@type\":\"ImageObject\",\"inLanguage\":\"de\",\"@id\":\"https:\\\/\\\/text2stick.com\\\/#\\\/schema\\\/logo\\\/image\\\/\",\"url\":\"https:\\\/\\\/text2stick.com\\\/wp-content\\\/uploads\\\/2021\\\/05\\\/TEXT2STICK-logo.png\",\"contentUrl\":\"https:\\\/\\\/text2stick.com\\\/wp-content\\\/uploads\\\/2021\\\/05\\\/TEXT2STICK-logo.png\",\"width\":662,\"height\":120,\"caption\":\"Text2stick.com\"},\"image\":{\"@id\":\"https:\\\/\\\/text2stick.com\\\/#\\\/schema\\\/logo\\\/image\\\/\"}}]}<\/script>\n<!-- \/ Yoast SEO plugin. -->","yoast_head_json":{"title":"AGB - Text2stick.com","robots":{"index":"index","follow":"follow","max-snippet":"max-snippet:-1","max-image-preview":"max-image-preview:large","max-video-preview":"max-video-preview:-1"},"canonical":"https:\/\/text2stick.com\/de\/agb\/","og_locale":"de_DE","og_type":"article","og_title":"AGB - Text2stick.com","og_description":"Handelsbedingungen Allgemeine Informationen VIBLA ApS V\u00e6selvej 1 DK-7800 Skive Denmark MwSt.-Nummer.: 35 02 94 35 Telefon: +45 70 26 63 00 E-Mail: contact@text2stick.com Text2stick.com ist Eigentum und wird betrieben von Vibla ApS. Der Vertrag zwischen dem Kunden und dem Verk\u00e4ufer kommt mit Vibla ApS zustande. Nachfolgend als Text2stick.com bezeichnet Zahlung Text2stick.com akzeptiert Zahlungen mit VISA, [&hellip;]","og_url":"https:\/\/text2stick.com\/de\/agb\/","og_site_name":"Text2stick.com","article_modified_time":"2023-06-20T07:43:52+00:00","twitter_card":"summary_large_image","twitter_misc":{"Gesch\u00e4tzte Lesezeit":"2\u00a0Minuten"},"schema":{"@context":"https:\/\/schema.org","@graph":[{"@type":"WebPage","@id":"https:\/\/text2stick.com\/de\/agb\/","url":"https:\/\/text2stick.com\/de\/agb\/","name":"AGB - Text2stick.com","isPartOf":{"@id":"https:\/\/text2stick.com\/#website"},"datePublished":"2021-04-16T09:06:03+00:00","dateModified":"2023-06-20T07:43:52+00:00","breadcrumb":{"@id":"https:\/\/text2stick.com\/de\/agb\/#breadcrumb"},"inLanguage":"de","potentialAction":[{"@type":"ReadAction","target":["https:\/\/text2stick.com\/de\/agb\/"]}]},{"@type":"BreadcrumbList","@id":"https:\/\/text2stick.com\/de\/agb\/#breadcrumb","itemListElement":[{"@type":"ListItem","position":1,"name":"Hjem","item":"https:\/\/text2stick.com\/de\/"},{"@type":"ListItem","position":2,"name":"AGB"}]},{"@type":"WebSite","@id":"https:\/\/text2stick.com\/#website","url":"https:\/\/text2stick.com\/","name":"Text2stick.com","description":"Just another WordPress site","publisher":{"@id":"https:\/\/text2stick.com\/#organization"},"potentialAction":[{"@type":"SearchAction","target":{"@type":"EntryPoint","urlTemplate":"https:\/\/text2stick.com\/?s={search_term_string}"},"query-input":{"@type":"PropertyValueSpecification","valueRequired":true,"valueName":"search_term_string"}}],"inLanguage":"de"},{"@type":"Organization","@id":"https:\/\/text2stick.com\/#organization","name":"Text2stick.com","url":"https:\/\/text2stick.com\/","logo":{"@type":"ImageObject","inLanguage":"de","@id":"https:\/\/text2stick.com\/#\/schema\/logo\/image\/","url":"https:\/\/text2stick.com\/wp-content\/uploads\/2021\/05\/TEXT2STICK-logo.png","contentUrl":"https:\/\/text2stick.com\/wp-content\/uploads\/2021\/05\/TEXT2STICK-logo.png","width":662,"height":120,"caption":"Text2stick.com"},"image":{"@id":"https:\/\/text2stick.com\/#\/schema\/logo\/image\/"}}]}},"_links":{"self":[{"href":"https:\/\/text2stick.com\/de\/wp-json\/wp\/v2\/pages\/7386","targetHints":{"allow":["GET"]}}],"collection":[{"href":"https:\/\/text2stick.com\/de\/wp-json\/wp\/v2\/pages"}],"about":[{"href":"https:\/\/text2stick.com\/de\/wp-json\/wp\/v2\/types\/page"}],"author":[{"embeddable":true,"href":"https:\/\/text2stick.com\/de\/wp-json\/wp\/v2\/users\/1"}],"replies":[{"embeddable":true,"href":"https:\/\/text2stick.com\/de\/wp-json\/wp\/v2\/comments?post=7386"}],"version-history":[{"count":0,"href":"https:\/\/text2stick.com\/de\/wp-json\/wp\/v2\/pages\/7386\/revisions"}],"wp:attachment":[{"href":"https:\/\/text2stick.com\/de\/wp-json\/wp\/v2\/media?parent=7386"}],"curies":[{"name":"wp","href":"https:\/\/api.w.org\/{rel}","templated":true}]}}