{"id":7349,"date":"2021-03-18T09:40:08","date_gmt":"2021-03-18T09:40:08","guid":{"rendered":"https:\/\/text2stick.com\/?post_type=product&#038;p=7349"},"modified":"2024-04-02T06:35:04","modified_gmt":"2024-04-02T06:35:04","slug":"klebebuchstaben","status":"publish","type":"product","link":"https:\/\/text2stick.com\/de\/vare\/klebebuchstaben\/","title":{"rendered":"Klebebuchstaben"},"content":{"rendered":"\r\n\r\n\t\t\t\t<img loading=\"lazy\" decoding=\"async\" src=\"https:\/\/text2stick.com\/wp-content\/uploads\/2023\/07\/german-anbringen.gif\" alt=\"Montage von Klebebuchstaben\" itemprop=\"image\" height=\"280\" width=\"1062\" title=\"german-anbringen\" onerror=\"this.style.display='none'\"  \/>\r\n\t<p>Folienbuchstaben eignen sich f\u00fcr viele verschiedene Zwecke. Sie k\u00f6nnen auf praktisch jeder Oberfl\u00e4che montiert werden. Deshalb sind sie f\u00fcr verschiedene Arten von Informationstafeln, Werbung und Dekorationen an verschiedenen Orten \u00e4u\u00dferst beliebt.<\/p>\r\n<p>Bei uns k\u00f6nnen wir Folienbuchstaben f\u00fcr praktisch jedes Projekt liefern &#8211; sehen Sie sich unsere Auswahl auf dieser Seite an oder kontaktieren Sie uns noch heute f\u00fcr ein Angebot.<\/p>\r\n<h2>Folienbuchstaben f\u00fcr Auto<\/h2>\r\n<p>Eine der beliebtesten Anwendungen von Folienbuchstaben ist f\u00fcr das Auto. Die Buchstaben eignen sich sowohl f\u00fcr Privatwagen als auch f\u00fcr Firmenwagen. Unsere Folienbuchstaben und selbstklebende Buchstaben sind eine ebenso effektive wie kosteng\u00fcnstige Werbeform. Indem Firmenslogan, Logo und Name auf dem Firmenwagen angebracht werden, werden Sie zum fahrenden Aush\u00e4ngeschild f\u00fcr Ihr Unternehmen.<\/p>\r\n<p>Das bedeutet, dass Sie nicht bezahlen m\u00fcssen, um Ihre Werbung im \u00f6ffentlichen Raum zu platzieren, aber trotzdem sichtbar sind, wenn Sie herumfahren. Wenn Ihr Unternehmen bei den Kunden Aufgaben erledigt, bedeutet eine Autofolie auch, dass Ihr Auto bei Ihrer Ankunft schneller erkannt wird.<\/p>\r\n<h3>Platzierung von Autofolie<\/h3>\r\n<p>Die beliebtesten Stellen, um Folientexte auf Autos anzubringen, sind die Seite und das Heck. An der Seite des Autos haben Sie die M\u00f6glichkeit, Texte in gr\u00f6\u00dferen Formaten zu erstellen, da eine gr\u00f6\u00dfere Fl\u00e4che hier vorhanden ist.<\/p>\r\n<p>Besonders beliebt ist auch das Heck des Autos, da st\u00e4ndig Autos hinter dem eigenen Auto herfahren. Das bedeutet, dass Sie dort auch verschiedene Kontaktdaten haben k\u00f6nnen. Weil der Fahrer hinter Ihnen normalerweise f\u00fcr eine lange Zeit hinter Ihnen bleibt und sich auf Ihr Auto konzentriert.<\/p>\r\n<p>Es ist auch praktisch, wenn Sie beispielsweise an einer roten Ampel anhalten oder sich auf der Autobahn eine Schlange bildet, da die Autofahrer hinter Ihnen dann Zeit haben, den Text zu lesen. Beachten Sie auch, dass das Anbringen von Folientexten an den Autoscheiben und an anderen Stellen verboten ist, wenn dies die Sicht des Fahrers beeintr\u00e4chtigt.<\/p>\r\n<h3>Das k\u00f6nnen Sie auf die Autofolie schreiben<\/h3>\r\n<p>Das Wichtigste bei einer Autofolie ist, zu zeigen, worum es bei Ihrem Unternehmen geht. Dar\u00fcber hinaus sind auch Kontaktinformationen wichtig, damit diejenigen, die die Folie sehen, Sie wiederfinden k\u00f6nnen. Eine Autofolie besteht normalerweise aus einem oder mehreren der folgenden Dinge:<\/p>\r\n<ul>\r\n<li>Name der Firma<\/li>\r\n<li>Slogan<\/li>\r\n<li>Webseite<\/li>\r\n<li>Telefonnummer<\/li>\r\n<\/ul>\r\n<p>Wenn Sie Folientexte f\u00fcr Firmenwagen und Transporter anfertigen m\u00f6chten, ist es wichtig, dass die folgenden Dinge auf beiden Seiten des Autos sichtbar sind:<\/p>\r\n<ul>\r\n<li>Name der Firma oder Logo<\/li>\r\n<\/ul>\r\n<h2>Folienbuchstaben in Gewerbebauten<\/h2>\r\n<p>Genau wie es wichtig ist, dass Sie sehen k\u00f6nnen, woher ein Firmenwagen kommt, ist es auch wichtig, dass Sie sehen k\u00f6nnen, welches Unternehmen Sie besuchen, wenn Sie durch die T\u00fcr treten. Viele verwenden gro\u00dfe Folienbuchstaben, um gro\u00dfe Schilder an den W\u00e4nden eines Empfangs zu machen.<\/p>\r\n<p>Die Folienbuchstaben sind auch super gute Alternativen zu den klassischen T\u00fcrschildern. Sie k\u00f6nnen ganz einfach zeigen, welcher Konferenzraum sich hinter einer T\u00fcr verbirgt, indem Sie eine Foliennummer direkt an der T\u00fcr anbringen. Auch hier k\u00f6nnen Sie die Buchstaben in den gleichen Farben gestalten, die in Ihrem Logo verwendet werden, sodass im gesamten Geb\u00e4ude ein harmonisches Farbspiel entsteht.<\/p>\r\n<p>Damit eignen sich die Folienbuchstaben besonders gut als deutliche und stilvolle Schilder.<\/p>\r\n<h2>Selbstklebende Buchstaben f\u00fcr Briefk\u00e4sten<\/h2>\r\n<p>Folienbuchstaben sind besonders beliebt f\u00fcr Briefk\u00e4sten. Andere Alternativen zu selbstklebenden Buchstaben und Zahlen, wie zum Beispiel Dymo-Marker und Zettel, haben oft eine k\u00fcrzere Lebensdauer. Das bedeutet, dass Sie die Etiketten f\u00fcr Ihren Briefkasten regelm\u00e4\u00dfig austauschen m\u00fcssen, damit alle Informationen noch eindeutig sind.<\/p>\r\n<p>Mit selbstklebenden Folienbuchstaben m\u00fcssen Sie sich viele Jahre lang keine Gedanken dar\u00fcber machen, ob man noch alle Namen oder die Hausnummer sehen kann. Das Wichtigste, was Sie bei der Bestellung von Folienbuchstaben f\u00fcr einen Briefkasten beachten sollten, ist, eine Farbe zu w\u00e4hlen, die den Text auf Ihrem Briefkasten gut lesbar macht. Daher sollten Sie m\u00f6glichst vermeiden, f\u00fcr einen schwarzen Briefkasten einen schwarzen Text zu w\u00e4hlen und so weiter.<\/p>\r\n<h2>Folienbuchstaben im Haus<\/h2>\r\n<p>Folientexte lassen sich auch an vielen Stellen im Haushalt einsetzen. Schon an der Haust\u00fcr k\u00f6nnen die Folienbuchstaben verwendet werden.<\/p>\r\n<p>Einige schreiben ihren Nachnamen mit Folienbuchstaben an die Haust\u00fcr. Es ist sowohl eine sch\u00f6ne als auch einzigartige Art und Weise zu zeigen, wer im Haus lebt. Die Folienbuchstaben k\u00f6nnen auch in Ihren Kinderzimmern verwendet werden. Ihre Kinder k\u00f6nnen zum Beispiel selbst ein T\u00fcrschild mit ihrem Namen darauf gestalten.<\/p>\r\n<p>Sie k\u00f6nnen auch Folientexte verwenden, um Ihre Lieblingszitate an den W\u00e4nden auszustellen. Folientexte eignen sich auch hervorragend zur Organisation Ihres Hauswirtschaftsraums oder Eingangsbereichs, wenn Sie viele \u00e4hnliche Schr\u00e4nke haben. Hier k\u00f6nnen selbstklebende Buchstaben verwendet werden, um zu zeigen, was in den Schr\u00e4nken aufbewahrt wird. Dies macht es f\u00fcr Sie einfacher, zu sehen, in welchen Schr\u00e4nken sich die Winterkleidung und in welchem Schrank sich die Putzutensilien befinden.<\/p>\r\n<h2>Entscheiden Sie das Design selbst<\/h2>\r\n<p>Bei Text2stick.com haben Sie die M\u00f6glichkeit, Ihren Folientext ganz selbst zu gestalten. Bei uns besteht der Designprozess aus 7 Schritten.<\/p>\r\n<h3>#1 Wahl von Text<\/h3>\r\n<p>Sie finden ein Textfeld, in das Sie den gew\u00fcnschten Folientext schreiben k\u00f6nnen. Bei uns k\u00f6nnen Sie beliebig viele Zeichen schreiben.<\/p>\r\n<h3>#2 Textgr\u00f6\u00dfe<\/h3>\r\n<p>Nachdem Sie Ihren Text geschrieben haben, k\u00f6nnen Sie die Buchstabenh\u00f6he w\u00e4hlen. Dass Intervall liegt zwischen 2 cm bis 58 cm. Sie m\u00fcssen sich nat\u00fcrlich dar\u00fcber im Klaren sein, dass auch die H\u00f6he der Buchstaben einen Einfluss darauf hat, wie viel Platz Ihr Folientext insgesamt einnehmen wird &#8211; auch in der L\u00e4nge.<\/p>\r\n<h3>#3 Schriftart<\/h3>\r\n<p>Nachdem Sie die H\u00f6he der Buchstaben gew\u00e4hlt haben, k\u00f6nnen Sie sich f\u00fcr die Schriftart entscheiden. Bei uns k\u00f6nnen Sie aus 25 verschiedenen Schriftarten w\u00e4hlen. Sie haben also gute Chancen, eine Schriftart zu finden, die genau zu Ihren Bed\u00fcrfnissen passt.<\/p>\r\n<h3>#4 M\u00f6glichkeit f\u00fcr Textanpassung, fett und gespiegelt<\/h3>\r\n<p>Sobald Sie den Text, die Gr\u00f6\u00dfe und die Schriftart festgelegt haben, k\u00f6nnen Sie die endg\u00fcltigen Anpassungen am Layout des Textes vornehmen. So k\u00f6nnen Sie w\u00e4hlen, welche Textausrichtung Sie m\u00f6chten. Sie k\u00f6nnen zwischen Links, Mitte und Rechts w\u00e4hlen.<\/p>\r\n<p>Sie k\u00f6nnen auch w\u00e4hlen, ob Sie den Text fett haben wollen, und ob der Text spiegelverkehrt gedruckt werden soll. Sinnvoll ist es beispielsweise, den Text spiegelverkehrt zu drucken, wenn er auf der Innenseite eines Fensters platziert werden soll, aber f\u00fcr Passanten von au\u00dfen lesbar sein soll.<\/p>\r\n<h3>#5 Farben<\/h3>\r\n<p>Wenn Sie wissen, wie der Text aussehen soll und wie das Layout sein soll, k\u00f6nnen Sie die Farben ausw\u00e4hlen. Sie haben die M\u00f6glichkeit, den Text in einer matten Oberfl\u00e4che in den Farben schwarz und wei\u00df zu erhalten.<\/p>\r\n<p>W\u00fcnschen Sie keine matte Oberfl\u00e4che, k\u00f6nnen Sie aus folgenden Farben w\u00e4hlen: Schwarz, wei\u00df, grau, kirsche, hellrot, orange, gold-gelb, hellgelb, limette, olympisches blau, tief azurblau, kobaltblau und dunkelblau.<\/p>\r\n<h3>#6 Vorschau<\/h3>\r\n<p>Auf der Vorschau sehen Sie, wie Ihr Folientext aussehen wird. Hier k\u00f6nnen Sie auch sehen, wie lang und breit der Gesamttext in Zentimetern sein wird.<\/p>\r\n<h3>#7 Menge und Preis<\/h3>\r\n<p>Als letztes k\u00f6nnen Sie die Anzahl der gew\u00fcnschten Folientexte ausw\u00e4hlen. Die Menge hat nat\u00fcrlich einen gro\u00dfen Einfluss auf den Preis, jedoch wird anhand der Anzahl automatisch ein Mengenrabatt berechnet.<\/p>\r\n<h2>Die Qualit\u00e4t unserer selbstklebenden Buchstaben und Zahlen<\/h2>\r\n<p>Unsere Folienbuchstaben sind von h\u00f6chster Qualit\u00e4t und somit sowohl f\u00fcr den Au\u00dfen- als auch f\u00fcr den Innenbereich geeignet. Die Qualit\u00e4t der Folie ist zweifellos entscheidend daf\u00fcr, wie lange ein Folientext h\u00e4lt. Unsere normale gl\u00e4nzende Folie h\u00e4lt meistens mindestens 4 Jahre im Freien und unsere matte Folie mindestens 5 Jahre im Freien.<\/p>\r\n\t\t\t\t<img loading=\"lazy\" decoding=\"async\" src=\"https:\/\/text2stick.com\/wp-content\/uploads\/2021\/03\/MG_2211.jpg\" alt=\"guide til montering af foliebogstaver\" itemprop=\"image\" height=\"768\" width=\"1024\" title=\"_MG_2211\" onerror=\"this.style.display='none'\"  \/>\r\n\t<h2>Anleitung zum Anbringen von Folienbuchstaben<\/h2>\r\n<p>Das Wichtigste f\u00fcr ein gutes Ergebnis ist, dass die Folie richtig montiert wird. Wenn Sie jeden der folgenden Schritte sorgf\u00e4ltig befolgt haben, verl\u00e4ngern Sie die Lebensdauer Ihrer Folienbuchstaben erheblich.<\/p>\r\n\t<h3>Geben Sie der Oberfl\u00e4che die richtige Temperatur<\/h3>\r\n<p>Die beste Temperatur zum Montieren von Zahlen und Buchstaben in Folie liegt bei etwa 5 Grad. Das bedeutet, dass Sie die Oberfl\u00e4che vorteilhafterweise etwas erw\u00e4rmen oder abk\u00fchlen k\u00f6nnen, bevor Sie anfangen.<\/p>\r\n<h3>Reinigen Sie die Oberfl\u00e4che<\/h3>\r\n<p>Der Folientext haftet nur schwer auf einer fettigen oder schmutzigen Oberfl\u00e4che. Es ist daher wichtig, dass Sie die Oberfl\u00e4che sorgf\u00e4ltig reinigen, bevor Sie versuchen, die Folie zu montieren. Sie k\u00f6nnen Reinigungsalkohol oder Wasser und Seife verwenden, um sicherzustellen, dass die Oberfl\u00e4che vollst\u00e4ndig sauber ist.<\/p>\r\n<h3>Markieren Sie, wo die Folie sitzen soll<\/h3>\r\n<p>Es ist schwierig, Folienbuchstaben genau richtig zu montieren, wenn Sie nicht markiert haben, wo die Folie sitzen soll. Sie k\u00f6nnen die Stelle mit einem leichten Bleistiftstrich oder Malerkrepp markieren, damit Sie einfach sehen k\u00f6nnen, wo der Text sitzen soll.<\/p>\r\n<h3>Entfernen Sie die R\u00fcckseite der Folie<\/h3>\r\n<p>Wenn Sie Ihren Folientext erhalten, gibt es ein St\u00fcck Tr\u00e4gerpapier, das die R\u00fcckseite des Aufklebers sch\u00fctzt. Es muss entfernt werden, bevor der Folientext platziert wird.<\/p>\r\n<h3>Kratzen Sie die Luftl\u00f6cher aus<\/h3>\r\n<p>Sobald Sie Ihren Folientext dort platziert haben, wo er sein soll, k\u00f6nnen Sie mit einem Folienschaber alle Luftblasen entfernen. Auf diese Weise bekommen Sie eine absolut glatte Oberfl\u00e4che auf Ihren Folientext.<\/p>\r\n<h3>Entfernen Sie die Schutzfolie<\/h3>\r\n<p>Wenn Sie mit der Anbringung Ihres Folientextes vollkommen zufrieden sind, k\u00f6nnen Sie die Schutzfolie entfernen. Sie m\u00fcssen beim Entfernen der Schutzfolie sehr vorsichtig sein, damit Sie nicht versehentlich einige der Buchstaben anheben.<\/p>\r\n\t<h2>Warum bei uns kaufen?<\/h2>\r\n<p>Bei Text2stick.com haben Sie die M\u00f6glichkeit, Ihren Folientext von Grund auf zu gestalten, sodass Sie einen Text erhalten, der perfekt zu Ihren Zwecken passt. Sie k\u00f6nnen auch sicher sein, dass das Produkt, das Sie erhalten, aus den besten Materialien hergestellt ist, damit es viele Jahre lang gut aussieht.<\/p>\r\n\r\n","protected":false},"excerpt":{"rendered":"<h1>Klebebuchstaben \u2013 Einfach selbstklebende Buchstaben bestellen<\/h1>\n<p>Das Gestalten und Bestellen von Klebebuchstaben haben wir Ihnen mit unserem Designer und Preisrechner leicht gemacht. Die Folie l\u00e4sst sich problemlos auf Autos, Fenstern, Briefk\u00e4sten, Booten und vielen anderen Oberfl\u00e4chen anbringen.<br \/>\nSie erhalten Ihren Folientext mit Transferklebeband &#8211; fertig zur einfachen Montage.<\/p>\n<ol>\n<li>Geben Sie unten einfach Ihren gew\u00fcnschten Text ein.<\/li>\n<li>Gestalten Sie Ihren Folientext, indem Sie Schriftart, Buchstabenh\u00f6he und Farbe der Folie w\u00e4hlen.<\/li>\n<li>Menge w\u00e4hlen (Das System berechnet den Mengenrabatt) und in den Warenkorb legen.<\/li>\n<\/ol>\n","protected":false},"featured_media":10564,"template":"","meta":{"_acf_changed":false,"site-sidebar-layout":"no-sidebar","site-content-layout":"default","ast-site-content-layout":"default","site-content-style":"default","site-sidebar-style":"default","ast-global-header-display":"","ast-banner-title-visibility":"","ast-main-header-display":"","ast-hfb-above-header-display":"","ast-hfb-below-header-display":"","ast-hfb-mobile-header-display":"","site-post-title":"disabled","ast-breadcrumbs-content":"","ast-featured-img":"","footer-sml-layout":"","ast-disable-related-posts":"","theme-transparent-header-meta":"default","adv-header-id-meta":"","stick-header-meta":"","header-above-stick-meta":"","header-main-stick-meta":"","header-below-stick-meta":"","astra-migrate-meta-layouts":"set","ast-page-background-enabled":"default","ast-page-background-meta":{"desktop":{"background-color":"","background-image":"","background-repeat":"repeat","background-position":"center center","background-size":"auto","background-attachment":"scroll","background-type":"","background-media":"","overlay-type":"","overlay-color":"","overlay-opacity":"","overlay-gradient":""},"tablet":{"background-color":"","background-image":"","background-repeat":"repeat","background-position":"center center","background-size":"auto","background-attachment":"scroll","background-type":"","background-media":"","overlay-type":"","overlay-color":"","overlay-opacity":"","overlay-gradient":""},"mobile":{"background-color":"","background-image":"","background-repeat":"repeat","background-position":"center center","background-size":"auto","background-attachment":"scroll","background-type":"","background-media":"","overlay-type":"","overlay-color":"","overlay-opacity":"","overlay-gradient":""}},"ast-content-background-meta":{"desktop":{"background-color":"var(--ast-global-color-5)","background-image":"","background-repeat":"repeat","background-position":"center center","background-size":"auto","background-attachment":"scroll","background-type":"","background-media":"","overlay-type":"","overlay-color":"","overlay-opacity":"","overlay-gradient":""},"tablet":{"background-color":"var(--ast-global-color-5)","background-image":"","background-repeat":"repeat","background-position":"center center","background-size":"auto","background-attachment":"scroll","background-type":"","background-media":"","overlay-type":"","overlay-color":"","overlay-opacity":"","overlay-gradient":""},"mobile":{"background-color":"var(--ast-global-color-5)","background-image":"","background-repeat":"repeat","background-position":"center center","background-size":"auto","background-attachment":"scroll","background-type":"","background-media":"","overlay-type":"","overlay-color":"","overlay-opacity":"","overlay-gradient":""}}},"product_brand":[],"product_cat":[],"product_tag":[],"class_list":{"0":"post-7349","1":"product","2":"type-product","3":"status-publish","4":"has-post-thumbnail","6":"desktop-align-center","7":"tablet-align-center","8":"mobile-align-center","9":"ast-product-gallery-layout-vertical","10":"ast-product-tabs-layout-horizontal","11":"ast-qv-on-image","13":"first","14":"instock","15":"taxable","16":"shipping-taxable","17":"purchasable","18":"product-type-simple"},"acf":[],"yoast_head":"<!-- This site is optimized with the Yoast SEO plugin v27.4 - https:\/\/yoast.com\/product\/yoast-seo-wordpress\/ -->\n<title>Klebebuchstaben - Text2stick.com<\/title>\n<meta name=\"robots\" content=\"index, follow, max-snippet:-1, max-image-preview:large, max-video-preview:-1\" \/>\n<link rel=\"canonical\" href=\"https:\/\/text2stick.com\/de\/vare\/klebebuchstaben\/\" \/>\n<meta property=\"og:locale\" content=\"de_DE\" \/>\n<meta property=\"og:type\" content=\"article\" \/>\n<meta property=\"og:title\" content=\"Klebebuchstaben - Text2stick.com\" \/>\n<meta property=\"og:description\" content=\"Klebebuchstaben \u2013 Einfach selbstklebende Buchstaben bestellen Das Gestalten und Bestellen von Klebebuchstaben haben wir Ihnen mit unserem Designer und Preisrechner leicht gemacht. Die Folie l\u00e4sst sich problemlos auf Autos, Fenstern, Briefk\u00e4sten, Booten und vielen anderen Oberfl\u00e4chen anbringen. Sie erhalten Ihren Folientext mit Transferklebeband - fertig zur einfachen Montage.  Geben Sie unten einfach Ihren gew\u00fcnschten Text ein. Gestalten Sie Ihren Folientext, indem Sie Schriftart, Buchstabenh\u00f6he und Farbe der Folie w\u00e4hlen. Menge w\u00e4hlen (Das System berechnet den Mengenrabatt) und in den Warenkorb legen.\" \/>\n<meta property=\"og:url\" content=\"https:\/\/text2stick.com\/de\/vare\/klebebuchstaben\/\" \/>\n<meta property=\"og:site_name\" content=\"Text2stick.com\" \/>\n<meta property=\"article:modified_time\" content=\"2024-04-02T06:35:04+00:00\" \/>\n<meta property=\"og:image\" content=\"https:\/\/text2stick.com\/wp-content\/uploads\/2021\/03\/klebebuchstaben.jpg\" \/>\n\t<meta property=\"og:image:width\" content=\"1024\" \/>\n\t<meta property=\"og:image:height\" content=\"768\" \/>\n\t<meta property=\"og:image:type\" content=\"image\/jpeg\" \/>\n<meta name=\"twitter:card\" content=\"summary_large_image\" \/>\n<meta name=\"twitter:label1\" content=\"Gesch\u00e4tzte Lesezeit\" \/>\n\t<meta name=\"twitter:data1\" content=\"9\u00a0Minuten\" \/>\n<script type=\"application\/ld+json\" class=\"yoast-schema-graph\">{\"@context\":\"https:\\\/\\\/schema.org\",\"@graph\":[{\"@type\":\"WebPage\",\"@id\":\"https:\\\/\\\/text2stick.com\\\/de\\\/vare\\\/klebebuchstaben\\\/\",\"url\":\"https:\\\/\\\/text2stick.com\\\/de\\\/vare\\\/klebebuchstaben\\\/\",\"name\":\"Klebebuchstaben - Text2stick.com\",\"isPartOf\":{\"@id\":\"https:\\\/\\\/text2stick.com\\\/#website\"},\"primaryImageOfPage\":{\"@id\":\"https:\\\/\\\/text2stick.com\\\/de\\\/vare\\\/klebebuchstaben\\\/#primaryimage\"},\"image\":{\"@id\":\"https:\\\/\\\/text2stick.com\\\/de\\\/vare\\\/klebebuchstaben\\\/#primaryimage\"},\"thumbnailUrl\":\"https:\\\/\\\/text2stick.com\\\/wp-content\\\/uploads\\\/2021\\\/03\\\/klebebuchstaben.jpg\",\"datePublished\":\"2021-03-18T09:40:08+00:00\",\"dateModified\":\"2024-04-02T06:35:04+00:00\",\"breadcrumb\":{\"@id\":\"https:\\\/\\\/text2stick.com\\\/de\\\/vare\\\/klebebuchstaben\\\/#breadcrumb\"},\"inLanguage\":\"de\",\"potentialAction\":[{\"@type\":\"ReadAction\",\"target\":[\"https:\\\/\\\/text2stick.com\\\/de\\\/vare\\\/klebebuchstaben\\\/\"]}]},{\"@type\":\"ImageObject\",\"inLanguage\":\"de\",\"@id\":\"https:\\\/\\\/text2stick.com\\\/de\\\/vare\\\/klebebuchstaben\\\/#primaryimage\",\"url\":\"https:\\\/\\\/text2stick.com\\\/wp-content\\\/uploads\\\/2021\\\/03\\\/klebebuchstaben.jpg\",\"contentUrl\":\"https:\\\/\\\/text2stick.com\\\/wp-content\\\/uploads\\\/2021\\\/03\\\/klebebuchstaben.jpg\",\"width\":1024,\"height\":768,\"caption\":\"klebebuchstaben\"},{\"@type\":\"BreadcrumbList\",\"@id\":\"https:\\\/\\\/text2stick.com\\\/de\\\/vare\\\/klebebuchstaben\\\/#breadcrumb\",\"itemListElement\":[{\"@type\":\"ListItem\",\"position\":1,\"name\":\"Hjem\",\"item\":\"https:\\\/\\\/text2stick.com\\\/de\\\/\"},{\"@type\":\"ListItem\",\"position\":2,\"name\":\"Shop\",\"item\":\"https:\\\/\\\/text2stick.com\\\/shop-2\\\/\"},{\"@type\":\"ListItem\",\"position\":3,\"name\":\"Klebebuchstaben\"}]},{\"@type\":\"WebSite\",\"@id\":\"https:\\\/\\\/text2stick.com\\\/#website\",\"url\":\"https:\\\/\\\/text2stick.com\\\/\",\"name\":\"Text2stick.com\",\"description\":\"Just another WordPress site\",\"publisher\":{\"@id\":\"https:\\\/\\\/text2stick.com\\\/#organization\"},\"potentialAction\":[{\"@type\":\"SearchAction\",\"target\":{\"@type\":\"EntryPoint\",\"urlTemplate\":\"https:\\\/\\\/text2stick.com\\\/?s={search_term_string}\"},\"query-input\":{\"@type\":\"PropertyValueSpecification\",\"valueRequired\":true,\"valueName\":\"search_term_string\"}}],\"inLanguage\":\"de\"},{\"@type\":\"Organization\",\"@id\":\"https:\\\/\\\/text2stick.com\\\/#organization\",\"name\":\"Text2stick.com\",\"url\":\"https:\\\/\\\/text2stick.com\\\/\",\"logo\":{\"@type\":\"ImageObject\",\"inLanguage\":\"de\",\"@id\":\"https:\\\/\\\/text2stick.com\\\/#\\\/schema\\\/logo\\\/image\\\/\",\"url\":\"https:\\\/\\\/text2stick.com\\\/wp-content\\\/uploads\\\/2021\\\/05\\\/TEXT2STICK-logo.png\",\"contentUrl\":\"https:\\\/\\\/text2stick.com\\\/wp-content\\\/uploads\\\/2021\\\/05\\\/TEXT2STICK-logo.png\",\"width\":662,\"height\":120,\"caption\":\"Text2stick.com\"},\"image\":{\"@id\":\"https:\\\/\\\/text2stick.com\\\/#\\\/schema\\\/logo\\\/image\\\/\"}}]}<\/script>\n<!-- \/ Yoast SEO plugin. -->","yoast_head_json":{"title":"Klebebuchstaben - Text2stick.com","robots":{"index":"index","follow":"follow","max-snippet":"max-snippet:-1","max-image-preview":"max-image-preview:large","max-video-preview":"max-video-preview:-1"},"canonical":"https:\/\/text2stick.com\/de\/vare\/klebebuchstaben\/","og_locale":"de_DE","og_type":"article","og_title":"Klebebuchstaben - Text2stick.com","og_description":"Klebebuchstaben \u2013 Einfach selbstklebende Buchstaben bestellen Das Gestalten und Bestellen von Klebebuchstaben haben wir Ihnen mit unserem Designer und Preisrechner leicht gemacht. Die Folie l\u00e4sst sich problemlos auf Autos, Fenstern, Briefk\u00e4sten, Booten und vielen anderen Oberfl\u00e4chen anbringen. Sie erhalten Ihren Folientext mit Transferklebeband - fertig zur einfachen Montage.  Geben Sie unten einfach Ihren gew\u00fcnschten Text ein. Gestalten Sie Ihren Folientext, indem Sie Schriftart, Buchstabenh\u00f6he und Farbe der Folie w\u00e4hlen. Menge w\u00e4hlen (Das System berechnet den Mengenrabatt) und in den Warenkorb legen.","og_url":"https:\/\/text2stick.com\/de\/vare\/klebebuchstaben\/","og_site_name":"Text2stick.com","article_modified_time":"2024-04-02T06:35:04+00:00","og_image":[{"width":1024,"height":768,"url":"https:\/\/text2stick.com\/wp-content\/uploads\/2021\/03\/klebebuchstaben.jpg","type":"image\/jpeg"}],"twitter_card":"summary_large_image","twitter_misc":{"Gesch\u00e4tzte Lesezeit":"9\u00a0Minuten"},"schema":{"@context":"https:\/\/schema.org","@graph":[{"@type":"WebPage","@id":"https:\/\/text2stick.com\/de\/vare\/klebebuchstaben\/","url":"https:\/\/text2stick.com\/de\/vare\/klebebuchstaben\/","name":"Klebebuchstaben - Text2stick.com","isPartOf":{"@id":"https:\/\/text2stick.com\/#website"},"primaryImageOfPage":{"@id":"https:\/\/text2stick.com\/de\/vare\/klebebuchstaben\/#primaryimage"},"image":{"@id":"https:\/\/text2stick.com\/de\/vare\/klebebuchstaben\/#primaryimage"},"thumbnailUrl":"https:\/\/text2stick.com\/wp-content\/uploads\/2021\/03\/klebebuchstaben.jpg","datePublished":"2021-03-18T09:40:08+00:00","dateModified":"2024-04-02T06:35:04+00:00","breadcrumb":{"@id":"https:\/\/text2stick.com\/de\/vare\/klebebuchstaben\/#breadcrumb"},"inLanguage":"de","potentialAction":[{"@type":"ReadAction","target":["https:\/\/text2stick.com\/de\/vare\/klebebuchstaben\/"]}]},{"@type":"ImageObject","inLanguage":"de","@id":"https:\/\/text2stick.com\/de\/vare\/klebebuchstaben\/#primaryimage","url":"https:\/\/text2stick.com\/wp-content\/uploads\/2021\/03\/klebebuchstaben.jpg","contentUrl":"https:\/\/text2stick.com\/wp-content\/uploads\/2021\/03\/klebebuchstaben.jpg","width":1024,"height":768,"caption":"klebebuchstaben"},{"@type":"BreadcrumbList","@id":"https:\/\/text2stick.com\/de\/vare\/klebebuchstaben\/#breadcrumb","itemListElement":[{"@type":"ListItem","position":1,"name":"Hjem","item":"https:\/\/text2stick.com\/de\/"},{"@type":"ListItem","position":2,"name":"Shop","item":"https:\/\/text2stick.com\/shop-2\/"},{"@type":"ListItem","position":3,"name":"Klebebuchstaben"}]},{"@type":"WebSite","@id":"https:\/\/text2stick.com\/#website","url":"https:\/\/text2stick.com\/","name":"Text2stick.com","description":"Just another WordPress site","publisher":{"@id":"https:\/\/text2stick.com\/#organization"},"potentialAction":[{"@type":"SearchAction","target":{"@type":"EntryPoint","urlTemplate":"https:\/\/text2stick.com\/?s={search_term_string}"},"query-input":{"@type":"PropertyValueSpecification","valueRequired":true,"valueName":"search_term_string"}}],"inLanguage":"de"},{"@type":"Organization","@id":"https:\/\/text2stick.com\/#organization","name":"Text2stick.com","url":"https:\/\/text2stick.com\/","logo":{"@type":"ImageObject","inLanguage":"de","@id":"https:\/\/text2stick.com\/#\/schema\/logo\/image\/","url":"https:\/\/text2stick.com\/wp-content\/uploads\/2021\/05\/TEXT2STICK-logo.png","contentUrl":"https:\/\/text2stick.com\/wp-content\/uploads\/2021\/05\/TEXT2STICK-logo.png","width":662,"height":120,"caption":"Text2stick.com"},"image":{"@id":"https:\/\/text2stick.com\/#\/schema\/logo\/image\/"}}]}},"_links":{"self":[{"href":"https:\/\/text2stick.com\/de\/wp-json\/wp\/v2\/product\/7349","targetHints":{"allow":["GET"]}}],"collection":[{"href":"https:\/\/text2stick.com\/de\/wp-json\/wp\/v2\/product"}],"about":[{"href":"https:\/\/text2stick.com\/de\/wp-json\/wp\/v2\/types\/product"}],"wp:featuredmedia":[{"embeddable":true,"href":"https:\/\/text2stick.com\/de\/wp-json\/wp\/v2\/media\/10564"}],"wp:attachment":[{"href":"https:\/\/text2stick.com\/de\/wp-json\/wp\/v2\/media?parent=7349"}],"wp:term":[{"taxonomy":"product_brand","embeddable":true,"href":"https:\/\/text2stick.com\/de\/wp-json\/wp\/v2\/product_brand?post=7349"},{"taxonomy":"product_cat","embeddable":true,"href":"https:\/\/text2stick.com\/de\/wp-json\/wp\/v2\/product_cat?post=7349"},{"taxonomy":"product_tag","embeddable":true,"href":"https:\/\/text2stick.com\/de\/wp-json\/wp\/v2\/product_tag?post=7349"}],"curies":[{"name":"wp","href":"https:\/\/api.w.org\/{rel}","templated":true}]}}