{"id":7395,"date":"2022-01-28T08:07:52","date_gmt":"2022-01-28T08:07:52","guid":{"rendered":"https:\/\/text2stick.com\/?post_type=product&#038;p=7395"},"modified":"2024-04-02T06:38:31","modified_gmt":"2024-04-02T06:38:31","slug":"fahrzeugbeschriftung","status":"publish","type":"product","link":"https:\/\/text2stick.com\/de\/vare\/fahrzeugbeschriftung\/","title":{"rendered":"Fahrzeugbeschriftung"},"content":{"rendered":"\r\n\r\n\t\t\t\t<img loading=\"lazy\" decoding=\"async\" src=\"https:\/\/text2stick.com\/wp-content\/uploads\/2023\/07\/german-anbringen.gif\" alt=\"Montage von Klebebuchstaben\" itemprop=\"image\" height=\"280\" width=\"1062\" title=\"german-anbringen\" onerror=\"this.style.display='none'\"  \/>\r\n\t<h2>Warum sollte ich mein Auto folieren?<\/h2>\r\nFolientexte f\u00fcr Autos haben viele Vorteile.<br \/>\r\n Dar\u00fcber hinaus ist Autowerbung auch eine einfache, aber effektive Form des Marketings. Sie passieren wahrscheinlich t\u00e4glich viele hunderte, wenn nicht tausende Autofahrer, Radfahrer und Fu\u00dfg\u00e4nger. An all diese Passanten k\u00f6nnen Sie eine Werbebotschaft senden &#8211; indem Sie Ihr Auto folieren.<br \/>\r\nEs liegt also auf der Hand, dass Sie sich f\u00fcr eine Autobeklebung mit Werbebotschaft entscheiden.\r\nWirksame Werbung rund um die Uhr<br \/>\r\nWenn Sie oft auf deutschen Stra\u00dfen unterwegs sind, wird Ihre Autowerbung t\u00e4glich von hunderten, wenn nicht tausenden Deutschen gesehen.\r\n<p>Handelt es sich um einen Firmenwagen, der viele Stunden am Tag auf der Stra\u00dfe verbringt, wird die Zahl potenzieller Kunden, die die Werbung sehen, nur noch gr\u00f6\u00dfer. Wenn Sie auf \u00f6ffentlichen Parkpl\u00e4tzen etc. parken, wird Ihre Werbung auch von Passanten gesehen.<\/p>\r\n<p>Allein durch die Anfertigung eines Logos in Folie, das Sie auf Ihrem Firmenwagen anbringen k\u00f6nnen, k\u00f6nnen Sie rund um die Uhr f\u00fcr das Unternehmen werben. Auch wenn Sie das Auto nicht fahren.<\/p>\r\n<h3>H\u00e4lt viele Jahre<\/h3>\r\n<p>Einer der gr\u00f6\u00dften Vorteile von Autoaufklebern ist, dass sie nur einmal gekauft werden m\u00fcssen. F\u00fcr diese Art von Marketing fallen keine laufenden Kosten an, wie dies bei vielen anderen der Fall ist. So k\u00f6nnen Sie Ihr Gesch\u00e4ft viele Jahre lang vermarkten, wenn Sie Ihr Auto mit Folie beklebt haben.<\/p>\r\n<p>Die Aufkleber bestehen aus strapazierf\u00e4higer Folie, die viele Jahre h\u00e4lt. Deshalb ist es eine sehr g\u00fcnstige Form des Marketings, bei der man nur die Folie selbst bezahlen muss, und keine laufenden Kosten hat.<\/p>\r\n<h2>Gestalten Sie Ihre eigenen Autoaufkleber<\/h2>\r\n<p>Wenn Sie bei Text2stick Folie f\u00fcr Auto kaufen, k\u00f6nnen Sie den Text selbst gestalten. Sie haben die M\u00f6glichkeit, w\u00e4hrend des Designprozesses verschiedene Dinge zu \u00e4ndern. Mehr dazu in den folgenden Abschnitten.<\/p>\r\n<h3>Gr\u00f6\u00dfe des Textes<\/h3>\r\n<p>Nachdem Sie den gew\u00fcnschten Text eingegeben haben, k\u00f6nnen Sie die H\u00f6he der Buchstaben \u00e4ndern. Bei Text2stick k\u00f6nnen Sie die H\u00f6he von 2 bis 58 cm einstellen, weshalb es m\u00f6glich ist, eine geeignete H\u00f6he zu finden, unabh\u00e4ngig davon, was der Zweck des Textes ist und unabh\u00e4ngig davon, wie gro\u00df das Auto ist.<\/p>\r\n<p>Bei der Wahl der Buchstabenh\u00f6he ist zu beachten, dass diese auch Einfluss auf die Gesamtgr\u00f6\u00dfe des Folientextes hat. Denn wenn Sie die Buchstaben h\u00f6her machen, machen Sie sie auch l\u00e4nger.<\/p>\r\n<h3>Schriftart<\/h3>\r\n<p>Nachdem Sie die gew\u00fcnschte H\u00f6he Ihrer Buchstaben festgelegt haben, w\u00e4hlen Sie im n\u00e4chsten Schritt eine Schriftart aus. Bei Text2stick haben wir nicht nur eine Schriftart, die verwendet werden kann. Stattdessen k\u00f6nnen Sie zwischen 25 verschiedenen Schriftarten w\u00e4hlen.<\/p>\r\n<p>Daher m\u00fcssen Sie sich keine Gedanken dar\u00fcber machen, ob Sie eine Schriftart finden, die Ihren Anforderungen entspricht. Dar\u00fcber hinaus ist Ihnen auch garantiert, dass eine der 25 Schriftarten mit dem anderen Branding rund um Ihr Unternehmen harmoniert.<\/p>\r\n<h3>Andere Textanpassung<\/h3>\r\n<p>Wenn Text, Gr\u00f6\u00dfe und Schriftart unter Kontrolle sind, ist es an der Zeit, die letzten Anpassungen vorzunehmen. Denn es ist entscheidend, dass Sie den Folientext mit der richtigen Ausrichtung erstellen.<\/p>\r\n<p>Soll ein l\u00e4ngerer Text aus Folie ausgeschnitten werden, kann die gew\u00fcnschte Textausrichtung gew\u00e4hlt werden. Hier haben Sie die M\u00f6glichkeit, zwischen links, mitte und rechts zu w\u00e4hlen.<\/p>\r\n<p>Wenn Sie m\u00f6chten, dass der Text deutlicher und sichtbarer ist, k\u00f6nnen Sie auch danach fragen, dass der Text fett gedruckt wird. Dies ist vor allem dann von Vorteil, wenn Sie auf Ihrem Auto einen anderen Folientext haben und diesen Text besonders hervorheben m\u00f6chten.<\/p>\r\n<h3>Farbenwahl<\/h3>\r\n<p>Wenn Sie wissen, wie der Text und das Layout aussehen sollen, haben Sie auch die M\u00f6glichkeit, eine Farbe auszuw\u00e4hlen. Nicht alle m\u00f6chten, dass der Text auf dem Auto schwarz oder wei\u00df ist. Deshalb ist es nat\u00fcrlich auch m\u00f6glich, unz\u00e4hlige andere Farben zu w\u00e4hlen.<\/p>\r\n<p>Wenn Sie keine matte Oberfl\u00e4che w\u00fcnschen, k\u00f6nnen Sie zwischen 13 verschiedenen Farben w\u00e4hlen. Daher kann der Text alles von tiefblau oder orange bis hin zu schwarz oder wei\u00df sein.<\/p>\r\n<p>Wenn Sie die Anforderung haben, dass der Folientext auf Ihrem Auto eine matte Oberfl\u00e4che haben soll, sind Ihre M\u00f6glichkeiten jedoch eingeschr\u00e4nkter. Dann k\u00f6nnen Sie nur zwischen schwarz und wei\u00df w\u00e4hlen.<\/p>\r\n<h2>Folienbuchstaben f\u00fcrs Auto sind einfach anzubringen und zu pflegen<\/h2>\r\n<p>Haben Sie dar\u00fcber nachgedacht, Ihr Auto zu folieren? Aber haben Sie bisher gez\u00f6gert, weil Sie Zweifel an den Voraussetzungen f\u00fcr Montage und Pflege haben? In diesem Fall brauchen Sie nicht zu z\u00f6gern. Denn es ist einfach, Folie an Ihrem Auto anzubringen und zu pflegen.<\/p>\r\n<p>Da das Anbringen der Folie recht einfach ist, ist es kein Problem, dies selbst zu tun. Wenn es sich um ein gr\u00f6\u00dferes St\u00fcck Folientext handelt, kann es aber von Vorteil sein, vier H\u00e4nde daf\u00fcr zu haben. Sobald Sie die Folie montiert haben, ist jedoch keine Pflege damit verbunden.<\/p>\r\n<p>Folie und Aufkleber f\u00fcr Autos sind Pflegefrei. Allerdings sollten Sie Ihr Auto regelm\u00e4ssig waschen, damit die Folie immer sichtbar ist. Die meisten Menschen tun dies jedoch sowieso, weshalb es kein au\u00dfergew\u00f6hnliches Bed\u00fcrfnis ist, einfach weil Sie sich daf\u00fcr entschieden haben, Ihr Auto folieren zu lassen.<\/p>\r\n\r\n","protected":false},"excerpt":{"rendered":"<h1>Fahrzeugbeschriftung<\/h1>\n<p>Sind Sie oft mit Ihrem Firmenwagen unterwegs? Dann liegt es nahe, die damit verbundene Werbem\u00f6glichkeit zu nutzen. Das tun Sie am besten mit einer Form von Autowerbung auf dem Firmenwagen.<\/p>\n<p>Ob Ihre Werbung am Auto aus einem festen Angebot, Ihrem Firmenlogo oder einfach nur Ihren Kontaktdaten bestehen soll, bleibt Ihnen \u00fcberlassen. Egal wof\u00fcr Sie sich entscheiden, wir helfen Ihnen bei Text2stick die gew\u00fcnschte Folie f\u00fcr das Auto anzufertigen.<br \/>\n <strong>Bestellen Sie Folienbuchstaben f\u00fcr Fenster mit Transferklebeband &#8211; fertig f\u00fcr die einfache Montage.<\/strong><\/p>\n<ol>\n<li>Geben Sie Ihren gew\u00fcnschten Folientext in den Rechner unten ein.<\/li>\n<li>Gestalten Sie den Folientext, indem Sie Schriftart, Texth\u00f6he und gew\u00fcnschte Farbe ausw\u00e4hlen.<\/li>\n<li>Menge w\u00e4hlen (Unser System berechnet automatisch den Mengenrabatt)<\/li>\n<\/ol>\n<p>Sollten Sie andere Motive wie Logos in geschnittener Folie ben\u00f6tigen, sprechen Sie uns bitte an: <a href=\"https:\/\/text2stick.com\/de\/kontakt\/\"><button>KONTAKTIEREN SIE UNS<\/button><\/a><\/p>\n","protected":false},"featured_media":7344,"template":"","meta":{"_acf_changed":false,"site-sidebar-layout":"no-sidebar","site-content-layout":"default","ast-site-content-layout":"default","site-content-style":"default","site-sidebar-style":"default","ast-global-header-display":"","ast-banner-title-visibility":"","ast-main-header-display":"","ast-hfb-above-header-display":"","ast-hfb-below-header-display":"","ast-hfb-mobile-header-display":"","site-post-title":"","ast-breadcrumbs-content":"","ast-featured-img":"","footer-sml-layout":"","ast-disable-related-posts":"","theme-transparent-header-meta":"default","adv-header-id-meta":"","stick-header-meta":"","header-above-stick-meta":"","header-main-stick-meta":"","header-below-stick-meta":"","astra-migrate-meta-layouts":"set","ast-page-background-enabled":"default","ast-page-background-meta":{"desktop":{"background-color":"","background-image":"","background-repeat":"repeat","background-position":"center center","background-size":"auto","background-attachment":"scroll","background-type":"","background-media":"","overlay-type":"","overlay-color":"","overlay-opacity":"","overlay-gradient":""},"tablet":{"background-color":"","background-image":"","background-repeat":"repeat","background-position":"center center","background-size":"auto","background-attachment":"scroll","background-type":"","background-media":"","overlay-type":"","overlay-color":"","overlay-opacity":"","overlay-gradient":""},"mobile":{"background-color":"","background-image":"","background-repeat":"repeat","background-position":"center center","background-size":"auto","background-attachment":"scroll","background-type":"","background-media":"","overlay-type":"","overlay-color":"","overlay-opacity":"","overlay-gradient":""}},"ast-content-background-meta":{"desktop":{"background-color":"var(--ast-global-color-5)","background-image":"","background-repeat":"repeat","background-position":"center center","background-size":"auto","background-attachment":"scroll","background-type":"","background-media":"","overlay-type":"","overlay-color":"","overlay-opacity":"","overlay-gradient":""},"tablet":{"background-color":"var(--ast-global-color-5)","background-image":"","background-repeat":"repeat","background-position":"center center","background-size":"auto","background-attachment":"scroll","background-type":"","background-media":"","overlay-type":"","overlay-color":"","overlay-opacity":"","overlay-gradient":""},"mobile":{"background-color":"var(--ast-global-color-5)","background-image":"","background-repeat":"repeat","background-position":"center center","background-size":"auto","background-attachment":"scroll","background-type":"","background-media":"","overlay-type":"","overlay-color":"","overlay-opacity":"","overlay-gradient":""}}},"product_brand":[],"product_cat":[],"product_tag":[],"class_list":{"0":"post-7395","1":"product","2":"type-product","3":"status-publish","4":"has-post-thumbnail","6":"desktop-align-center","7":"tablet-align-center","8":"mobile-align-center","9":"ast-product-gallery-layout-vertical","10":"ast-product-tabs-layout-horizontal","11":"ast-qv-on-image","13":"first","14":"instock","15":"taxable","16":"shipping-taxable","17":"purchasable","18":"product-type-simple"},"acf":[],"yoast_head":"<!-- This site is optimized with the Yoast SEO plugin v27.4 - https:\/\/yoast.com\/product\/yoast-seo-wordpress\/ -->\n<title>Fahrzeugbeschriftung - Text2stick.com<\/title>\n<meta name=\"robots\" content=\"index, follow, max-snippet:-1, max-image-preview:large, max-video-preview:-1\" \/>\n<link rel=\"canonical\" href=\"https:\/\/text2stick.com\/de\/vare\/fahrzeugbeschriftung\/\" \/>\n<meta property=\"og:locale\" content=\"de_DE\" \/>\n<meta property=\"og:type\" content=\"article\" \/>\n<meta property=\"og:title\" content=\"Fahrzeugbeschriftung - Text2stick.com\" \/>\n<meta property=\"og:description\" content=\"Fahrzeugbeschriftung Sind Sie oft mit Ihrem Firmenwagen unterwegs? Dann liegt es nahe, die damit verbundene Werbem\u00f6glichkeit zu nutzen. Das tun Sie am besten mit einer Form von Autowerbung auf dem Firmenwagen.   Ob Ihre Werbung am Auto aus einem festen Angebot, Ihrem Firmenlogo oder einfach nur Ihren Kontaktdaten bestehen soll, bleibt Ihnen \u00fcberlassen. Egal wof\u00fcr Sie sich entscheiden, wir helfen Ihnen bei Text2stick die gew\u00fcnschte Folie f\u00fcr das Auto anzufertigen.  Bestellen Sie Folienbuchstaben f\u00fcr Fenster mit Transferklebeband - fertig f\u00fcr die einfache Montage.  Geben Sie Ihren gew\u00fcnschten Folientext in den Rechner unten ein. Gestalten Sie den Folientext, indem Sie Schriftart, Texth\u00f6he und gew\u00fcnschte Farbe ausw\u00e4hlen. Menge w\u00e4hlen (Unser System berechnet automatisch den Mengenrabatt)  Sollten Sie andere Motive wie Logos in geschnittener Folie ben\u00f6tigen, sprechen Sie uns bitte an: KONTAKTIEREN SIE UNS\" \/>\n<meta property=\"og:url\" content=\"https:\/\/text2stick.com\/de\/vare\/fahrzeugbeschriftung\/\" \/>\n<meta property=\"og:site_name\" content=\"Text2stick.com\" \/>\n<meta property=\"article:modified_time\" content=\"2024-04-02T06:38:31+00:00\" \/>\n<meta property=\"og:image\" content=\"https:\/\/text2stick.com\/wp-content\/uploads\/2022\/01\/klistermaerker-til-bil.jpg\" \/>\n\t<meta property=\"og:image:width\" content=\"1024\" \/>\n\t<meta property=\"og:image:height\" content=\"768\" \/>\n\t<meta property=\"og:image:type\" content=\"image\/jpeg\" \/>\n<meta name=\"twitter:card\" content=\"summary_large_image\" \/>\n<meta name=\"twitter:label1\" content=\"Gesch\u00e4tzte Lesezeit\" \/>\n\t<meta name=\"twitter:data1\" content=\"5\u00a0Minuten\" \/>\n<script type=\"application\/ld+json\" class=\"yoast-schema-graph\">{\"@context\":\"https:\\\/\\\/schema.org\",\"@graph\":[{\"@type\":\"WebPage\",\"@id\":\"https:\\\/\\\/text2stick.com\\\/de\\\/vare\\\/fahrzeugbeschriftung\\\/\",\"url\":\"https:\\\/\\\/text2stick.com\\\/de\\\/vare\\\/fahrzeugbeschriftung\\\/\",\"name\":\"Fahrzeugbeschriftung - Text2stick.com\",\"isPartOf\":{\"@id\":\"https:\\\/\\\/text2stick.com\\\/#website\"},\"primaryImageOfPage\":{\"@id\":\"https:\\\/\\\/text2stick.com\\\/de\\\/vare\\\/fahrzeugbeschriftung\\\/#primaryimage\"},\"image\":{\"@id\":\"https:\\\/\\\/text2stick.com\\\/de\\\/vare\\\/fahrzeugbeschriftung\\\/#primaryimage\"},\"thumbnailUrl\":\"https:\\\/\\\/text2stick.com\\\/wp-content\\\/uploads\\\/2022\\\/01\\\/klistermaerker-til-bil.jpg\",\"datePublished\":\"2022-01-28T08:07:52+00:00\",\"dateModified\":\"2024-04-02T06:38:31+00:00\",\"breadcrumb\":{\"@id\":\"https:\\\/\\\/text2stick.com\\\/de\\\/vare\\\/fahrzeugbeschriftung\\\/#breadcrumb\"},\"inLanguage\":\"de\",\"potentialAction\":[{\"@type\":\"ReadAction\",\"target\":[\"https:\\\/\\\/text2stick.com\\\/de\\\/vare\\\/fahrzeugbeschriftung\\\/\"]}]},{\"@type\":\"ImageObject\",\"inLanguage\":\"de\",\"@id\":\"https:\\\/\\\/text2stick.com\\\/de\\\/vare\\\/fahrzeugbeschriftung\\\/#primaryimage\",\"url\":\"https:\\\/\\\/text2stick.com\\\/wp-content\\\/uploads\\\/2022\\\/01\\\/klistermaerker-til-bil.jpg\",\"contentUrl\":\"https:\\\/\\\/text2stick.com\\\/wp-content\\\/uploads\\\/2022\\\/01\\\/klistermaerker-til-bil.jpg\",\"width\":1024,\"height\":768},{\"@type\":\"BreadcrumbList\",\"@id\":\"https:\\\/\\\/text2stick.com\\\/de\\\/vare\\\/fahrzeugbeschriftung\\\/#breadcrumb\",\"itemListElement\":[{\"@type\":\"ListItem\",\"position\":1,\"name\":\"Hjem\",\"item\":\"https:\\\/\\\/text2stick.com\\\/de\\\/\"},{\"@type\":\"ListItem\",\"position\":2,\"name\":\"Shop\",\"item\":\"https:\\\/\\\/text2stick.com\\\/shop-2\\\/\"},{\"@type\":\"ListItem\",\"position\":3,\"name\":\"Fahrzeugbeschriftung\"}]},{\"@type\":\"WebSite\",\"@id\":\"https:\\\/\\\/text2stick.com\\\/#website\",\"url\":\"https:\\\/\\\/text2stick.com\\\/\",\"name\":\"Text2stick.com\",\"description\":\"Just another WordPress site\",\"publisher\":{\"@id\":\"https:\\\/\\\/text2stick.com\\\/#organization\"},\"potentialAction\":[{\"@type\":\"SearchAction\",\"target\":{\"@type\":\"EntryPoint\",\"urlTemplate\":\"https:\\\/\\\/text2stick.com\\\/?s={search_term_string}\"},\"query-input\":{\"@type\":\"PropertyValueSpecification\",\"valueRequired\":true,\"valueName\":\"search_term_string\"}}],\"inLanguage\":\"de\"},{\"@type\":\"Organization\",\"@id\":\"https:\\\/\\\/text2stick.com\\\/#organization\",\"name\":\"Text2stick.com\",\"url\":\"https:\\\/\\\/text2stick.com\\\/\",\"logo\":{\"@type\":\"ImageObject\",\"inLanguage\":\"de\",\"@id\":\"https:\\\/\\\/text2stick.com\\\/#\\\/schema\\\/logo\\\/image\\\/\",\"url\":\"https:\\\/\\\/text2stick.com\\\/wp-content\\\/uploads\\\/2021\\\/05\\\/TEXT2STICK-logo.png\",\"contentUrl\":\"https:\\\/\\\/text2stick.com\\\/wp-content\\\/uploads\\\/2021\\\/05\\\/TEXT2STICK-logo.png\",\"width\":662,\"height\":120,\"caption\":\"Text2stick.com\"},\"image\":{\"@id\":\"https:\\\/\\\/text2stick.com\\\/#\\\/schema\\\/logo\\\/image\\\/\"}}]}<\/script>\n<!-- \/ Yoast SEO plugin. -->","yoast_head_json":{"title":"Fahrzeugbeschriftung - Text2stick.com","robots":{"index":"index","follow":"follow","max-snippet":"max-snippet:-1","max-image-preview":"max-image-preview:large","max-video-preview":"max-video-preview:-1"},"canonical":"https:\/\/text2stick.com\/de\/vare\/fahrzeugbeschriftung\/","og_locale":"de_DE","og_type":"article","og_title":"Fahrzeugbeschriftung - Text2stick.com","og_description":"Fahrzeugbeschriftung Sind Sie oft mit Ihrem Firmenwagen unterwegs? Dann liegt es nahe, die damit verbundene Werbem\u00f6glichkeit zu nutzen. Das tun Sie am besten mit einer Form von Autowerbung auf dem Firmenwagen.   Ob Ihre Werbung am Auto aus einem festen Angebot, Ihrem Firmenlogo oder einfach nur Ihren Kontaktdaten bestehen soll, bleibt Ihnen \u00fcberlassen. Egal wof\u00fcr Sie sich entscheiden, wir helfen Ihnen bei Text2stick die gew\u00fcnschte Folie f\u00fcr das Auto anzufertigen.  Bestellen Sie Folienbuchstaben f\u00fcr Fenster mit Transferklebeband - fertig f\u00fcr die einfache Montage.  Geben Sie Ihren gew\u00fcnschten Folientext in den Rechner unten ein. Gestalten Sie den Folientext, indem Sie Schriftart, Texth\u00f6he und gew\u00fcnschte Farbe ausw\u00e4hlen. Menge w\u00e4hlen (Unser System berechnet automatisch den Mengenrabatt)  Sollten Sie andere Motive wie Logos in geschnittener Folie ben\u00f6tigen, sprechen Sie uns bitte an: KONTAKTIEREN SIE UNS","og_url":"https:\/\/text2stick.com\/de\/vare\/fahrzeugbeschriftung\/","og_site_name":"Text2stick.com","article_modified_time":"2024-04-02T06:38:31+00:00","og_image":[{"width":1024,"height":768,"url":"https:\/\/text2stick.com\/wp-content\/uploads\/2022\/01\/klistermaerker-til-bil.jpg","type":"image\/jpeg"}],"twitter_card":"summary_large_image","twitter_misc":{"Gesch\u00e4tzte Lesezeit":"5\u00a0Minuten"},"schema":{"@context":"https:\/\/schema.org","@graph":[{"@type":"WebPage","@id":"https:\/\/text2stick.com\/de\/vare\/fahrzeugbeschriftung\/","url":"https:\/\/text2stick.com\/de\/vare\/fahrzeugbeschriftung\/","name":"Fahrzeugbeschriftung - Text2stick.com","isPartOf":{"@id":"https:\/\/text2stick.com\/#website"},"primaryImageOfPage":{"@id":"https:\/\/text2stick.com\/de\/vare\/fahrzeugbeschriftung\/#primaryimage"},"image":{"@id":"https:\/\/text2stick.com\/de\/vare\/fahrzeugbeschriftung\/#primaryimage"},"thumbnailUrl":"https:\/\/text2stick.com\/wp-content\/uploads\/2022\/01\/klistermaerker-til-bil.jpg","datePublished":"2022-01-28T08:07:52+00:00","dateModified":"2024-04-02T06:38:31+00:00","breadcrumb":{"@id":"https:\/\/text2stick.com\/de\/vare\/fahrzeugbeschriftung\/#breadcrumb"},"inLanguage":"de","potentialAction":[{"@type":"ReadAction","target":["https:\/\/text2stick.com\/de\/vare\/fahrzeugbeschriftung\/"]}]},{"@type":"ImageObject","inLanguage":"de","@id":"https:\/\/text2stick.com\/de\/vare\/fahrzeugbeschriftung\/#primaryimage","url":"https:\/\/text2stick.com\/wp-content\/uploads\/2022\/01\/klistermaerker-til-bil.jpg","contentUrl":"https:\/\/text2stick.com\/wp-content\/uploads\/2022\/01\/klistermaerker-til-bil.jpg","width":1024,"height":768},{"@type":"BreadcrumbList","@id":"https:\/\/text2stick.com\/de\/vare\/fahrzeugbeschriftung\/#breadcrumb","itemListElement":[{"@type":"ListItem","position":1,"name":"Hjem","item":"https:\/\/text2stick.com\/de\/"},{"@type":"ListItem","position":2,"name":"Shop","item":"https:\/\/text2stick.com\/shop-2\/"},{"@type":"ListItem","position":3,"name":"Fahrzeugbeschriftung"}]},{"@type":"WebSite","@id":"https:\/\/text2stick.com\/#website","url":"https:\/\/text2stick.com\/","name":"Text2stick.com","description":"Just another WordPress site","publisher":{"@id":"https:\/\/text2stick.com\/#organization"},"potentialAction":[{"@type":"SearchAction","target":{"@type":"EntryPoint","urlTemplate":"https:\/\/text2stick.com\/?s={search_term_string}"},"query-input":{"@type":"PropertyValueSpecification","valueRequired":true,"valueName":"search_term_string"}}],"inLanguage":"de"},{"@type":"Organization","@id":"https:\/\/text2stick.com\/#organization","name":"Text2stick.com","url":"https:\/\/text2stick.com\/","logo":{"@type":"ImageObject","inLanguage":"de","@id":"https:\/\/text2stick.com\/#\/schema\/logo\/image\/","url":"https:\/\/text2stick.com\/wp-content\/uploads\/2021\/05\/TEXT2STICK-logo.png","contentUrl":"https:\/\/text2stick.com\/wp-content\/uploads\/2021\/05\/TEXT2STICK-logo.png","width":662,"height":120,"caption":"Text2stick.com"},"image":{"@id":"https:\/\/text2stick.com\/#\/schema\/logo\/image\/"}}]}},"_links":{"self":[{"href":"https:\/\/text2stick.com\/de\/wp-json\/wp\/v2\/product\/7395","targetHints":{"allow":["GET"]}}],"collection":[{"href":"https:\/\/text2stick.com\/de\/wp-json\/wp\/v2\/product"}],"about":[{"href":"https:\/\/text2stick.com\/de\/wp-json\/wp\/v2\/types\/product"}],"wp:featuredmedia":[{"embeddable":true,"href":"https:\/\/text2stick.com\/de\/wp-json\/wp\/v2\/media\/7344"}],"wp:attachment":[{"href":"https:\/\/text2stick.com\/de\/wp-json\/wp\/v2\/media?parent=7395"}],"wp:term":[{"taxonomy":"product_brand","embeddable":true,"href":"https:\/\/text2stick.com\/de\/wp-json\/wp\/v2\/product_brand?post=7395"},{"taxonomy":"product_cat","embeddable":true,"href":"https:\/\/text2stick.com\/de\/wp-json\/wp\/v2\/product_cat?post=7395"},{"taxonomy":"product_tag","embeddable":true,"href":"https:\/\/text2stick.com\/de\/wp-json\/wp\/v2\/product_tag?post=7395"}],"curies":[{"name":"wp","href":"https:\/\/api.w.org\/{rel}","templated":true}]}}