{"id":6700,"date":"2018-06-18T06:57:36","date_gmt":"2018-06-18T06:57:36","guid":{"rendered":"https:\/\/text2stick.com\/home\/"},"modified":"2024-06-25T13:34:54","modified_gmt":"2024-06-25T13:34:54","slug":"home","status":"publish","type":"page","link":"https:\/\/text2stick.com\/no\/","title":{"rendered":"Forside"},"content":{"rendered":"\n\n\t\t\t\t<img loading=\"lazy\" decoding=\"async\" src=\"https:\/\/text2stick.com\/wp-content\/uploads\/2021\/04\/MG_2211.jpg\" alt=\"CVR nummer folie klisterm\u00e6rke\" itemprop=\"image\" height=\"768\" width=\"1024\" title=\"_MG_2211\" onerror=\"this.style.display='none'\"  \/>\n\t<h5>\n\t\t\t\t\tSkandinavisk produserte foliebokstaver\n\t\t\t\t<\/h5>\n\t<h1>\n\t\t\t\t\tFoliebokstaver\n\t\t\t\t<\/h1>\n\t\t\tLett bestilling av <a href=\"https:\/\/text2stick.com\/no\/vare\/foliebokstaver\/\">foliebokstaver<\/a> online med foliedesigneren v\u00e5r.<br \/>\nVelg tekst, st\u00f8rrelse, skrifttype og farge.\n\t\t\t<a href=\"https:\/\/text2stick.com\/no\/vare\/foliebokstaver\/\" target=\"_self\" role=\"button\" rel=\"noopener\">\n\t\t\t\t\t\tBESTILL N\u00c5\n\t\t<\/a>\n\t<ul>\n\t\t<li>\t\t\t\t\n\t\t<h4>Europa<\/h4><p>Folietekster produsert i Europa<\/p><\/li>\t<\/ul>\n\t<ul>\n\t\t<li>\t\t\t\t\n\t\t<h4>Design selv<\/h4><p>Pr\u00f8v foliedesigneren v\u00e5r<\/p><\/li>\t<\/ul>\n\t<ul>\n\t\t<li>\t\t\t\t\n\t\t<h4>Spar penger<\/h4><p>Konkurransedyktige priser<\/p><\/li>\t<\/ul>\n\t<ul>\n\t\t<li>\t\t\t\t\n\t\t<h4>Rask levering<\/h4><p>Vi produserer flere ganger i uken<\/p><\/li>\t<\/ul>\n\t<h2>\n\t\t\t\t\tFolietekster til&#8230;\n\t\t\t\t<\/h2>\n<a href=\"https:\/\/text2stick.com\/no\/vare\/klistremerker-til-bil\/\">\n    <img decoding=\"async\" src=\"https:\/\/text2stick.com\/wp-content\/uploads\/2021\/04\/folie-til-bil.png\" alt=\"folie til bil\"\/>\n    <h3>Folie til bil<\/h3>\n    <button>Bestill n\u00e5<\/button>\n<\/a>\n<a href=\"https:\/\/text2stick.com\/no\/vare\/navneskilt-til-postkassen\/\">\n    <img decoding=\"async\" src=\"https:\/\/text2stick.com\/wp-content\/uploads\/2021\/04\/foliebogstaver-til-postkasse.png\" alt=\"Navneskilt til postkassen\"\/>\n    <h3>Folie til postkasse<\/h3>\n    <button>Bestill n\u00e5<\/button>\n<\/a>\n<a href=\"https:\/\/text2stick.com\/no\/vare\/klistremerker-til-baat\/\">\n    <img decoding=\"async\" src=\"https:\/\/text2stick.com\/wp-content\/uploads\/2021\/05\/folie-til-baad.png\" alt=\"folie til b\u00e5t\"\/>\n    <h3>Folie til b\u00e5t<\/h3>\n    <button>Bestill n\u00e5<\/button>\n<\/a>\n<a href=\"https:\/\/text2stick.com\/no\/vare\/foliebokstaver-til-vinduer\/\">\n    <img decoding=\"async\" src=\"https:\/\/text2stick.com\/wp-content\/uploads\/2021\/05\/folie-til-vinduer.png\" alt=\"Foliebokstaver til vinduer\"\/>\n    <h3>Folie til vindue<\/h3>\n    <button>Bestill n\u00e5<\/button>\n<\/a>\n\t<h2>\n\t\t\t\t\tDu kan lett montere folien selv\n\t\t\t\t<\/h2>\n\t\t\t\t<img decoding=\"async\" src=\"https:\/\/text2stick.com\/wp-content\/uploads\/2022\/11\/montering-av-foliebokstaver.jpg\" alt=\"montering-av-foliebokstaver\" itemprop=\"image\"\/>\n\t<iframe loading=\"lazy\" src=\"https:\/\/player.vimeo.com\/video\/967743808?badge=0&amp;autopause=0&amp;player_id=0&amp;app_id=58479\" width=\"1920\" height=\"1080\" frameborder=\"0\" allow=\"autoplay; fullscreen; picture-in-picture; clipboard-write\" title=\"Guide til montering af foliebogstaver\"><\/iframe>\n\t<h2>\n\t\t\t\t\tBestill folietekster online p\u00e5 f\u00e5 minutter\n\t\t\t\t<\/h2>\n\t\t\t<a href=\"https:\/\/text2stick.com\/no\/vare\/foliebokstaver\/\" target=\"_self\" role=\"button\" rel=\"noopener\">\n\t\t\t\t\t\tBestill n\u00e5\n\t\t<\/a>\n\t<p>VELG SELV TEKST.\u00a0 TILPASS SKRIFTTYPE, ST\u00d8RRELSE OG FARGE.<\/p>\n\n","protected":false},"excerpt":{"rendered":"<p>Skandinavisk produserte foliebokstaver Foliebokstaver Lett bestilling av foliebokstaver online med foliedesigneren v\u00e5r. Velg tekst, st\u00f8rrelse, skrifttype og farge. BESTILL N\u00c5 Europa Folietekster produsert i Europa Design selv Pr\u00f8v foliedesigneren v\u00e5r Spar penger Konkurransedyktige priser Rask levering Vi produserer flere ganger i uken Folietekster til&#8230; Folie til bil Bestill n\u00e5 Folie til postkasse Bestill n\u00e5 Folie [&hellip;]<\/p>\n","protected":false},"author":1,"featured_media":0,"parent":0,"menu_order":0,"comment_status":"closed","ping_status":"closed","template":"","meta":{"_acf_changed":false,"site-sidebar-layout":"no-sidebar","site-content-layout":"page-builder","ast-site-content-layout":"default","site-content-style":"default","site-sidebar-style":"default","ast-global-header-display":"","ast-banner-title-visibility":"","ast-main-header-display":"","ast-hfb-above-header-display":"","ast-hfb-below-header-display":"","ast-hfb-mobile-header-display":"","site-post-title":"disabled","ast-breadcrumbs-content":"","ast-featured-img":"disabled","footer-sml-layout":"","ast-disable-related-posts":"","theme-transparent-header-meta":"enabled","adv-header-id-meta":"","stick-header-meta":"","header-above-stick-meta":"","header-main-stick-meta":"","header-below-stick-meta":"","astra-migrate-meta-layouts":"default","ast-page-background-enabled":"default","ast-page-background-meta":{"desktop":{"background-color":"","background-image":"","background-repeat":"repeat","background-position":"center center","background-size":"auto","background-attachment":"scroll","background-type":"","background-media":"","overlay-type":"","overlay-color":"","overlay-opacity":"","overlay-gradient":""},"tablet":{"background-color":"","background-image":"","background-repeat":"repeat","background-position":"center center","background-size":"auto","background-attachment":"scroll","background-type":"","background-media":"","overlay-type":"","overlay-color":"","overlay-opacity":"","overlay-gradient":""},"mobile":{"background-color":"","background-image":"","background-repeat":"repeat","background-position":"center center","background-size":"auto","background-attachment":"scroll","background-type":"","background-media":"","overlay-type":"","overlay-color":"","overlay-opacity":"","overlay-gradient":""}},"ast-content-background-meta":{"desktop":{"background-color":"var(--ast-global-color-5)","background-image":"","background-repeat":"repeat","background-position":"center center","background-size":"auto","background-attachment":"scroll","background-type":"","background-media":"","overlay-type":"","overlay-color":"","overlay-opacity":"","overlay-gradient":""},"tablet":{"background-color":"var(--ast-global-color-5)","background-image":"","background-repeat":"repeat","background-position":"center center","background-size":"auto","background-attachment":"scroll","background-type":"","background-media":"","overlay-type":"","overlay-color":"","overlay-opacity":"","overlay-gradient":""},"mobile":{"background-color":"var(--ast-global-color-5)","background-image":"","background-repeat":"repeat","background-position":"center center","background-size":"auto","background-attachment":"scroll","background-type":"","background-media":"","overlay-type":"","overlay-color":"","overlay-opacity":"","overlay-gradient":""}},"footnotes":""},"class_list":["post-6700","page","type-page","status-publish","hentry"],"acf":[],"yoast_head":"<!-- This site is optimized with the Yoast SEO plugin v27.2 - https:\/\/yoast.com\/product\/yoast-seo-wordpress\/ -->\n<title>Text2stick.com \u2794 Dansk produktion af folieprodukter!<\/title>\n<meta name=\"robots\" content=\"index, follow, max-snippet:-1, max-image-preview:large, max-video-preview:-1\" \/>\n<link rel=\"canonical\" href=\"https:\/\/text2stick.com\/no\/\" \/>\n<meta property=\"og:locale\" content=\"nb_NO\" \/>\n<meta property=\"og:type\" content=\"article\" \/>\n<meta property=\"og:title\" content=\"Text2stick.com \u2794 Dansk produktion af folieprodukter!\" \/>\n<meta property=\"og:description\" content=\"Skandinavisk produserte foliebokstaver Foliebokstaver Lett bestilling av foliebokstaver online med foliedesigneren v\u00e5r. Velg tekst, st\u00f8rrelse, skrifttype og farge. BESTILL N\u00c5 Europa Folietekster produsert i Europa Design selv Pr\u00f8v foliedesigneren v\u00e5r Spar penger Konkurransedyktige priser Rask levering Vi produserer flere ganger i uken Folietekster til&#8230; Folie til bil Bestill n\u00e5 Folie til postkasse Bestill n\u00e5 Folie [&hellip;]\" \/>\n<meta property=\"og:url\" content=\"https:\/\/text2stick.com\/no\/\" \/>\n<meta property=\"og:site_name\" content=\"Text2stick.com\" \/>\n<meta property=\"article:modified_time\" content=\"2024-06-25T13:34:54+00:00\" \/>\n<meta property=\"og:image\" content=\"https:\/\/text2stick.com\/wp-content\/uploads\/2021\/04\/MG_2211.jpg\" \/>\n<meta name=\"twitter:card\" content=\"summary_large_image\" \/>\n<meta name=\"twitter:label1\" content=\"Ansl. lesetid\" \/>\n\t<meta name=\"twitter:data1\" content=\"2 minutter\" \/>\n<script type=\"application\/ld+json\" class=\"yoast-schema-graph\">{\"@context\":\"https:\/\/schema.org\",\"@graph\":[{\"@type\":\"WebPage\",\"@id\":\"https:\/\/text2stick.com\/no\/\",\"url\":\"https:\/\/text2stick.com\/no\/\",\"name\":\"Text2stick.com \u2794 Dansk produktion af folieprodukter!\",\"isPartOf\":{\"@id\":\"https:\/\/text2stick.com\/#website\"},\"primaryImageOfPage\":{\"@id\":\"https:\/\/text2stick.com\/no\/#primaryimage\"},\"image\":{\"@id\":\"https:\/\/text2stick.com\/no\/#primaryimage\"},\"thumbnailUrl\":\"https:\/\/text2stick.com\/wp-content\/uploads\/2021\/04\/MG_2211.jpg\",\"datePublished\":\"2018-06-18T06:57:36+00:00\",\"dateModified\":\"2024-06-25T13:34:54+00:00\",\"breadcrumb\":{\"@id\":\"https:\/\/text2stick.com\/no\/#breadcrumb\"},\"inLanguage\":\"nb-NO\",\"potentialAction\":[{\"@type\":\"ReadAction\",\"target\":[\"https:\/\/text2stick.com\/no\/\"]}]},{\"@type\":\"ImageObject\",\"inLanguage\":\"nb-NO\",\"@id\":\"https:\/\/text2stick.com\/no\/#primaryimage\",\"url\":\"https:\/\/text2stick.com\/wp-content\/uploads\/2021\/04\/MG_2211.jpg\",\"contentUrl\":\"https:\/\/text2stick.com\/wp-content\/uploads\/2021\/04\/MG_2211.jpg\"},{\"@type\":\"BreadcrumbList\",\"@id\":\"https:\/\/text2stick.com\/no\/#breadcrumb\",\"itemListElement\":[{\"@type\":\"ListItem\",\"position\":1,\"name\":\"Hjem\",\"item\":\"https:\/\/text2stick.com\/no\/\"},{\"@type\":\"ListItem\",\"position\":2,\"name\":\"Forside\"}]},{\"@type\":\"WebSite\",\"@id\":\"https:\/\/text2stick.com\/#website\",\"url\":\"https:\/\/text2stick.com\/\",\"name\":\"Text2stick.com\",\"description\":\"Just another WordPress site\",\"publisher\":{\"@id\":\"https:\/\/text2stick.com\/#organization\"},\"potentialAction\":[{\"@type\":\"SearchAction\",\"target\":{\"@type\":\"EntryPoint\",\"urlTemplate\":\"https:\/\/text2stick.com\/?s={search_term_string}\"},\"query-input\":{\"@type\":\"PropertyValueSpecification\",\"valueRequired\":true,\"valueName\":\"search_term_string\"}}],\"inLanguage\":\"nb-NO\"},{\"@type\":\"Organization\",\"@id\":\"https:\/\/text2stick.com\/#organization\",\"name\":\"Text2stick.com\",\"url\":\"https:\/\/text2stick.com\/\",\"logo\":{\"@type\":\"ImageObject\",\"inLanguage\":\"nb-NO\",\"@id\":\"https:\/\/text2stick.com\/#\/schema\/logo\/image\/\",\"url\":\"https:\/\/text2stick.com\/wp-content\/uploads\/2021\/05\/TEXT2STICK-logo.png\",\"contentUrl\":\"https:\/\/text2stick.com\/wp-content\/uploads\/2021\/05\/TEXT2STICK-logo.png\",\"width\":662,\"height\":120,\"caption\":\"Text2stick.com\"},\"image\":{\"@id\":\"https:\/\/text2stick.com\/#\/schema\/logo\/image\/\"}}]}<\/script>\n<!-- \/ Yoast SEO plugin. -->","yoast_head_json":{"title":"Text2stick.com \u2794 Dansk produktion af folieprodukter!","robots":{"index":"index","follow":"follow","max-snippet":"max-snippet:-1","max-image-preview":"max-image-preview:large","max-video-preview":"max-video-preview:-1"},"canonical":"https:\/\/text2stick.com\/no\/","og_locale":"nb_NO","og_type":"article","og_title":"Text2stick.com \u2794 Dansk produktion af folieprodukter!","og_description":"Skandinavisk produserte foliebokstaver Foliebokstaver Lett bestilling av foliebokstaver online med foliedesigneren v\u00e5r. Velg tekst, st\u00f8rrelse, skrifttype og farge. BESTILL N\u00c5 Europa Folietekster produsert i Europa Design selv Pr\u00f8v foliedesigneren v\u00e5r Spar penger Konkurransedyktige priser Rask levering Vi produserer flere ganger i uken Folietekster til&#8230; Folie til bil Bestill n\u00e5 Folie til postkasse Bestill n\u00e5 Folie [&hellip;]","og_url":"https:\/\/text2stick.com\/no\/","og_site_name":"Text2stick.com","article_modified_time":"2024-06-25T13:34:54+00:00","og_image":[{"url":"https:\/\/text2stick.com\/wp-content\/uploads\/2021\/04\/MG_2211.jpg","type":"","width":"","height":""}],"twitter_card":"summary_large_image","twitter_misc":{"Ansl. lesetid":"2 minutter"},"schema":{"@context":"https:\/\/schema.org","@graph":[{"@type":"WebPage","@id":"https:\/\/text2stick.com\/no\/","url":"https:\/\/text2stick.com\/no\/","name":"Text2stick.com \u2794 Dansk produktion af folieprodukter!","isPartOf":{"@id":"https:\/\/text2stick.com\/#website"},"primaryImageOfPage":{"@id":"https:\/\/text2stick.com\/no\/#primaryimage"},"image":{"@id":"https:\/\/text2stick.com\/no\/#primaryimage"},"thumbnailUrl":"https:\/\/text2stick.com\/wp-content\/uploads\/2021\/04\/MG_2211.jpg","datePublished":"2018-06-18T06:57:36+00:00","dateModified":"2024-06-25T13:34:54+00:00","breadcrumb":{"@id":"https:\/\/text2stick.com\/no\/#breadcrumb"},"inLanguage":"nb-NO","potentialAction":[{"@type":"ReadAction","target":["https:\/\/text2stick.com\/no\/"]}]},{"@type":"ImageObject","inLanguage":"nb-NO","@id":"https:\/\/text2stick.com\/no\/#primaryimage","url":"https:\/\/text2stick.com\/wp-content\/uploads\/2021\/04\/MG_2211.jpg","contentUrl":"https:\/\/text2stick.com\/wp-content\/uploads\/2021\/04\/MG_2211.jpg"},{"@type":"BreadcrumbList","@id":"https:\/\/text2stick.com\/no\/#breadcrumb","itemListElement":[{"@type":"ListItem","position":1,"name":"Hjem","item":"https:\/\/text2stick.com\/no\/"},{"@type":"ListItem","position":2,"name":"Forside"}]},{"@type":"WebSite","@id":"https:\/\/text2stick.com\/#website","url":"https:\/\/text2stick.com\/","name":"Text2stick.com","description":"Just another WordPress site","publisher":{"@id":"https:\/\/text2stick.com\/#organization"},"potentialAction":[{"@type":"SearchAction","target":{"@type":"EntryPoint","urlTemplate":"https:\/\/text2stick.com\/?s={search_term_string}"},"query-input":{"@type":"PropertyValueSpecification","valueRequired":true,"valueName":"search_term_string"}}],"inLanguage":"nb-NO"},{"@type":"Organization","@id":"https:\/\/text2stick.com\/#organization","name":"Text2stick.com","url":"https:\/\/text2stick.com\/","logo":{"@type":"ImageObject","inLanguage":"nb-NO","@id":"https:\/\/text2stick.com\/#\/schema\/logo\/image\/","url":"https:\/\/text2stick.com\/wp-content\/uploads\/2021\/05\/TEXT2STICK-logo.png","contentUrl":"https:\/\/text2stick.com\/wp-content\/uploads\/2021\/05\/TEXT2STICK-logo.png","width":662,"height":120,"caption":"Text2stick.com"},"image":{"@id":"https:\/\/text2stick.com\/#\/schema\/logo\/image\/"}}]}},"_links":{"self":[{"href":"https:\/\/text2stick.com\/no\/wp-json\/wp\/v2\/pages\/6700","targetHints":{"allow":["GET"]}}],"collection":[{"href":"https:\/\/text2stick.com\/no\/wp-json\/wp\/v2\/pages"}],"about":[{"href":"https:\/\/text2stick.com\/no\/wp-json\/wp\/v2\/types\/page"}],"author":[{"embeddable":true,"href":"https:\/\/text2stick.com\/no\/wp-json\/wp\/v2\/users\/1"}],"replies":[{"embeddable":true,"href":"https:\/\/text2stick.com\/no\/wp-json\/wp\/v2\/comments?post=6700"}],"version-history":[{"count":0,"href":"https:\/\/text2stick.com\/no\/wp-json\/wp\/v2\/pages\/6700\/revisions"}],"wp:attachment":[{"href":"https:\/\/text2stick.com\/no\/wp-json\/wp\/v2\/media?parent=6700"}],"curies":[{"name":"wp","href":"https:\/\/api.w.org\/{rel}","templated":true}]}}