{"id":6704,"date":"2021-04-16T09:06:03","date_gmt":"2021-04-16T09:06:03","guid":{"rendered":"https:\/\/text2stick.com\/handelsbetingelser\/"},"modified":"2022-11-14T09:17:08","modified_gmt":"2022-11-14T09:17:08","slug":"handelsbetingelser","status":"publish","type":"page","link":"https:\/\/text2stick.com\/no\/handelsbetingelser\/","title":{"rendered":"Handelsbetingelser"},"content":{"rendered":"\n<p><strong>Generelle opplysninger<\/strong><br>VIBLA ApS<br>V\u00e6selvej 1<br>7800 Skive<br>VAT nr.:\u00a035 02 94 35<br>Telefon:\u00a0+45 70 26 63 00<br>E-mail:\u00a0<a href=\"mailto:contact@text2stick.com\">contact@text2stick.com<\/a><br><br>Text2stick.com eies og drives av Vibla apS. <br>Avtalen mellom kunden og selger inng\u00e5es med Vibla ApS. <br>Heretter omtales det som text2stick.com<br><strong><br><br>Betalinger<\/strong><br>Text2stick.com mottar betaling med Dankort\/VISA Dankort, VISA, VISA Electron, Mastercard. Betalingen trekkes f\u00f8rst p\u00e5 kontoen din, n\u00e5r varen sendes. Alle bel\u00f8p er i DKK, Danske kroner og er med moms.<\/p>\n\n\n\n<p>Text2stick.com bruker en godkjent betalingsserver, som krypterer alle kortopplysningene dine med SSL (Secure Socket Layer) protokoll. Det betyr at man ikke kan avlese informasjonen din.<\/p>\n\n\n\n<p><strong>Levering<\/strong><br>Leveringstiden kan forventes \u00e5 v\u00e6re 1-5 hverdager.<br>Levering skjer med den valgte leveringsmetode og firma.<br><br>Vi forbeholder oss retten til i s\u00e6rlige tilfeller, \u00e5 velge et annet fraktfirma enn det ved bestilling valgte fraktfirma.<\/p>\n\n\n\n<p><strong>Reklamasjonsrett<\/strong><br>Det gis 2 \u00e5rs reklamasjonsrett iht kj\u00f8peloven. V\u00e5r reklamasjonsrett gjelder for feil i materiale og\/eller fabrikasjon.<\/p>\n\n\n\n<p>Reklamasjonen gjelder ikke feil eller skader som er beg\u00e5tt ved feilaktig betjening av produktet eller ytelsen.<\/p>\n\n\n\n<p>Text2stick.com dekker returneringsomkostninger i et rimelig omfang.<\/p>\n\n\n\n<p>Ved returnering rettes henvendelse til og reklamasjoner sendes til:<\/p>\n\n\n\n<p>Text2stick.com<br>V\u00e6selvej 1<br>7800 Skive<\/p>\n\n\n\n<p>Vi mottar ikke pakker sent p\u00e5 etterkrav.<\/p>\n\n\n\n<p><strong>Refusjon<\/strong><br>Hvis det er avtalt refusjon, s\u00e5 skal du venligst sende bankopplysninger (SWIFT) s\u00e5 vi kan overf\u00f8re det avtalte bel\u00f8b.<\/p>\n\n\n\n<p>N\u00e5r det er produkter som fremstilles spesifikk til kundens \u00f8nsker, tilbydes det ikke angrerett n\u00e5r ordren er lagt. Hvis du ser en feil etter bestillingen er lagt, skal du kontakte oss fortest mulig, s\u00e5 vi rekker \u00e5 rette feilen f\u00f8r ordren din settes i produksjon.<\/p>\n\n\n\n<p><strong>Klagemuligheter \u2013 oversikt og links<\/strong>:<br>Har du en klage over et produkt som du har kj\u00f8pt p\u00e5 nettsiden v\u00e5r, kan du sende en klage til:<\/p>\n\n\n\n<p>Center for Klagel\u00f8sning<br>N\u00e6vnenes Hus, Toldboden 2<br>8800 Viborg<br>Danmark<\/p>\n\n\n\n<p>Du kan klage til Center for Klagel\u00f8sning via Klageportalen for N\u00e6vnenes Hus: https:\/\/kpo.naevneneshus.dk\/<br><br>Hvis du er forbruker med bopel i et annet EU-land, kan du angi klagen i EU Kommissjonens online klageplatform.<br>Plattformen finnes her: http:\/\/ec.europa.eu\/odr<br><br>Angir du en klage her, skal du opplyse v\u00e5r E-mail adresse: contact@text2stick.com<\/p>\n","protected":false},"excerpt":{"rendered":"<p>Generelle opplysningerVIBLA ApSV\u00e6selvej 17800 SkiveVAT nr.:\u00a035 02 94 35Telefon:\u00a0+45 70 26 63 00E-mail:\u00a0contact@text2stick.com Text2stick.com eies og drives av Vibla apS. Avtalen mellom kunden og selger inng\u00e5es med Vibla ApS. Heretter omtales det som text2stick.com BetalingerText2stick.com mottar betaling med Dankort\/VISA Dankort, VISA, VISA Electron, Mastercard. Betalingen trekkes f\u00f8rst p\u00e5 kontoen din, n\u00e5r varen sendes. Alle bel\u00f8p [&hellip;]<\/p>\n","protected":false},"author":1,"featured_media":0,"parent":0,"menu_order":0,"comment_status":"closed","ping_status":"closed","template":"","meta":{"_acf_changed":false,"site-sidebar-layout":"default","site-content-layout":"default","ast-site-content-layout":"default","site-content-style":"default","site-sidebar-style":"default","ast-global-header-display":"","ast-banner-title-visibility":"","ast-main-header-display":"","ast-hfb-above-header-display":"","ast-hfb-below-header-display":"","ast-hfb-mobile-header-display":"","site-post-title":"","ast-breadcrumbs-content":"","ast-featured-img":"","footer-sml-layout":"","ast-disable-related-posts":"","theme-transparent-header-meta":"default","adv-header-id-meta":"","stick-header-meta":"","header-above-stick-meta":"","header-main-stick-meta":"","header-below-stick-meta":"","astra-migrate-meta-layouts":"default","ast-page-background-enabled":"default","ast-page-background-meta":{"desktop":{"background-color":"","background-image":"","background-repeat":"repeat","background-position":"center center","background-size":"auto","background-attachment":"scroll","background-type":"","background-media":"","overlay-type":"","overlay-color":"","overlay-opacity":"","overlay-gradient":""},"tablet":{"background-color":"","background-image":"","background-repeat":"repeat","background-position":"center center","background-size":"auto","background-attachment":"scroll","background-type":"","background-media":"","overlay-type":"","overlay-color":"","overlay-opacity":"","overlay-gradient":""},"mobile":{"background-color":"","background-image":"","background-repeat":"repeat","background-position":"center center","background-size":"auto","background-attachment":"scroll","background-type":"","background-media":"","overlay-type":"","overlay-color":"","overlay-opacity":"","overlay-gradient":""}},"ast-content-background-meta":{"desktop":{"background-color":"var(--ast-global-color-5)","background-image":"","background-repeat":"repeat","background-position":"center center","background-size":"auto","background-attachment":"scroll","background-type":"","background-media":"","overlay-type":"","overlay-color":"","overlay-opacity":"","overlay-gradient":""},"tablet":{"background-color":"var(--ast-global-color-5)","background-image":"","background-repeat":"repeat","background-position":"center center","background-size":"auto","background-attachment":"scroll","background-type":"","background-media":"","overlay-type":"","overlay-color":"","overlay-opacity":"","overlay-gradient":""},"mobile":{"background-color":"var(--ast-global-color-5)","background-image":"","background-repeat":"repeat","background-position":"center center","background-size":"auto","background-attachment":"scroll","background-type":"","background-media":"","overlay-type":"","overlay-color":"","overlay-opacity":"","overlay-gradient":""}},"footnotes":""},"class_list":["post-6704","page","type-page","status-publish","hentry"],"acf":[],"yoast_head":"<!-- This site is optimized with the Yoast SEO plugin v27.2 - https:\/\/yoast.com\/product\/yoast-seo-wordpress\/ -->\n<title>Handelsbetingelser - Text2stick.com<\/title>\n<meta name=\"robots\" content=\"noindex, nofollow\" \/>\n<meta property=\"og:locale\" content=\"nb_NO\" \/>\n<meta property=\"og:type\" content=\"article\" \/>\n<meta property=\"og:title\" content=\"Handelsbetingelser - Text2stick.com\" \/>\n<meta property=\"og:description\" content=\"Generelle opplysningerVIBLA ApSV\u00e6selvej 17800 SkiveVAT nr.:\u00a035 02 94 35Telefon:\u00a0+45 70 26 63 00E-mail:\u00a0contact@text2stick.com Text2stick.com eies og drives av Vibla apS. Avtalen mellom kunden og selger inng\u00e5es med Vibla ApS. Heretter omtales det som text2stick.com BetalingerText2stick.com mottar betaling med Dankort\/VISA Dankort, VISA, VISA Electron, Mastercard. Betalingen trekkes f\u00f8rst p\u00e5 kontoen din, n\u00e5r varen sendes. Alle bel\u00f8p [&hellip;]\" \/>\n<meta property=\"og:url\" content=\"https:\/\/text2stick.com\/handelsbetingelser\/\" \/>\n<meta property=\"og:site_name\" content=\"Text2stick.com\" \/>\n<meta property=\"article:modified_time\" content=\"2022-11-14T09:17:08+00:00\" \/>\n<meta name=\"twitter:card\" content=\"summary_large_image\" \/>\n<meta name=\"twitter:label1\" content=\"Ansl. lesetid\" \/>\n\t<meta name=\"twitter:data1\" content=\"2 minutter\" \/>\n<script type=\"application\/ld+json\" class=\"yoast-schema-graph\">{\"@context\":\"https:\/\/schema.org\",\"@graph\":[{\"@type\":\"WebPage\",\"@id\":\"https:\/\/text2stick.com\/handelsbetingelser\/\",\"url\":\"https:\/\/text2stick.com\/handelsbetingelser\/\",\"name\":\"Handelsbetingelser - Text2stick.com\",\"isPartOf\":{\"@id\":\"https:\/\/text2stick.com\/#website\"},\"datePublished\":\"2021-04-16T09:06:03+00:00\",\"dateModified\":\"2022-11-14T09:17:08+00:00\",\"breadcrumb\":{\"@id\":\"https:\/\/text2stick.com\/handelsbetingelser\/#breadcrumb\"},\"inLanguage\":\"nb-NO\",\"potentialAction\":[{\"@type\":\"ReadAction\",\"target\":[\"https:\/\/text2stick.com\/handelsbetingelser\/\"]}]},{\"@type\":\"BreadcrumbList\",\"@id\":\"https:\/\/text2stick.com\/handelsbetingelser\/#breadcrumb\",\"itemListElement\":[{\"@type\":\"ListItem\",\"position\":1,\"name\":\"Hjem\",\"item\":\"https:\/\/text2stick.com\/no\/\"},{\"@type\":\"ListItem\",\"position\":2,\"name\":\"Handelsbetingelser\"}]},{\"@type\":\"WebSite\",\"@id\":\"https:\/\/text2stick.com\/#website\",\"url\":\"https:\/\/text2stick.com\/\",\"name\":\"Text2stick.com\",\"description\":\"Just another WordPress site\",\"publisher\":{\"@id\":\"https:\/\/text2stick.com\/#organization\"},\"potentialAction\":[{\"@type\":\"SearchAction\",\"target\":{\"@type\":\"EntryPoint\",\"urlTemplate\":\"https:\/\/text2stick.com\/?s={search_term_string}\"},\"query-input\":{\"@type\":\"PropertyValueSpecification\",\"valueRequired\":true,\"valueName\":\"search_term_string\"}}],\"inLanguage\":\"nb-NO\"},{\"@type\":\"Organization\",\"@id\":\"https:\/\/text2stick.com\/#organization\",\"name\":\"Text2stick.com\",\"url\":\"https:\/\/text2stick.com\/\",\"logo\":{\"@type\":\"ImageObject\",\"inLanguage\":\"nb-NO\",\"@id\":\"https:\/\/text2stick.com\/#\/schema\/logo\/image\/\",\"url\":\"https:\/\/text2stick.com\/wp-content\/uploads\/2021\/05\/TEXT2STICK-logo.png\",\"contentUrl\":\"https:\/\/text2stick.com\/wp-content\/uploads\/2021\/05\/TEXT2STICK-logo.png\",\"width\":662,\"height\":120,\"caption\":\"Text2stick.com\"},\"image\":{\"@id\":\"https:\/\/text2stick.com\/#\/schema\/logo\/image\/\"}}]}<\/script>\n<!-- \/ Yoast SEO plugin. -->","yoast_head_json":{"title":"Handelsbetingelser - Text2stick.com","robots":{"index":"noindex","follow":"nofollow"},"og_locale":"nb_NO","og_type":"article","og_title":"Handelsbetingelser - Text2stick.com","og_description":"Generelle opplysningerVIBLA ApSV\u00e6selvej 17800 SkiveVAT nr.:\u00a035 02 94 35Telefon:\u00a0+45 70 26 63 00E-mail:\u00a0contact@text2stick.com Text2stick.com eies og drives av Vibla apS. Avtalen mellom kunden og selger inng\u00e5es med Vibla ApS. Heretter omtales det som text2stick.com BetalingerText2stick.com mottar betaling med Dankort\/VISA Dankort, VISA, VISA Electron, Mastercard. Betalingen trekkes f\u00f8rst p\u00e5 kontoen din, n\u00e5r varen sendes. Alle bel\u00f8p [&hellip;]","og_url":"https:\/\/text2stick.com\/handelsbetingelser\/","og_site_name":"Text2stick.com","article_modified_time":"2022-11-14T09:17:08+00:00","twitter_card":"summary_large_image","twitter_misc":{"Ansl. lesetid":"2 minutter"},"schema":{"@context":"https:\/\/schema.org","@graph":[{"@type":"WebPage","@id":"https:\/\/text2stick.com\/handelsbetingelser\/","url":"https:\/\/text2stick.com\/handelsbetingelser\/","name":"Handelsbetingelser - Text2stick.com","isPartOf":{"@id":"https:\/\/text2stick.com\/#website"},"datePublished":"2021-04-16T09:06:03+00:00","dateModified":"2022-11-14T09:17:08+00:00","breadcrumb":{"@id":"https:\/\/text2stick.com\/handelsbetingelser\/#breadcrumb"},"inLanguage":"nb-NO","potentialAction":[{"@type":"ReadAction","target":["https:\/\/text2stick.com\/handelsbetingelser\/"]}]},{"@type":"BreadcrumbList","@id":"https:\/\/text2stick.com\/handelsbetingelser\/#breadcrumb","itemListElement":[{"@type":"ListItem","position":1,"name":"Hjem","item":"https:\/\/text2stick.com\/no\/"},{"@type":"ListItem","position":2,"name":"Handelsbetingelser"}]},{"@type":"WebSite","@id":"https:\/\/text2stick.com\/#website","url":"https:\/\/text2stick.com\/","name":"Text2stick.com","description":"Just another WordPress site","publisher":{"@id":"https:\/\/text2stick.com\/#organization"},"potentialAction":[{"@type":"SearchAction","target":{"@type":"EntryPoint","urlTemplate":"https:\/\/text2stick.com\/?s={search_term_string}"},"query-input":{"@type":"PropertyValueSpecification","valueRequired":true,"valueName":"search_term_string"}}],"inLanguage":"nb-NO"},{"@type":"Organization","@id":"https:\/\/text2stick.com\/#organization","name":"Text2stick.com","url":"https:\/\/text2stick.com\/","logo":{"@type":"ImageObject","inLanguage":"nb-NO","@id":"https:\/\/text2stick.com\/#\/schema\/logo\/image\/","url":"https:\/\/text2stick.com\/wp-content\/uploads\/2021\/05\/TEXT2STICK-logo.png","contentUrl":"https:\/\/text2stick.com\/wp-content\/uploads\/2021\/05\/TEXT2STICK-logo.png","width":662,"height":120,"caption":"Text2stick.com"},"image":{"@id":"https:\/\/text2stick.com\/#\/schema\/logo\/image\/"}}]}},"_links":{"self":[{"href":"https:\/\/text2stick.com\/no\/wp-json\/wp\/v2\/pages\/6704","targetHints":{"allow":["GET"]}}],"collection":[{"href":"https:\/\/text2stick.com\/no\/wp-json\/wp\/v2\/pages"}],"about":[{"href":"https:\/\/text2stick.com\/no\/wp-json\/wp\/v2\/types\/page"}],"author":[{"embeddable":true,"href":"https:\/\/text2stick.com\/no\/wp-json\/wp\/v2\/users\/1"}],"replies":[{"embeddable":true,"href":"https:\/\/text2stick.com\/no\/wp-json\/wp\/v2\/comments?post=6704"}],"version-history":[{"count":0,"href":"https:\/\/text2stick.com\/no\/wp-json\/wp\/v2\/pages\/6704\/revisions"}],"wp:attachment":[{"href":"https:\/\/text2stick.com\/no\/wp-json\/wp\/v2\/media?parent=6704"}],"curies":[{"name":"wp","href":"https:\/\/api.w.org\/{rel}","templated":true}]}}