{"id":6719,"date":"2018-06-18T06:57:57","date_gmt":"2018-06-18T06:57:57","guid":{"rendered":"https:\/\/text2stick.com\/om-os\/"},"modified":"2024-02-15T13:15:34","modified_gmt":"2024-02-15T13:15:34","slug":"om-oss","status":"publish","type":"page","link":"https:\/\/text2stick.com\/no\/om-oss\/","title":{"rendered":"Om oss"},"content":{"rendered":"\n\n\t<h1>\n\t\t\t\t\tOm oss\n\t\t\t\t<\/h1>\n\t<h2>\n\t\t\t\t\tHvem st\u00e5r bag Text2stick?\n\t\t\t\t<\/h2>\n\t\t\t<p>Text2stick.com eies og drives av trykkeriet Vibla ApS i Danmark. <br \/>Ideen bak Text2stick er \u00e5 gj\u00f8re det s\u00e5 lett som mulig for private og bedrifter \u00e5 bestille folietekster p\u00e5 nettet. <br \/>Vi har utviklet v\u00e5r egne lette foliedesigner, som gj\u00f8r det mulig for alle \u00e5 bestille folietekster uten \u00e5 ha erfaring med grafisk oppsetning.<br \/>Foliedesigneren beregner prisen p\u00e5 f\u00e5 sekunder, basert p\u00e5 den \u00f8nskede teksten, st\u00f8rrelse og antall.<\/p>\n<p>Vi har med text2stick automatisert og gjort det enkelt rundt hele bestillingsprosessen. Derfor kan du som kunde lett bestille p\u00e5 f\u00e5 minutter, hele d\u00f8gnet, og vi kan tilby deg de beste prisene.<\/p>\n\t\t\t\t<img decoding=\"async\" src=\"https:\/\/text2stick.com\/wp-content\/uploads\/2024\/02\/vibla-bygning.jpg\" alt=\"vibla bygning\" itemprop=\"image\"\/>\n\t<h2>\n\t\t\t\t\t+1.000.000\n\t\t\t\t<\/h2>\n\t\t\t<p>produserte foliebokstaver<\/p>\n\t<h2>\n\t\t\t\t\t+6\n\t\t\t\t<\/h2>\n\t\t\t<p>ansatte<\/p>\n\t<h2>\n\t\t\t\t\t+8\u00e5r\n\t\t\t\t<\/h2>\n\t\t\t<p>med trykksaker<\/p>\n\t<h2>\n\t\t\t\t\tKontakt oss\n\t\t\t\t<\/h2>\n\t<p>E-mail: contact@text2stick.com<\/p>\n\n","protected":false},"excerpt":{"rendered":"<p>Om oss Hvem st\u00e5r bag Text2stick? Text2stick.com eies og drives av trykkeriet Vibla ApS i Danmark. Ideen bak Text2stick er \u00e5 gj\u00f8re det s\u00e5 lett som mulig for private og bedrifter \u00e5 bestille folietekster p\u00e5 nettet. Vi har utviklet v\u00e5r egne lette foliedesigner, som gj\u00f8r det mulig for alle \u00e5 bestille folietekster uten \u00e5 ha [&hellip;]<\/p>\n","protected":false},"author":1,"featured_media":0,"parent":0,"menu_order":0,"comment_status":"closed","ping_status":"closed","template":"","meta":{"_acf_changed":false,"site-sidebar-layout":"no-sidebar","site-content-layout":"page-builder","ast-site-content-layout":"default","site-content-style":"default","site-sidebar-style":"default","ast-global-header-display":"","ast-banner-title-visibility":"","ast-main-header-display":"","ast-hfb-above-header-display":"","ast-hfb-below-header-display":"","ast-hfb-mobile-header-display":"","site-post-title":"disabled","ast-breadcrumbs-content":"","ast-featured-img":"disabled","footer-sml-layout":"","ast-disable-related-posts":"","theme-transparent-header-meta":"enabled","adv-header-id-meta":"","stick-header-meta":"","header-above-stick-meta":"","header-main-stick-meta":"","header-below-stick-meta":"","astra-migrate-meta-layouts":"default","ast-page-background-enabled":"default","ast-page-background-meta":{"desktop":{"background-color":"","background-image":"","background-repeat":"repeat","background-position":"center center","background-size":"auto","background-attachment":"scroll","background-type":"","background-media":"","overlay-type":"","overlay-color":"","overlay-opacity":"","overlay-gradient":""},"tablet":{"background-color":"","background-image":"","background-repeat":"repeat","background-position":"center center","background-size":"auto","background-attachment":"scroll","background-type":"","background-media":"","overlay-type":"","overlay-color":"","overlay-opacity":"","overlay-gradient":""},"mobile":{"background-color":"","background-image":"","background-repeat":"repeat","background-position":"center center","background-size":"auto","background-attachment":"scroll","background-type":"","background-media":"","overlay-type":"","overlay-color":"","overlay-opacity":"","overlay-gradient":""}},"ast-content-background-meta":{"desktop":{"background-color":"var(--ast-global-color-5)","background-image":"","background-repeat":"repeat","background-position":"center center","background-size":"auto","background-attachment":"scroll","background-type":"","background-media":"","overlay-type":"","overlay-color":"","overlay-opacity":"","overlay-gradient":""},"tablet":{"background-color":"var(--ast-global-color-5)","background-image":"","background-repeat":"repeat","background-position":"center center","background-size":"auto","background-attachment":"scroll","background-type":"","background-media":"","overlay-type":"","overlay-color":"","overlay-opacity":"","overlay-gradient":""},"mobile":{"background-color":"var(--ast-global-color-5)","background-image":"","background-repeat":"repeat","background-position":"center center","background-size":"auto","background-attachment":"scroll","background-type":"","background-media":"","overlay-type":"","overlay-color":"","overlay-opacity":"","overlay-gradient":""}},"footnotes":""},"class_list":["post-6719","page","type-page","status-publish","hentry"],"acf":[],"yoast_head":"<!-- This site is optimized with the Yoast SEO plugin v27.4 - https:\/\/yoast.com\/product\/yoast-seo-wordpress\/ -->\n<title>Om oss - Text2stick.com<\/title>\n<meta name=\"robots\" content=\"index, follow, max-snippet:-1, max-image-preview:large, max-video-preview:-1\" \/>\n<link rel=\"canonical\" href=\"https:\/\/text2stick.com\/no\/om-oss\/\" \/>\n<meta property=\"og:locale\" content=\"nb_NO\" \/>\n<meta property=\"og:type\" content=\"article\" \/>\n<meta property=\"og:title\" content=\"Om oss - Text2stick.com\" \/>\n<meta property=\"og:description\" content=\"Om oss Hvem st\u00e5r bag Text2stick? Text2stick.com eies og drives av trykkeriet Vibla ApS i Danmark. Ideen bak Text2stick er \u00e5 gj\u00f8re det s\u00e5 lett som mulig for private og bedrifter \u00e5 bestille folietekster p\u00e5 nettet. Vi har utviklet v\u00e5r egne lette foliedesigner, som gj\u00f8r det mulig for alle \u00e5 bestille folietekster uten \u00e5 ha [&hellip;]\" \/>\n<meta property=\"og:url\" content=\"https:\/\/text2stick.com\/no\/om-oss\/\" \/>\n<meta property=\"og:site_name\" content=\"Text2stick.com\" \/>\n<meta property=\"article:modified_time\" content=\"2024-02-15T13:15:34+00:00\" \/>\n<meta property=\"og:image\" content=\"https:\/\/text2stick.com\/wp-content\/uploads\/2024\/02\/vibla-bygning.jpg\" \/>\n<meta name=\"twitter:card\" content=\"summary_large_image\" \/>\n<meta name=\"twitter:label1\" content=\"Ansl. lesetid\" \/>\n\t<meta name=\"twitter:data1\" content=\"1 minutt\" \/>\n<script type=\"application\/ld+json\" class=\"yoast-schema-graph\">{\"@context\":\"https:\\\/\\\/schema.org\",\"@graph\":[{\"@type\":\"WebPage\",\"@id\":\"https:\\\/\\\/text2stick.com\\\/no\\\/om-oss\\\/\",\"url\":\"https:\\\/\\\/text2stick.com\\\/no\\\/om-oss\\\/\",\"name\":\"Om oss - Text2stick.com\",\"isPartOf\":{\"@id\":\"https:\\\/\\\/text2stick.com\\\/#website\"},\"primaryImageOfPage\":{\"@id\":\"https:\\\/\\\/text2stick.com\\\/no\\\/om-oss\\\/#primaryimage\"},\"image\":{\"@id\":\"https:\\\/\\\/text2stick.com\\\/no\\\/om-oss\\\/#primaryimage\"},\"thumbnailUrl\":\"https:\\\/\\\/text2stick.com\\\/wp-content\\\/uploads\\\/2024\\\/02\\\/vibla-bygning.jpg\",\"datePublished\":\"2018-06-18T06:57:57+00:00\",\"dateModified\":\"2024-02-15T13:15:34+00:00\",\"breadcrumb\":{\"@id\":\"https:\\\/\\\/text2stick.com\\\/no\\\/om-oss\\\/#breadcrumb\"},\"inLanguage\":\"nb-NO\",\"potentialAction\":[{\"@type\":\"ReadAction\",\"target\":[\"https:\\\/\\\/text2stick.com\\\/no\\\/om-oss\\\/\"]}]},{\"@type\":\"ImageObject\",\"inLanguage\":\"nb-NO\",\"@id\":\"https:\\\/\\\/text2stick.com\\\/no\\\/om-oss\\\/#primaryimage\",\"url\":\"https:\\\/\\\/text2stick.com\\\/wp-content\\\/uploads\\\/2024\\\/02\\\/vibla-bygning.jpg\",\"contentUrl\":\"https:\\\/\\\/text2stick.com\\\/wp-content\\\/uploads\\\/2024\\\/02\\\/vibla-bygning.jpg\"},{\"@type\":\"BreadcrumbList\",\"@id\":\"https:\\\/\\\/text2stick.com\\\/no\\\/om-oss\\\/#breadcrumb\",\"itemListElement\":[{\"@type\":\"ListItem\",\"position\":1,\"name\":\"Hjem\",\"item\":\"https:\\\/\\\/text2stick.com\\\/no\\\/\"},{\"@type\":\"ListItem\",\"position\":2,\"name\":\"Om oss\"}]},{\"@type\":\"WebSite\",\"@id\":\"https:\\\/\\\/text2stick.com\\\/#website\",\"url\":\"https:\\\/\\\/text2stick.com\\\/\",\"name\":\"Text2stick.com\",\"description\":\"Just another WordPress site\",\"publisher\":{\"@id\":\"https:\\\/\\\/text2stick.com\\\/#organization\"},\"potentialAction\":[{\"@type\":\"SearchAction\",\"target\":{\"@type\":\"EntryPoint\",\"urlTemplate\":\"https:\\\/\\\/text2stick.com\\\/?s={search_term_string}\"},\"query-input\":{\"@type\":\"PropertyValueSpecification\",\"valueRequired\":true,\"valueName\":\"search_term_string\"}}],\"inLanguage\":\"nb-NO\"},{\"@type\":\"Organization\",\"@id\":\"https:\\\/\\\/text2stick.com\\\/#organization\",\"name\":\"Text2stick.com\",\"url\":\"https:\\\/\\\/text2stick.com\\\/\",\"logo\":{\"@type\":\"ImageObject\",\"inLanguage\":\"nb-NO\",\"@id\":\"https:\\\/\\\/text2stick.com\\\/#\\\/schema\\\/logo\\\/image\\\/\",\"url\":\"https:\\\/\\\/text2stick.com\\\/wp-content\\\/uploads\\\/2021\\\/05\\\/TEXT2STICK-logo.png\",\"contentUrl\":\"https:\\\/\\\/text2stick.com\\\/wp-content\\\/uploads\\\/2021\\\/05\\\/TEXT2STICK-logo.png\",\"width\":662,\"height\":120,\"caption\":\"Text2stick.com\"},\"image\":{\"@id\":\"https:\\\/\\\/text2stick.com\\\/#\\\/schema\\\/logo\\\/image\\\/\"}}]}<\/script>\n<!-- \/ Yoast SEO plugin. -->","yoast_head_json":{"title":"Om oss - Text2stick.com","robots":{"index":"index","follow":"follow","max-snippet":"max-snippet:-1","max-image-preview":"max-image-preview:large","max-video-preview":"max-video-preview:-1"},"canonical":"https:\/\/text2stick.com\/no\/om-oss\/","og_locale":"nb_NO","og_type":"article","og_title":"Om oss - Text2stick.com","og_description":"Om oss Hvem st\u00e5r bag Text2stick? Text2stick.com eies og drives av trykkeriet Vibla ApS i Danmark. Ideen bak Text2stick er \u00e5 gj\u00f8re det s\u00e5 lett som mulig for private og bedrifter \u00e5 bestille folietekster p\u00e5 nettet. Vi har utviklet v\u00e5r egne lette foliedesigner, som gj\u00f8r det mulig for alle \u00e5 bestille folietekster uten \u00e5 ha [&hellip;]","og_url":"https:\/\/text2stick.com\/no\/om-oss\/","og_site_name":"Text2stick.com","article_modified_time":"2024-02-15T13:15:34+00:00","og_image":[{"url":"https:\/\/text2stick.com\/wp-content\/uploads\/2024\/02\/vibla-bygning.jpg","type":"","width":"","height":""}],"twitter_card":"summary_large_image","twitter_misc":{"Ansl. lesetid":"1 minutt"},"schema":{"@context":"https:\/\/schema.org","@graph":[{"@type":"WebPage","@id":"https:\/\/text2stick.com\/no\/om-oss\/","url":"https:\/\/text2stick.com\/no\/om-oss\/","name":"Om oss - Text2stick.com","isPartOf":{"@id":"https:\/\/text2stick.com\/#website"},"primaryImageOfPage":{"@id":"https:\/\/text2stick.com\/no\/om-oss\/#primaryimage"},"image":{"@id":"https:\/\/text2stick.com\/no\/om-oss\/#primaryimage"},"thumbnailUrl":"https:\/\/text2stick.com\/wp-content\/uploads\/2024\/02\/vibla-bygning.jpg","datePublished":"2018-06-18T06:57:57+00:00","dateModified":"2024-02-15T13:15:34+00:00","breadcrumb":{"@id":"https:\/\/text2stick.com\/no\/om-oss\/#breadcrumb"},"inLanguage":"nb-NO","potentialAction":[{"@type":"ReadAction","target":["https:\/\/text2stick.com\/no\/om-oss\/"]}]},{"@type":"ImageObject","inLanguage":"nb-NO","@id":"https:\/\/text2stick.com\/no\/om-oss\/#primaryimage","url":"https:\/\/text2stick.com\/wp-content\/uploads\/2024\/02\/vibla-bygning.jpg","contentUrl":"https:\/\/text2stick.com\/wp-content\/uploads\/2024\/02\/vibla-bygning.jpg"},{"@type":"BreadcrumbList","@id":"https:\/\/text2stick.com\/no\/om-oss\/#breadcrumb","itemListElement":[{"@type":"ListItem","position":1,"name":"Hjem","item":"https:\/\/text2stick.com\/no\/"},{"@type":"ListItem","position":2,"name":"Om oss"}]},{"@type":"WebSite","@id":"https:\/\/text2stick.com\/#website","url":"https:\/\/text2stick.com\/","name":"Text2stick.com","description":"Just another WordPress site","publisher":{"@id":"https:\/\/text2stick.com\/#organization"},"potentialAction":[{"@type":"SearchAction","target":{"@type":"EntryPoint","urlTemplate":"https:\/\/text2stick.com\/?s={search_term_string}"},"query-input":{"@type":"PropertyValueSpecification","valueRequired":true,"valueName":"search_term_string"}}],"inLanguage":"nb-NO"},{"@type":"Organization","@id":"https:\/\/text2stick.com\/#organization","name":"Text2stick.com","url":"https:\/\/text2stick.com\/","logo":{"@type":"ImageObject","inLanguage":"nb-NO","@id":"https:\/\/text2stick.com\/#\/schema\/logo\/image\/","url":"https:\/\/text2stick.com\/wp-content\/uploads\/2021\/05\/TEXT2STICK-logo.png","contentUrl":"https:\/\/text2stick.com\/wp-content\/uploads\/2021\/05\/TEXT2STICK-logo.png","width":662,"height":120,"caption":"Text2stick.com"},"image":{"@id":"https:\/\/text2stick.com\/#\/schema\/logo\/image\/"}}]}},"_links":{"self":[{"href":"https:\/\/text2stick.com\/no\/wp-json\/wp\/v2\/pages\/6719","targetHints":{"allow":["GET"]}}],"collection":[{"href":"https:\/\/text2stick.com\/no\/wp-json\/wp\/v2\/pages"}],"about":[{"href":"https:\/\/text2stick.com\/no\/wp-json\/wp\/v2\/types\/page"}],"author":[{"embeddable":true,"href":"https:\/\/text2stick.com\/no\/wp-json\/wp\/v2\/users\/1"}],"replies":[{"embeddable":true,"href":"https:\/\/text2stick.com\/no\/wp-json\/wp\/v2\/comments?post=6719"}],"version-history":[{"count":0,"href":"https:\/\/text2stick.com\/no\/wp-json\/wp\/v2\/pages\/6719\/revisions"}],"wp:attachment":[{"href":"https:\/\/text2stick.com\/no\/wp-json\/wp\/v2\/media?parent=6719"}],"curies":[{"name":"wp","href":"https:\/\/api.w.org\/{rel}","templated":true}]}}