{"id":6734,"date":"2022-01-28T08:03:07","date_gmt":"2022-01-28T08:03:07","guid":{"rendered":"https:\/\/text2stick.com\/?post_type=product&#038;p=6734"},"modified":"2024-04-02T06:37:31","modified_gmt":"2024-04-02T06:37:31","slug":"foliebokstaver-til-vinduer","status":"publish","type":"product","link":"https:\/\/text2stick.com\/no\/vare\/foliebokstaver-til-vinduer\/","title":{"rendered":"Foliebokstaver til vinduer"},"content":{"rendered":"\r\n<p><img loading=\"lazy\" decoding=\"async\" title=\"montering-av-foliebokstaver\" src=\"https:\/\/text2stick.com\/wp-content\/uploads\/2022\/11\/montering-av-foliebokstaver.jpg\" alt=\"montering-av-foliebokstaver\" width=\"1062\" height=\"280\" \/><\/p>\r\n<h2>Hvorfor skal du montere foliebokstaver p\u00e5 et vindue?<\/h2>\r\n<p>Det er mange gode muligheter til \u00e5 investere i folie til et vindue. Har du det enn\u00e5 ikke p\u00e5 vinduene i butikken din, er det verdt \u00e5 overveie dette, uansett hvilken form for butikk eller forretning du driver.<\/p>\r\n<p>Vinduene er der, og det er opplagt \u00e5 bruke disse som reklame for butikken din. Markedsf\u00f8ringen er effektiv og stort sett gratis, du har bare utgiftene til foliebokstavene.<\/p>\r\n<h3>Billig og effektiv markedsf\u00f8ring<\/h3>\r\n<p>En af de store fordelene er at du f\u00e5r effektiv markedsf\u00f8ring for pengene dine. S\u00f8rger du for \u00e5 lage bokstaver til vinduene som er synlige, vil det v\u00e6re fengende for forbipasserende.<\/p>\r\n<p>Utover det, kan foliebokstavene holde i veldig mange \u00e5r, f\u00f8r de falmer eller slipper vinduet. Dette gj\u00f8r at det ikke bare er effektiv markedsf\u00f8ring, men ogs\u00e5 billig markedsf\u00f8ring. Du skal bare betale for folien, som du setter p\u00e5 vinduet, og ikke en vedvarende omkostning.<\/p>\r\n<p>Skal du ha det maksimale ut av foliebokstavene, krever det at de utnyttes helt optimalt. Hvis du skal ha faste tilbud og rabatter i butikken din, er det opplagt \u00e5 vise dette. S\u00e5 kan du la folien sitte p\u00e5 vinduet i mange \u00e5r frem.<\/p>\r\n<p>Det er ogs\u00e5 en mulighet til \u00e5 benytte det p\u00e5 en m\u00e5te til \u00e5 illustrere at det er akkurat disse lokalene, som du holder til i. Det er mange som bare velger \u00e5 bruke foliebokstavene til \u00e5 skrive butikkens navn p\u00e5 vinduet.<\/p>\r\n<h3>Lett montering og vedlikehold<\/h3>\r\n<p>En annen fordel er at det er lett \u00e5 montere og vedlikeholde foliebokstavene dine. Faktisk krever det ikke noen form for vedligehold. N\u00e5r du har montert folien p\u00e5 vinduene dine, kan du bare la det passe seg selv. Lettere bliver det ikke!<\/p>\r\n<p>Det anbefales dog at du vasker vinduene dine med jevne mellomrom. Det sikrer ikke bare at vinduene er pene, men ogs\u00e5 at folien holder seg pen. Hvis du vil sende de beste signalene til kundene dine og til potensielle kunder, er det viktig at folien st\u00e5r skarpt.<\/p>\r\n<p>Monteringen er lett \u00e5 klare, s\u00e5 dette kan du gj\u00f8re helt selv. Det er ganske f\u00e5 trinn som man skal gjennomf\u00f8re. Det er ingen grunn til \u00e5 v\u00e6re bekmret for det.<\/p>\r\n<h2>Du bestemmer designet selv<\/h2>\r\n<p>N\u00e5r du bestiller foliebokstaver til vinduene dine hos oss, har du frihet til selv \u00e5 designe hvordan det skal se ut. Dessuten kan du styre selv hvor mange ord og bokstaver du vil ha.<\/p>\r\n<h3>Tekstst\u00f8rrelse<\/h3>\r\n<p>N\u00e5r du har satt inn den \u00f8nskede teksten, kan du justere p\u00e5 tekstst\u00f8rrelsen. Her er det h\u00f8yden du justerer, og der kan du velge mellom 2 &#8211; 58 cm.<\/p>\r\n<p>Det er viktig at du vet, at h\u00f8yden p\u00e5 bokstavene har betydning for hvor mye den samlede teksten kommer til \u00e5 fylle til sist. Jo h\u00f8yere bokstavene er, jo mere plass bruker de.<\/p>\r\n<h3>Skrifttype<\/h3>\r\n<p>Du har ogs\u00e5 mulighet til \u00e5 velge skrifttype selv. Her anbefales det \u00e5 velge en skrifttype som harmonerer med det andre designet omkring butikken din.<\/p>\r\n<p>N\u00e5r du bestiller foliebokstaver hos oss, kan du velge mellom hele 25 forskjellige skrifttyper. Derfor er du nesten garantert \u00e5 finne en skrifttype som falder i akkurat din smak.<\/p>\r\n<h3>Tekstjustering, fet og speilvendt<\/h3>\r\n<p>N\u00e5r du har skrevet teksten din, valgt st\u00f8rrelse og skrifttype, er det tid til \u00e5 lage de siste justeringer. Det er her du har mulighet til \u00e5 tilpasse hvordan tekstens design og layout skal v\u00e6re. Du kan bl.a. velge hvilken tekstjustering du vil ha. Du kan velge mellom venstre, sentrert eller h\u00f8yre.<\/p>\r\n<p>Det er ogs\u00e5 mulig \u00e5 velge om teksten skal v\u00e6re i fet, og om teksten skal printes speilvendt. Det er en fordel \u00e5 gj\u00f8re dette hvis folien skal plasseres p\u00e5 innsiden av et vindue.<\/p>\r\n<h3>Farger<\/h3>\r\n<p>Den siste mulige justering du kan gj\u00f8re, er \u00e5 velge farge. N\u00e5r du har valgt skrifttype, st\u00f8rrelse osv. kan du justere fargen. Hvis du vil ha tekst med matt overflate, kan du velge svart eller hvit.<\/p>\r\n<p>Hvis du ikke vil ha teksten i matt overflate, kan du velge mellom flere farger. Du kan velge mellom disse: ; svart, hvit, gr\u00e5, cherry, light red, orange, golden yellow, bright yellow, lime, olympic blue, deep azure blue, cobalt blue og dark blue.<\/p>\r\n<h2>S\u00e5nn b\u00f8r du plassere foliebokstavene p\u00e5 vinduet<\/h2>\r\n<p>Det er flere faktorer som betyr noe, n\u00e5r du skal velge plassering av foliebokstavene p\u00e5 et vindue. Det viktigste er nok, hvor de forbipasserende best kan se det n\u00e5r de g\u00e5r forbi eller kj\u00f8rer forbi.<\/p>\r\n<p>Det er nemlig med dette utgangspunktet at du skal plassere foliebokstavene dine. Det sikerer at budskapet kommer ut til flest mulige forbig\u00e5ende. Dette er jo det helt avgj\u00f8rende.<\/p>\r\n<p>P\u00e5 tross av at du kanskje mener at en h\u00f8y plassering er en god ide, fordi teksten da ikke er i veien for f.eks. andre varer, er det sjeldent at det er en god ide. Det er nok ikke en god ide, hvis du vil ha kunder til \u00e5 se foliebokstavene dine.<\/p>\r\n<p>De fleste har tendens til \u00e5 se skr\u00e5tt ned n\u00e5r de g\u00e5r forbi et vindue. Derfor vil en plassering i \u00f8yenh\u00f8yde v\u00e6re den mest optimale plasseringen. Det er ofte tilfellet hvis teksten skal brukes til \u00e5 reklamere for tilbud osv.<\/p>\r\n<p>Hvis du vet at de fleste som kommer forbi vinduet ditt kommer i h\u00f8y fart, er det lurt \u00e5 bruke store bokstaver. Det sikrer at det er lett \u00e5 se budskapet ditt, selvom farten er h\u00f8y. Pr\u00f8v ogs\u00e5 \u00e5 holde teksten kort og budskapet klart.<\/p>\r\n","protected":false},"excerpt":{"rendered":"<h1>Foliebokstaver til vinduer<\/h1>\n<p>Folietekster til vinduer kan brukes i flere situasjoner. Som regel brukes de til reklame p\u00e5 vinduene. Denne form for markedsf\u00f8ring er mye brukt til butikker, men ogs\u00e5 andre forretninger kan ha bruk for det.<\/p>\n<p><strong>Bestill foliebokstaver til vinduer med overf\u00f8rt applikasjonsteip \u2013 klar til lett montering.<\/strong><\/p>\n<ol>\n<li>Sett inn \u00f8nsket tekst i beregneren nedenfor.<\/li>\n<li>Design ved \u00e5 velge skrifttype, teksth\u00f8yde og \u00f8nsket farge \u00e5 folieteksten.<\/li>\n<li>Velg antall (systemet v\u00e5rt beregner automatisk mengderabatt).<\/li>\n<\/ol>\n","protected":false},"featured_media":6683,"template":"","meta":{"_acf_changed":false,"site-sidebar-layout":"no-sidebar","site-content-layout":"default","ast-site-content-layout":"default","site-content-style":"default","site-sidebar-style":"default","ast-global-header-display":"","ast-banner-title-visibility":"","ast-main-header-display":"","ast-hfb-above-header-display":"","ast-hfb-below-header-display":"","ast-hfb-mobile-header-display":"","site-post-title":"","ast-breadcrumbs-content":"","ast-featured-img":"","footer-sml-layout":"","ast-disable-related-posts":"","theme-transparent-header-meta":"default","adv-header-id-meta":"","stick-header-meta":"","header-above-stick-meta":"","header-main-stick-meta":"","header-below-stick-meta":"","astra-migrate-meta-layouts":"set","ast-page-background-enabled":"default","ast-page-background-meta":{"desktop":{"background-color":"","background-image":"","background-repeat":"repeat","background-position":"center center","background-size":"auto","background-attachment":"scroll","background-type":"","background-media":"","overlay-type":"","overlay-color":"","overlay-opacity":"","overlay-gradient":""},"tablet":{"background-color":"","background-image":"","background-repeat":"repeat","background-position":"center center","background-size":"auto","background-attachment":"scroll","background-type":"","background-media":"","overlay-type":"","overlay-color":"","overlay-opacity":"","overlay-gradient":""},"mobile":{"background-color":"","background-image":"","background-repeat":"repeat","background-position":"center center","background-size":"auto","background-attachment":"scroll","background-type":"","background-media":"","overlay-type":"","overlay-color":"","overlay-opacity":"","overlay-gradient":""}},"ast-content-background-meta":{"desktop":{"background-color":"var(--ast-global-color-5)","background-image":"","background-repeat":"repeat","background-position":"center center","background-size":"auto","background-attachment":"scroll","background-type":"","background-media":"","overlay-type":"","overlay-color":"","overlay-opacity":"","overlay-gradient":""},"tablet":{"background-color":"var(--ast-global-color-5)","background-image":"","background-repeat":"repeat","background-position":"center center","background-size":"auto","background-attachment":"scroll","background-type":"","background-media":"","overlay-type":"","overlay-color":"","overlay-opacity":"","overlay-gradient":""},"mobile":{"background-color":"var(--ast-global-color-5)","background-image":"","background-repeat":"repeat","background-position":"center center","background-size":"auto","background-attachment":"scroll","background-type":"","background-media":"","overlay-type":"","overlay-color":"","overlay-opacity":"","overlay-gradient":""}}},"product_brand":[],"product_cat":[107],"product_tag":[],"class_list":{"0":"post-6734","1":"product","2":"type-product","3":"status-publish","4":"has-post-thumbnail","6":"product_cat-ukategoriseret-no","7":"desktop-align-center","8":"tablet-align-center","9":"mobile-align-center","10":"ast-product-gallery-layout-vertical","11":"ast-product-tabs-layout-horizontal","12":"ast-qv-on-image","14":"first","15":"instock","16":"taxable","17":"shipping-taxable","18":"purchasable","19":"product-type-simple"},"acf":[],"yoast_head":"<!-- This site is optimized with the Yoast SEO plugin v27.4 - https:\/\/yoast.com\/product\/yoast-seo-wordpress\/ -->\n<title>Foliebokstaver til vinduer - Text2stick.com<\/title>\n<meta name=\"robots\" content=\"index, follow, max-snippet:-1, max-image-preview:large, max-video-preview:-1\" \/>\n<link rel=\"canonical\" href=\"https:\/\/text2stick.com\/vare\/foliebogstaver-til-vinduer\/\" \/>\n<meta property=\"og:locale\" content=\"nb_NO\" \/>\n<meta property=\"og:type\" content=\"article\" \/>\n<meta property=\"og:title\" content=\"Foliebokstaver til vinduer - Text2stick.com\" \/>\n<meta property=\"og:description\" content=\"Foliebokstaver til vinduer Folietekster til vinduer kan brukes i flere situasjoner. Som regel brukes de til reklame p\u00e5 vinduene. Denne form for markedsf\u00f8ring er mye brukt til butikker, men ogs\u00e5 andre forretninger kan ha bruk for det. Bestill foliebokstaver til vinduer med overf\u00f8rt applikasjonsteip \u2013 klar til lett montering.  Sett inn \u00f8nsket tekst i beregneren nedenfor. Design ved \u00e5 velge skrifttype, teksth\u00f8yde og \u00f8nsket farge \u00e5 folieteksten. Velg antall (systemet v\u00e5rt beregner automatisk mengderabatt).\" \/>\n<meta property=\"og:url\" content=\"https:\/\/text2stick.com\/vare\/foliebogstaver-til-vinduer\/\" \/>\n<meta property=\"og:site_name\" content=\"Text2stick.com\" \/>\n<meta property=\"article:modified_time\" content=\"2024-04-02T06:37:31+00:00\" \/>\n<meta property=\"og:image\" content=\"https:\/\/text2stick.com\/wp-content\/uploads\/2022\/01\/foliebogstaver-til-vindue.jpg\" \/>\n\t<meta property=\"og:image:width\" content=\"1024\" \/>\n\t<meta property=\"og:image:height\" content=\"768\" \/>\n\t<meta property=\"og:image:type\" content=\"image\/jpeg\" \/>\n<meta name=\"twitter:card\" content=\"summary_large_image\" \/>\n<meta name=\"twitter:label1\" content=\"Ansl. lesetid\" \/>\n\t<meta name=\"twitter:data1\" content=\"6 minutter\" \/>\n<script type=\"application\/ld+json\" class=\"yoast-schema-graph\">{\"@context\":\"https:\\\/\\\/schema.org\",\"@graph\":[{\"@type\":\"WebPage\",\"@id\":\"https:\\\/\\\/text2stick.com\\\/vare\\\/foliebogstaver-til-vinduer\\\/\",\"url\":\"https:\\\/\\\/text2stick.com\\\/vare\\\/foliebogstaver-til-vinduer\\\/\",\"name\":\"Foliebokstaver til vinduer - Text2stick.com\",\"isPartOf\":{\"@id\":\"https:\\\/\\\/text2stick.com\\\/#website\"},\"primaryImageOfPage\":{\"@id\":\"https:\\\/\\\/text2stick.com\\\/vare\\\/foliebogstaver-til-vinduer\\\/#primaryimage\"},\"image\":{\"@id\":\"https:\\\/\\\/text2stick.com\\\/vare\\\/foliebogstaver-til-vinduer\\\/#primaryimage\"},\"thumbnailUrl\":\"https:\\\/\\\/text2stick.com\\\/wp-content\\\/uploads\\\/2022\\\/01\\\/foliebogstaver-til-vindue.jpg\",\"datePublished\":\"2022-01-28T08:03:07+00:00\",\"dateModified\":\"2024-04-02T06:37:31+00:00\",\"breadcrumb\":{\"@id\":\"https:\\\/\\\/text2stick.com\\\/vare\\\/foliebogstaver-til-vinduer\\\/#breadcrumb\"},\"inLanguage\":\"nb-NO\",\"potentialAction\":[{\"@type\":\"ReadAction\",\"target\":[\"https:\\\/\\\/text2stick.com\\\/vare\\\/foliebogstaver-til-vinduer\\\/\"]}]},{\"@type\":\"ImageObject\",\"inLanguage\":\"nb-NO\",\"@id\":\"https:\\\/\\\/text2stick.com\\\/vare\\\/foliebogstaver-til-vinduer\\\/#primaryimage\",\"url\":\"https:\\\/\\\/text2stick.com\\\/wp-content\\\/uploads\\\/2022\\\/01\\\/foliebogstaver-til-vindue.jpg\",\"contentUrl\":\"https:\\\/\\\/text2stick.com\\\/wp-content\\\/uploads\\\/2022\\\/01\\\/foliebogstaver-til-vindue.jpg\",\"width\":1024,\"height\":768},{\"@type\":\"BreadcrumbList\",\"@id\":\"https:\\\/\\\/text2stick.com\\\/vare\\\/foliebogstaver-til-vinduer\\\/#breadcrumb\",\"itemListElement\":[{\"@type\":\"ListItem\",\"position\":1,\"name\":\"Hjem\",\"item\":\"https:\\\/\\\/text2stick.com\\\/no\\\/\"},{\"@type\":\"ListItem\",\"position\":2,\"name\":\"Shop\",\"item\":\"https:\\\/\\\/text2stick.com\\\/shop-2\\\/\"},{\"@type\":\"ListItem\",\"position\":3,\"name\":\"Foliebokstaver til vinduer\"}]},{\"@type\":\"WebSite\",\"@id\":\"https:\\\/\\\/text2stick.com\\\/#website\",\"url\":\"https:\\\/\\\/text2stick.com\\\/\",\"name\":\"Text2stick.com\",\"description\":\"Just another WordPress site\",\"publisher\":{\"@id\":\"https:\\\/\\\/text2stick.com\\\/#organization\"},\"potentialAction\":[{\"@type\":\"SearchAction\",\"target\":{\"@type\":\"EntryPoint\",\"urlTemplate\":\"https:\\\/\\\/text2stick.com\\\/?s={search_term_string}\"},\"query-input\":{\"@type\":\"PropertyValueSpecification\",\"valueRequired\":true,\"valueName\":\"search_term_string\"}}],\"inLanguage\":\"nb-NO\"},{\"@type\":\"Organization\",\"@id\":\"https:\\\/\\\/text2stick.com\\\/#organization\",\"name\":\"Text2stick.com\",\"url\":\"https:\\\/\\\/text2stick.com\\\/\",\"logo\":{\"@type\":\"ImageObject\",\"inLanguage\":\"nb-NO\",\"@id\":\"https:\\\/\\\/text2stick.com\\\/#\\\/schema\\\/logo\\\/image\\\/\",\"url\":\"https:\\\/\\\/text2stick.com\\\/wp-content\\\/uploads\\\/2021\\\/05\\\/TEXT2STICK-logo.png\",\"contentUrl\":\"https:\\\/\\\/text2stick.com\\\/wp-content\\\/uploads\\\/2021\\\/05\\\/TEXT2STICK-logo.png\",\"width\":662,\"height\":120,\"caption\":\"Text2stick.com\"},\"image\":{\"@id\":\"https:\\\/\\\/text2stick.com\\\/#\\\/schema\\\/logo\\\/image\\\/\"}}]}<\/script>\n<!-- \/ Yoast SEO plugin. -->","yoast_head_json":{"title":"Foliebokstaver til vinduer - Text2stick.com","robots":{"index":"index","follow":"follow","max-snippet":"max-snippet:-1","max-image-preview":"max-image-preview:large","max-video-preview":"max-video-preview:-1"},"canonical":"https:\/\/text2stick.com\/vare\/foliebogstaver-til-vinduer\/","og_locale":"nb_NO","og_type":"article","og_title":"Foliebokstaver til vinduer - Text2stick.com","og_description":"Foliebokstaver til vinduer Folietekster til vinduer kan brukes i flere situasjoner. Som regel brukes de til reklame p\u00e5 vinduene. Denne form for markedsf\u00f8ring er mye brukt til butikker, men ogs\u00e5 andre forretninger kan ha bruk for det. Bestill foliebokstaver til vinduer med overf\u00f8rt applikasjonsteip \u2013 klar til lett montering.  Sett inn \u00f8nsket tekst i beregneren nedenfor. Design ved \u00e5 velge skrifttype, teksth\u00f8yde og \u00f8nsket farge \u00e5 folieteksten. Velg antall (systemet v\u00e5rt beregner automatisk mengderabatt).","og_url":"https:\/\/text2stick.com\/vare\/foliebogstaver-til-vinduer\/","og_site_name":"Text2stick.com","article_modified_time":"2024-04-02T06:37:31+00:00","og_image":[{"width":1024,"height":768,"url":"https:\/\/text2stick.com\/wp-content\/uploads\/2022\/01\/foliebogstaver-til-vindue.jpg","type":"image\/jpeg"}],"twitter_card":"summary_large_image","twitter_misc":{"Ansl. lesetid":"6 minutter"},"schema":{"@context":"https:\/\/schema.org","@graph":[{"@type":"WebPage","@id":"https:\/\/text2stick.com\/vare\/foliebogstaver-til-vinduer\/","url":"https:\/\/text2stick.com\/vare\/foliebogstaver-til-vinduer\/","name":"Foliebokstaver til vinduer - Text2stick.com","isPartOf":{"@id":"https:\/\/text2stick.com\/#website"},"primaryImageOfPage":{"@id":"https:\/\/text2stick.com\/vare\/foliebogstaver-til-vinduer\/#primaryimage"},"image":{"@id":"https:\/\/text2stick.com\/vare\/foliebogstaver-til-vinduer\/#primaryimage"},"thumbnailUrl":"https:\/\/text2stick.com\/wp-content\/uploads\/2022\/01\/foliebogstaver-til-vindue.jpg","datePublished":"2022-01-28T08:03:07+00:00","dateModified":"2024-04-02T06:37:31+00:00","breadcrumb":{"@id":"https:\/\/text2stick.com\/vare\/foliebogstaver-til-vinduer\/#breadcrumb"},"inLanguage":"nb-NO","potentialAction":[{"@type":"ReadAction","target":["https:\/\/text2stick.com\/vare\/foliebogstaver-til-vinduer\/"]}]},{"@type":"ImageObject","inLanguage":"nb-NO","@id":"https:\/\/text2stick.com\/vare\/foliebogstaver-til-vinduer\/#primaryimage","url":"https:\/\/text2stick.com\/wp-content\/uploads\/2022\/01\/foliebogstaver-til-vindue.jpg","contentUrl":"https:\/\/text2stick.com\/wp-content\/uploads\/2022\/01\/foliebogstaver-til-vindue.jpg","width":1024,"height":768},{"@type":"BreadcrumbList","@id":"https:\/\/text2stick.com\/vare\/foliebogstaver-til-vinduer\/#breadcrumb","itemListElement":[{"@type":"ListItem","position":1,"name":"Hjem","item":"https:\/\/text2stick.com\/no\/"},{"@type":"ListItem","position":2,"name":"Shop","item":"https:\/\/text2stick.com\/shop-2\/"},{"@type":"ListItem","position":3,"name":"Foliebokstaver til vinduer"}]},{"@type":"WebSite","@id":"https:\/\/text2stick.com\/#website","url":"https:\/\/text2stick.com\/","name":"Text2stick.com","description":"Just another WordPress site","publisher":{"@id":"https:\/\/text2stick.com\/#organization"},"potentialAction":[{"@type":"SearchAction","target":{"@type":"EntryPoint","urlTemplate":"https:\/\/text2stick.com\/?s={search_term_string}"},"query-input":{"@type":"PropertyValueSpecification","valueRequired":true,"valueName":"search_term_string"}}],"inLanguage":"nb-NO"},{"@type":"Organization","@id":"https:\/\/text2stick.com\/#organization","name":"Text2stick.com","url":"https:\/\/text2stick.com\/","logo":{"@type":"ImageObject","inLanguage":"nb-NO","@id":"https:\/\/text2stick.com\/#\/schema\/logo\/image\/","url":"https:\/\/text2stick.com\/wp-content\/uploads\/2021\/05\/TEXT2STICK-logo.png","contentUrl":"https:\/\/text2stick.com\/wp-content\/uploads\/2021\/05\/TEXT2STICK-logo.png","width":662,"height":120,"caption":"Text2stick.com"},"image":{"@id":"https:\/\/text2stick.com\/#\/schema\/logo\/image\/"}}]}},"_links":{"self":[{"href":"https:\/\/text2stick.com\/no\/wp-json\/wp\/v2\/product\/6734","targetHints":{"allow":["GET"]}}],"collection":[{"href":"https:\/\/text2stick.com\/no\/wp-json\/wp\/v2\/product"}],"about":[{"href":"https:\/\/text2stick.com\/no\/wp-json\/wp\/v2\/types\/product"}],"wp:featuredmedia":[{"embeddable":true,"href":"https:\/\/text2stick.com\/no\/wp-json\/wp\/v2\/media\/6683"}],"wp:attachment":[{"href":"https:\/\/text2stick.com\/no\/wp-json\/wp\/v2\/media?parent=6734"}],"wp:term":[{"taxonomy":"product_brand","embeddable":true,"href":"https:\/\/text2stick.com\/no\/wp-json\/wp\/v2\/product_brand?post=6734"},{"taxonomy":"product_cat","embeddable":true,"href":"https:\/\/text2stick.com\/no\/wp-json\/wp\/v2\/product_cat?post=6734"},{"taxonomy":"product_tag","embeddable":true,"href":"https:\/\/text2stick.com\/no\/wp-json\/wp\/v2\/product_tag?post=6734"}],"curies":[{"name":"wp","href":"https:\/\/api.w.org\/{rel}","templated":true}]}}