{"id":6735,"date":"2021-03-18T09:40:08","date_gmt":"2021-03-18T09:40:08","guid":{"rendered":"https:\/\/text2stick.com\/?post_type=product&#038;p=6735"},"modified":"2024-04-02T06:35:28","modified_gmt":"2024-04-02T06:35:28","slug":"foliebokstaver","status":"publish","type":"product","link":"https:\/\/text2stick.com\/no\/vare\/foliebokstaver\/","title":{"rendered":"Foliebokstaver"},"content":{"rendered":"\r\n<p><img loading=\"lazy\" decoding=\"async\" title=\"montering-av-foliebokstaver\" src=\"https:\/\/text2stick.com\/wp-content\/uploads\/2022\/11\/montering-av-foliebokstaver.jpg\" alt=\"montering-av-foliebokstaver\" width=\"1062\" height=\"280\" \/><\/p>\r\n<p>Foliebokstaver kan brukes til veldig mange forskjellige ting. Du kan montere dem p\u00e5 stort sett alle overflater. Dette gj\u00f8r at de er veldig popul\u00e6re til alle former for informasjonstavler, reklamer og pynt forskjellige steder.<\/p>\r\n<p>Vi kan levere foliebokstaver til stort sett alle prosjekter &#8211; se utvalget her p\u00e5 siden, eller kontakt oss for et tilbud i dag.<\/p>\r\n<h2>Foliebokstaver til bil<\/h2>\r\n<p>En av de mest popul\u00e6re bruk av foliebokstaver, er til bilen. Du kan bruke bokstavene til private biler, men ogs\u00e5 firmabiler. Foliebokstavene v\u00e5re og de selvklebende bokstavene er b\u00e5de en effektiv, men ogs\u00e5 billig reklameform. Ved \u00e5 ha firmaets slogan, logo og navn p\u00e5 bilen, blir du en selvkj\u00f8rende reklames\u00f8yle.<\/p>\r\n<p>Det betyr, at du slipper \u00e5 betale for \u00e5 ha reklamen offentlige steder, men at du fortsatt er synlig n\u00e5r du kj\u00f8rer. N\u00e5r firmaet er ute for andre, s\u00e5 vil en bilreklame ogs\u00e5 gj\u00f8re at firmaet blir gjenkjent.<\/p>\r\n<h3>Plassering av bilreklamer<\/h3>\r\n<p>De to mest popul\u00e6re stedene \u00e5 plassere folietekster p\u00e5 biler, er p\u00e5 siden og bak p\u00e5 bilen. P\u00e5 siden av bilen har du mulighed til \u00e5 lage teksten st\u00f8rre, fordi overflaten er st\u00f8rre.<\/p>\r\n<p>Bak p\u00e5 bilen er ogs\u00e5 veldig popul\u00e6r, fordi det hele tiden kj\u00f8rer andre biler bak. Det betyr at man kan ha kontaktopplysninger bakp\u00e5, som blir lett leselig for nye kunder.<\/p>\r\n<p>Det er ogs\u00e5 lurt n\u00e5r man f.eks. venter p\u00e5 gr\u00f8nt lys eller sitter i k\u00f8, fordi de bak bilen vil ha tid til \u00e5 lese teksten. Du skal v\u00e6re oppmerksom p\u00e5, at det ikke er lovlig \u00e5 plassere folietekster p\u00e5 rutene og andre steder, som forringer f\u00f8rerens utsyn.<\/p>\r\n<h3>Eksempler p\u00e5 bilreklame<\/h3>\r\n<p>Det viktigste ved en bilreklame er \u00e5 vise hva firmaet ditt kan og hvilken jobb de utf\u00f8rer. Kontaktopplysninger er ogs\u00e5 viktige, s\u00e5 de som ser reklamen lett kan finne firmaet ditt. En bilreklame best\u00e5r som regel av en eller flere av nedenst\u00e5ende:<\/p>\r\n<ul>\r\n<li>Firmanavn<\/li>\r\n<li>Slogan<\/li>\r\n<li>Hjemmeside<\/li>\r\n<li>Telefonnummer<\/li>\r\n<\/ul>\r\n<p>Hvis du vil ha folietekster til firmabiler og varebiler, er det viktig at nedenst\u00e5ende er synlig p\u00e5 begge sider av bilen:<\/p>\r\n<ul>\r\n<li>Firmanavn eller logo<\/li>\r\n<li>Hjemmeside<\/li>\r\n<li>Telefonnummer<\/li>\r\n<\/ul>\r\n<h2>Foliebokstaver i n\u00e6ringsbygg<\/h2>\r\n<p>Det er viktig \u00e5 se hvor en firmabil kommer fra. Men det er ogs\u00e5 viktig \u00e5 se, hvilket firma man er ved n\u00e5r man g\u00e5r inn i en bygning. Derfor er det mange som bruker store foliebokstaver i resepsjoner og p\u00e5 glasspartier.<\/p>\r\n<p>Foliebokstavene er ogs\u00e5 veldig gode alternativer til de klassiske d\u00f8rskilt De viser lett f.eks. hvilket m\u00f8telokale som er bak en d\u00f8r, ved \u00e5 montere et folietall direkte p\u00e5 d\u00f8ren. Her kan du lage bokstavene i samme farger som logoet ditt, s\u00e5 det kommer et harmonisk sammenspill av farger i bygningen.<\/p>\r\n<p>Foliebokstavene er alts\u00e5 gode til \u00e5 skilte p\u00e5 en tydelig og stilren m\u00e5te.<\/p>\r\n<h2>Selvklebende bokstaver til postkasse<\/h2>\r\n<p>Foliebokstavene er popul\u00e6re til postkasser. Andre alternativer til selvklebende bokstaver og tall, som f.eks. dymo lapper, har ofte en kortere levetid. Det betyr at du er n\u00f8dt til \u00e5 skifte merkene ut ofte.<\/p>\r\n<p>Med selvklebende foliebokstaver beh\u00f8ver du ikke tenke p\u00e5, om man fortsatt kan se alle navnene eller husnummer p\u00e5 mange \u00e5r. Det viktigste \u00e5 tenke p\u00e5 n\u00e5r du velger en farge til en postkasse, er at du ikke velger samme farge som postkassen, fordi da blir teksten vanskelig \u00e5 lese. F.eks. skal man ikke velge svart skrift til svart postkasse.<\/p>\r\n<h2>Foliebokstaver i hjemmet<\/h2>\r\n<p>Folietekster kan ogs\u00e5 brukes mange steder hjemme. Allerede p\u00e5 hovedd\u00f8ren kan foliebokstavene brukes.<\/p>\r\n<p>Det er noen som bruker foliebokstaver til \u00e5 skrive etternavnet p\u00e5 d\u00f8ren. Det er en fin og unik m\u00e5te \u00e5 vise hvem som bor i huset. Foliebokstavene kan ogs\u00e5 brukes p\u00e5 barnerommene. Barna kan f.eks. selv f\u00e5 lov til \u00e5 designe et skilt, som de kan ha p\u00e5 d\u00f8ren sin.<\/p>\r\n<p>Du kan ogs\u00e5 bruke folietekstene til \u00e5 utstille yndlingssitatene dine p\u00e5 veggen. Folietekster er ogs\u00e5 gode til \u00e5 bruke til \u00e5 organisere bakgangen eller entreen, hvis dere har mange like skap. Her kan klistremerke bokstaver brukes til \u00e5 vise hva som er i skapene. Det gj\u00f8r det lettere \u00e5 organisere og finne f.eks. vinterkl\u00e6r, og hvor rengj\u00f8ringsmidlene er.<\/p>\r\n<h2>Bestem designet selv<\/h2>\r\n<p>Hos text2stick.com f\u00e5r du mulighet til \u00e5 designe folieteksten selv. Hos oss best\u00e5r designprosessen av 7 trinn.<\/p>\r\n<h3>#1 Tekstvalg<\/h3>\r\n<p>Det er en tekstboks som du kan skrive teksten du vil ha som folietekst. Hos oss kan du skrive s\u00e5 mange karakterer du vil.<\/p>\r\n<h3>#2 St\u00f8rrelse p\u00e5 tekst<\/h3>\r\n<p>N\u00e5r du har skrevet den \u00f8nskede teksten, kan du velge bokstavh\u00f8yden. Du kan velge mellom hhv. 2 cm til 58 cm. Du skal selvf\u00f8lgelig v\u00e6re oppmerksom p\u00e5, at h\u00f8yden p\u00e5 bokstavene har innflytelse p\u00e5 hvor mye den samlede folietekst fyller i h\u00f8yde og lengde.<\/p>\r\n<h3>#3 Skrifttype<\/h3>\r\n<p>N\u00e5r du har valgt h\u00f8yden p\u00e5 bokstavene, skal du bestemme skrifttypen. Hos oss kan du velge mellom 25 forskjellige skrifttyper. Du har alts\u00e5 mange muligheter til \u00e5 finne den skrifttypen som passer akkurat for deg og dine behov.<\/p>\r\n<h3>#4 Mulighet til tekstjustering, fet skrift og speilvendt<\/h3>\r\n<p>N\u00e5r du har teksten, st\u00f8rrelsen og skrifttypen p\u00e5 plass, skal du ha de siste justeringer til hvordan tekstens design skal v\u00e6re. Du kan alts\u00e5 velge hvilken tekstjustering du selv vil. Her kan du velge mellom venstre, sentrert og h\u00f8yre.<\/p>\r\n<p>Du kan ogs\u00e5 velge om du vil ha teksten i fet og om teksten skal printes speilvendt. Det er f.eks. lurt \u00e5 printe teksten speilvendt hvis den skal plasseres p\u00e5 innsiden av et vindu, og samtidig v\u00e6re leselig for kunder som g\u00e5r forbi utenfor.<\/p>\r\n<h3>#5 Farger<\/h3>\r\n<p>N\u00e5r du har styr p\u00e5 teksten og hvordan layoutet skal v\u00e6re, skal du velge farger. Du har mulighet til \u00e5 f\u00e5 teksten i en matt overflate i svart og hvit.<\/p>\r\n<p>Hvis du ikke vil ha en matt overflate, kan du velge mellom disse fargene: svart, hvit, gr\u00e5, cherry, light red, orange, golden yellow, bright yellow, lime, olumpic blue, deep azure blue, cobolt blue og dark blue.<\/p>\r\n<h3>#6 Forh\u00e5ndsvisning<\/h3>\r\n<p>P\u00e5 forh\u00e5ndsvisningen kan du se hvordan folieteksten kommer til \u00e5 se ut. Her ser du ogs\u00e5 hvor lang og bred den samlede tekst blir i cm.<\/p>\r\n<h3>#7 Antall og pris<\/h3>\r\n<p>Det siste du skal velge er antallet av folietekster. Antallet har innflytelse p\u00e5 prisen, men det blir automatisk beregnet mengderabatt p\u00e5 antallet.<\/p>\r\n<h2>Kvalitet p\u00e5 v\u00e5re selvklebende bokstaver og tall<\/h2>\r\n<p>V\u00e5re foliebokstaver er laget i h\u00f8yeste kvalitet, s\u00e5 de kan brukes innenfor og utenfor. Kvaliteten av folien er utvilsomt avgj\u00f8rende for hvor lenge en folietekst holder. Utgangspunktet er, at v\u00e5r normale blanke folie holder minst 4 \u00e5r ved utend\u00f8rs bruk, og den matte folie minst 5 \u00e5r ved utend\u00f8rs bruk.<\/p>\r\n<p><img loading=\"lazy\" decoding=\"async\" title=\"_MG_2211\" src=\"https:\/\/text2stick.com\/wp-content\/uploads\/2021\/03\/MG_2211.jpg\" alt=\"guide til montering af foliebogstaver\" width=\"1024\" height=\"768\" \/><\/p>\r\n<h2>Bruksanvisning til montering af foliebokstaver<\/h2>\r\n<p>Det viktigste for et godt resultat er at folien blir montert korrekt. Hvis man har v\u00e6rt grundig med \u00e5 f\u00f8lge hvert trinn, s\u00e5 forlenges levetiden p\u00e5 bokstavene markant.<\/p>\r\n<h3>Monter i riktig temperatur<\/h3>\r\n<p>Den beste temperatur \u00e5 montere tall og bokstaver i folie, er ca 5 grader. Det betyr at du b\u00f8r varme opp- eller kj\u00f8le ned overflaten litt f\u00f8r du starter.<\/p>\r\n<h3>Gj\u00f8r overflaten ren<\/h3>\r\n<p>Det er vanskelig \u00e5 montere folieteksten p\u00e5 en skitten overflate. Det er derfor viktig, at du er omhyggelig med \u00e5 rengj\u00f8re overflaten f\u00f8r montering. Her kan du bruke sprit eller s\u00e5pevann for \u00e5 sikre deg en helt ren overflate.<\/p>\r\n<h3>Merk av hvor folien skal sitte<\/h3>\r\n<p>Det kan bli vanskelig \u00e5 plassere foliebokstavene helt riktig, hvis du ikke har markert hvor de skal v\u00e6re. Du kan markere med en let blyantstrek eller maleteip, s\u00e5 du lett kan se hvor teksten skal v\u00e6re.<\/p>\r\n<h3>Fjern baksiden av folien<\/h3>\r\n<p>N\u00e5r du f\u00e5r folieteksten, er det et bakpapir som beskytter baksiden av klistremerket. Den skal du ta av, f\u00f8r du plasserer folieteksten.<\/p>\r\n<h3>Skrap ut lufthuller<\/h3>\r\n<p>N\u00e5r du har plassert folieteksten der hvor den skal v\u00e6re, kan du bruke en folieskraper til \u00e5 skrape ut alle luftboblene. P\u00e5 den m\u00e5ten f\u00e5r du en helt glatt overflate p\u00e5 folieteksten din.<\/p>\r\n<h3>Fjern beskyttelsesfilmen<\/h3>\r\n<p>N\u00e5r du er forn\u00f8yd med monteringen av folieteksten, kan du fjerne beskyttelsesfilmen. Du skal v\u00e6re veldig forsiktig n\u00e5r du fjerner filmen, s\u00e5 du ikke l\u00f8fter opp bokstavene.<\/p>\r\n<h2>Hvorfor skal du kj\u00f8pe hos oss?<\/h2>\r\n<p>Hos text2stick.com f\u00e5r du mulighet til \u00e5 designe folieteksten din helt fra bunnen av, s\u00e5 du f\u00e5r akkurat den teksten som passer dine \u00f8nsker og behov. Du kan v\u00e6re sikker p\u00e5, at det produktet du f\u00e5r er laget i de beste materialer, s\u00e5 det holder seg fint og flott i mange \u00e5r.<\/p>\r\n","protected":false},"excerpt":{"rendered":"<h1>Foliebokstaver \u2013 bestill lett selvklebende bokstaver<\/h1>\n<p>Vi har gjort det lett \u00e5 designe og bestille foliebokstaver med v\u00e5r designer og prisberegner. Folien monteres veldig lett p\u00e5 biler, vinduer, postkasser, b\u00e5ter og de fleste andre overflater. Du mottar folieteksten med overf\u00f8rt applikasjonsteip \u2013 klar til lett montering.<\/p>\n<ol>\n<li>Inntast din \u00f8nskede tekst nedenfor.<\/li>\n<li>Design folieteksten din ved \u00e5 velge skrifttype, bokstavh\u00f8yde og farge p\u00e5 folien.<\/li>\n<li>Velg antall (systemet beregner selv mengderabatt) og legg i innkj\u00f8pskurven.<\/li>\n<\/ol>\n","protected":false},"featured_media":6585,"template":"","meta":{"_acf_changed":false,"site-sidebar-layout":"no-sidebar","site-content-layout":"default","ast-site-content-layout":"default","site-content-style":"default","site-sidebar-style":"default","ast-global-header-display":"","ast-banner-title-visibility":"","ast-main-header-display":"","ast-hfb-above-header-display":"","ast-hfb-below-header-display":"","ast-hfb-mobile-header-display":"","site-post-title":"disabled","ast-breadcrumbs-content":"","ast-featured-img":"","footer-sml-layout":"","ast-disable-related-posts":"","theme-transparent-header-meta":"default","adv-header-id-meta":"","stick-header-meta":"","header-above-stick-meta":"","header-main-stick-meta":"","header-below-stick-meta":"","astra-migrate-meta-layouts":"set","ast-page-background-enabled":"default","ast-page-background-meta":{"desktop":{"background-color":"","background-image":"","background-repeat":"repeat","background-position":"center center","background-size":"auto","background-attachment":"scroll","background-type":"","background-media":"","overlay-type":"","overlay-color":"","overlay-opacity":"","overlay-gradient":""},"tablet":{"background-color":"","background-image":"","background-repeat":"repeat","background-position":"center center","background-size":"auto","background-attachment":"scroll","background-type":"","background-media":"","overlay-type":"","overlay-color":"","overlay-opacity":"","overlay-gradient":""},"mobile":{"background-color":"","background-image":"","background-repeat":"repeat","background-position":"center center","background-size":"auto","background-attachment":"scroll","background-type":"","background-media":"","overlay-type":"","overlay-color":"","overlay-opacity":"","overlay-gradient":""}},"ast-content-background-meta":{"desktop":{"background-color":"var(--ast-global-color-5)","background-image":"","background-repeat":"repeat","background-position":"center center","background-size":"auto","background-attachment":"scroll","background-type":"","background-media":"","overlay-type":"","overlay-color":"","overlay-opacity":"","overlay-gradient":""},"tablet":{"background-color":"var(--ast-global-color-5)","background-image":"","background-repeat":"repeat","background-position":"center center","background-size":"auto","background-attachment":"scroll","background-type":"","background-media":"","overlay-type":"","overlay-color":"","overlay-opacity":"","overlay-gradient":""},"mobile":{"background-color":"var(--ast-global-color-5)","background-image":"","background-repeat":"repeat","background-position":"center center","background-size":"auto","background-attachment":"scroll","background-type":"","background-media":"","overlay-type":"","overlay-color":"","overlay-opacity":"","overlay-gradient":""}}},"product_brand":[],"product_cat":[107],"product_tag":[],"class_list":{"0":"post-6735","1":"product","2":"type-product","3":"status-publish","4":"has-post-thumbnail","6":"product_cat-ukategoriseret-no","7":"desktop-align-center","8":"tablet-align-center","9":"mobile-align-center","10":"ast-product-gallery-layout-vertical","11":"ast-product-tabs-layout-horizontal","12":"ast-qv-on-image","14":"first","15":"instock","16":"taxable","17":"shipping-taxable","18":"purchasable","19":"product-type-simple"},"acf":[],"yoast_head":"<!-- This site is optimized with the Yoast SEO plugin v27.2 - https:\/\/yoast.com\/product\/yoast-seo-wordpress\/ -->\n<title>Foliebokstaver - Text2stick.com<\/title>\n<meta name=\"robots\" content=\"index, follow, max-snippet:-1, max-image-preview:large, max-video-preview:-1\" \/>\n<link rel=\"canonical\" href=\"https:\/\/text2stick.com\/no\/vare\/foliebokstaver\/\" \/>\n<meta property=\"og:locale\" content=\"nb_NO\" \/>\n<meta property=\"og:type\" content=\"article\" \/>\n<meta property=\"og:title\" content=\"Foliebokstaver - Text2stick.com\" \/>\n<meta property=\"og:description\" content=\"Foliebokstaver \u2013 bestill lett selvklebende bokstaver Vi har gjort det lett \u00e5 designe og bestille foliebokstaver med v\u00e5r designer og prisberegner. Folien monteres veldig lett p\u00e5 biler, vinduer, postkasser, b\u00e5ter og de fleste andre overflater. Du mottar folieteksten med overf\u00f8rt applikasjonsteip \u2013 klar til lett montering.  Inntast din \u00f8nskede tekst nedenfor. Design folieteksten din ved \u00e5 velge skrifttype, bokstavh\u00f8yde og farge p\u00e5 folien. Velg antall (systemet beregner selv mengderabatt) og legg i innkj\u00f8pskurven.\" \/>\n<meta property=\"og:url\" content=\"https:\/\/text2stick.com\/no\/vare\/foliebokstaver\/\" \/>\n<meta property=\"og:site_name\" content=\"Text2stick.com\" \/>\n<meta property=\"article:modified_time\" content=\"2024-04-02T06:35:28+00:00\" \/>\n<meta property=\"og:image\" content=\"https:\/\/text2stick.com\/wp-content\/uploads\/2021\/03\/MG_2211.jpg\" \/>\n\t<meta property=\"og:image:width\" content=\"1024\" \/>\n\t<meta property=\"og:image:height\" content=\"768\" \/>\n\t<meta property=\"og:image:type\" content=\"image\/jpeg\" \/>\n<meta name=\"twitter:card\" content=\"summary_large_image\" \/>\n<meta name=\"twitter:label1\" content=\"Ansl. lesetid\" \/>\n\t<meta name=\"twitter:data1\" content=\"8 minutter\" \/>\n<script type=\"application\/ld+json\" class=\"yoast-schema-graph\">{\"@context\":\"https:\/\/schema.org\",\"@graph\":[{\"@type\":\"WebPage\",\"@id\":\"https:\/\/text2stick.com\/no\/vare\/foliebokstaver\/\",\"url\":\"https:\/\/text2stick.com\/no\/vare\/foliebokstaver\/\",\"name\":\"Foliebokstaver - Text2stick.com\",\"isPartOf\":{\"@id\":\"https:\/\/text2stick.com\/#website\"},\"primaryImageOfPage\":{\"@id\":\"https:\/\/text2stick.com\/no\/vare\/foliebokstaver\/#primaryimage\"},\"image\":{\"@id\":\"https:\/\/text2stick.com\/no\/vare\/foliebokstaver\/#primaryimage\"},\"thumbnailUrl\":\"https:\/\/text2stick.com\/wp-content\/uploads\/2021\/03\/MG_2211.jpg\",\"datePublished\":\"2021-03-18T09:40:08+00:00\",\"dateModified\":\"2024-04-02T06:35:28+00:00\",\"breadcrumb\":{\"@id\":\"https:\/\/text2stick.com\/no\/vare\/foliebokstaver\/#breadcrumb\"},\"inLanguage\":\"nb-NO\",\"potentialAction\":[{\"@type\":\"ReadAction\",\"target\":[\"https:\/\/text2stick.com\/no\/vare\/foliebokstaver\/\"]}]},{\"@type\":\"ImageObject\",\"inLanguage\":\"nb-NO\",\"@id\":\"https:\/\/text2stick.com\/no\/vare\/foliebokstaver\/#primaryimage\",\"url\":\"https:\/\/text2stick.com\/wp-content\/uploads\/2021\/03\/MG_2211.jpg\",\"contentUrl\":\"https:\/\/text2stick.com\/wp-content\/uploads\/2021\/03\/MG_2211.jpg\",\"width\":1024,\"height\":768},{\"@type\":\"BreadcrumbList\",\"@id\":\"https:\/\/text2stick.com\/no\/vare\/foliebokstaver\/#breadcrumb\",\"itemListElement\":[{\"@type\":\"ListItem\",\"position\":1,\"name\":\"Hjem\",\"item\":\"https:\/\/text2stick.com\/no\/\"},{\"@type\":\"ListItem\",\"position\":2,\"name\":\"Shop\",\"item\":\"https:\/\/text2stick.com\/shop-2\/\"},{\"@type\":\"ListItem\",\"position\":3,\"name\":\"Foliebokstaver\"}]},{\"@type\":\"WebSite\",\"@id\":\"https:\/\/text2stick.com\/#website\",\"url\":\"https:\/\/text2stick.com\/\",\"name\":\"Text2stick.com\",\"description\":\"Just another WordPress site\",\"publisher\":{\"@id\":\"https:\/\/text2stick.com\/#organization\"},\"potentialAction\":[{\"@type\":\"SearchAction\",\"target\":{\"@type\":\"EntryPoint\",\"urlTemplate\":\"https:\/\/text2stick.com\/?s={search_term_string}\"},\"query-input\":{\"@type\":\"PropertyValueSpecification\",\"valueRequired\":true,\"valueName\":\"search_term_string\"}}],\"inLanguage\":\"nb-NO\"},{\"@type\":\"Organization\",\"@id\":\"https:\/\/text2stick.com\/#organization\",\"name\":\"Text2stick.com\",\"url\":\"https:\/\/text2stick.com\/\",\"logo\":{\"@type\":\"ImageObject\",\"inLanguage\":\"nb-NO\",\"@id\":\"https:\/\/text2stick.com\/#\/schema\/logo\/image\/\",\"url\":\"https:\/\/text2stick.com\/wp-content\/uploads\/2021\/05\/TEXT2STICK-logo.png\",\"contentUrl\":\"https:\/\/text2stick.com\/wp-content\/uploads\/2021\/05\/TEXT2STICK-logo.png\",\"width\":662,\"height\":120,\"caption\":\"Text2stick.com\"},\"image\":{\"@id\":\"https:\/\/text2stick.com\/#\/schema\/logo\/image\/\"}}]}<\/script>\n<!-- \/ Yoast SEO plugin. -->","yoast_head_json":{"title":"Foliebokstaver - Text2stick.com","robots":{"index":"index","follow":"follow","max-snippet":"max-snippet:-1","max-image-preview":"max-image-preview:large","max-video-preview":"max-video-preview:-1"},"canonical":"https:\/\/text2stick.com\/no\/vare\/foliebokstaver\/","og_locale":"nb_NO","og_type":"article","og_title":"Foliebokstaver - Text2stick.com","og_description":"Foliebokstaver \u2013 bestill lett selvklebende bokstaver Vi har gjort det lett \u00e5 designe og bestille foliebokstaver med v\u00e5r designer og prisberegner. Folien monteres veldig lett p\u00e5 biler, vinduer, postkasser, b\u00e5ter og de fleste andre overflater. Du mottar folieteksten med overf\u00f8rt applikasjonsteip \u2013 klar til lett montering.  Inntast din \u00f8nskede tekst nedenfor. Design folieteksten din ved \u00e5 velge skrifttype, bokstavh\u00f8yde og farge p\u00e5 folien. Velg antall (systemet beregner selv mengderabatt) og legg i innkj\u00f8pskurven.","og_url":"https:\/\/text2stick.com\/no\/vare\/foliebokstaver\/","og_site_name":"Text2stick.com","article_modified_time":"2024-04-02T06:35:28+00:00","og_image":[{"width":1024,"height":768,"url":"https:\/\/text2stick.com\/wp-content\/uploads\/2021\/03\/MG_2211.jpg","type":"image\/jpeg"}],"twitter_card":"summary_large_image","twitter_misc":{"Ansl. lesetid":"8 minutter"},"schema":{"@context":"https:\/\/schema.org","@graph":[{"@type":"WebPage","@id":"https:\/\/text2stick.com\/no\/vare\/foliebokstaver\/","url":"https:\/\/text2stick.com\/no\/vare\/foliebokstaver\/","name":"Foliebokstaver - Text2stick.com","isPartOf":{"@id":"https:\/\/text2stick.com\/#website"},"primaryImageOfPage":{"@id":"https:\/\/text2stick.com\/no\/vare\/foliebokstaver\/#primaryimage"},"image":{"@id":"https:\/\/text2stick.com\/no\/vare\/foliebokstaver\/#primaryimage"},"thumbnailUrl":"https:\/\/text2stick.com\/wp-content\/uploads\/2021\/03\/MG_2211.jpg","datePublished":"2021-03-18T09:40:08+00:00","dateModified":"2024-04-02T06:35:28+00:00","breadcrumb":{"@id":"https:\/\/text2stick.com\/no\/vare\/foliebokstaver\/#breadcrumb"},"inLanguage":"nb-NO","potentialAction":[{"@type":"ReadAction","target":["https:\/\/text2stick.com\/no\/vare\/foliebokstaver\/"]}]},{"@type":"ImageObject","inLanguage":"nb-NO","@id":"https:\/\/text2stick.com\/no\/vare\/foliebokstaver\/#primaryimage","url":"https:\/\/text2stick.com\/wp-content\/uploads\/2021\/03\/MG_2211.jpg","contentUrl":"https:\/\/text2stick.com\/wp-content\/uploads\/2021\/03\/MG_2211.jpg","width":1024,"height":768},{"@type":"BreadcrumbList","@id":"https:\/\/text2stick.com\/no\/vare\/foliebokstaver\/#breadcrumb","itemListElement":[{"@type":"ListItem","position":1,"name":"Hjem","item":"https:\/\/text2stick.com\/no\/"},{"@type":"ListItem","position":2,"name":"Shop","item":"https:\/\/text2stick.com\/shop-2\/"},{"@type":"ListItem","position":3,"name":"Foliebokstaver"}]},{"@type":"WebSite","@id":"https:\/\/text2stick.com\/#website","url":"https:\/\/text2stick.com\/","name":"Text2stick.com","description":"Just another WordPress site","publisher":{"@id":"https:\/\/text2stick.com\/#organization"},"potentialAction":[{"@type":"SearchAction","target":{"@type":"EntryPoint","urlTemplate":"https:\/\/text2stick.com\/?s={search_term_string}"},"query-input":{"@type":"PropertyValueSpecification","valueRequired":true,"valueName":"search_term_string"}}],"inLanguage":"nb-NO"},{"@type":"Organization","@id":"https:\/\/text2stick.com\/#organization","name":"Text2stick.com","url":"https:\/\/text2stick.com\/","logo":{"@type":"ImageObject","inLanguage":"nb-NO","@id":"https:\/\/text2stick.com\/#\/schema\/logo\/image\/","url":"https:\/\/text2stick.com\/wp-content\/uploads\/2021\/05\/TEXT2STICK-logo.png","contentUrl":"https:\/\/text2stick.com\/wp-content\/uploads\/2021\/05\/TEXT2STICK-logo.png","width":662,"height":120,"caption":"Text2stick.com"},"image":{"@id":"https:\/\/text2stick.com\/#\/schema\/logo\/image\/"}}]}},"_links":{"self":[{"href":"https:\/\/text2stick.com\/no\/wp-json\/wp\/v2\/product\/6735","targetHints":{"allow":["GET"]}}],"collection":[{"href":"https:\/\/text2stick.com\/no\/wp-json\/wp\/v2\/product"}],"about":[{"href":"https:\/\/text2stick.com\/no\/wp-json\/wp\/v2\/types\/product"}],"wp:featuredmedia":[{"embeddable":true,"href":"https:\/\/text2stick.com\/no\/wp-json\/wp\/v2\/media\/6585"}],"wp:attachment":[{"href":"https:\/\/text2stick.com\/no\/wp-json\/wp\/v2\/media?parent=6735"}],"wp:term":[{"taxonomy":"product_brand","embeddable":true,"href":"https:\/\/text2stick.com\/no\/wp-json\/wp\/v2\/product_brand?post=6735"},{"taxonomy":"product_cat","embeddable":true,"href":"https:\/\/text2stick.com\/no\/wp-json\/wp\/v2\/product_cat?post=6735"},{"taxonomy":"product_tag","embeddable":true,"href":"https:\/\/text2stick.com\/no\/wp-json\/wp\/v2\/product_tag?post=6735"}],"curies":[{"name":"wp","href":"https:\/\/api.w.org\/{rel}","templated":true}]}}