{"id":4372,"date":"2018-06-18T06:57:36","date_gmt":"2018-06-18T06:57:36","guid":{"rendered":"https:\/\/text2stick.com\/?page_id=4372"},"modified":"2024-06-25T13:27:09","modified_gmt":"2024-06-25T13:27:09","slug":"home","status":"publish","type":"page","link":"https:\/\/text2stick.com\/sv\/","title":{"rendered":"Framsida"},"content":{"rendered":"\n\n\t\t\t\t<img loading=\"lazy\" decoding=\"async\" src=\"https:\/\/text2stick.com\/wp-content\/uploads\/2021\/04\/MG_2211.jpg\" alt=\"CVR nummer folie klisterm\u00e6rke\" itemprop=\"image\" height=\"768\" width=\"1024\" title=\"_MG_2211\" onerror=\"this.style.display='none'\"  \/>\n\t<h5>\n\t\t\t\t\tSkandinavisk producerade\n\t\t\t\t<\/h5>\n\t<h1>\n\t\t\t\t\tFoliebokst\u00e4ver\n\t\t\t\t<\/h1>\n\t\t\t<p>Best\u00e4ll <a href=\"https:\/\/text2stick.com\/sv\/vare\/foliebogstaver\/\">foliebokst\u00e4ver<\/a> p\u00e5 ett enkelt s\u00e4tt online med v\u00e5r foliedesigner.<br \/>V\u00e4lj text, storlek, typsnitt och f\u00e4rg sj\u00e4lv.<\/p>\n\t\t\t<a href=\"https:\/\/text2stick.com\/sv\/vare\/foliebokstaver\/\" target=\"_self\" role=\"button\" rel=\"noopener\">\n\t\t\t\t\t\tBest\u00e4ll nu\n\t\t<\/a>\n\t<ul>\n\t\t<li>\t\t\t\t\n\t\t<h4>Europa<\/h4><p>Folietexter producerade i Europa<\/p><\/li>\t<\/ul>\n\t<ul>\n\t\t<li>\t\t\t\t\n\t\t<h4>Designa sj\u00e4lv<\/h4><p>Prova v\u00e5r foliedesigner<\/p><\/li>\t<\/ul>\n\t<ul>\n\t\t<li>\t\t\t\t\n\t\t<h4>Spara pengar<\/h4><p>Konkurrenskraftiga priser<\/p><\/li>\t<\/ul>\n\t<ul>\n\t\t<li>\t\t\t\t\n\t\t<h4>Snabb leverans<\/h4><p>Vi producerar flera g\u00e5nger i veckan<\/p><\/li>\t<\/ul>\n\t<h2>\n\t\t\t\t\tFolietexter till&#8230;\n\t\t\t\t<\/h2>\n<a href=\"https:\/\/text2stick.com\/sv\/vare\/klistermarken-till-bil\/\">\n    <img decoding=\"async\" src=\"https:\/\/text2stick.com\/wp-content\/uploads\/2021\/04\/folie-til-bil.png\" alt=\"folie til bil\"\/>\n    <h3>Folie till bil<\/h3>\n    <button>Best\u00e4ll nu<\/button>\n<\/a>\n<a href=\"https:\/\/text2stick.com\/sv\/vare\/namnskylt-till-brevlaada\/\">\n    <img decoding=\"async\" src=\"https:\/\/text2stick.com\/wp-content\/uploads\/2021\/04\/foliebogstaver-til-postkasse.png\" alt=\"foliebogstaver til postkasse\"\/>\n    <h3>Folie till brevl\u00e5da<\/h3>\n    <button>Best\u00e4ll nu<\/button>\n<\/a>\n<a href=\"https:\/\/text2stick.com\/sv\/vare\/klistermarken-till-baat\/\">\n    <img decoding=\"async\" src=\"https:\/\/text2stick.com\/wp-content\/uploads\/2021\/05\/folie-til-baad.png\" alt=\"folie til b\u00e5d\"\/>\n    <h3>Folie till b\u00e5t<\/h3>\n    <button>Best\u00e4ll nu<\/button>\n<\/a>\n<a href=\"https:\/\/text2stick.com\/sv\/vare\/foliebokstaver-till-fonster\/\">\n    <img decoding=\"async\" src=\"https:\/\/text2stick.com\/wp-content\/uploads\/2021\/05\/folie-til-vinduer.png\" alt=\"folie til vindue\"\/>\n    <h3>Folie till f\u00f6nster<\/h3>\n    <button>Best\u00e4ll nu<\/button>\n<\/a>\n\t<h2>\n\t\t\t\t\tMontera enkelt folie sj\u00e4lv\n\t\t\t\t<\/h2>\n\t\t\t\t<img decoding=\"async\" src=\"https:\/\/text2stick.com\/wp-content\/uploads\/2021\/03\/montering-af-foliebogstaver.gif\" alt=\"montering af foliebogstaver\" itemprop=\"image\"\/>\n\t<iframe loading=\"lazy\" src=\"https:\/\/player.vimeo.com\/video\/967744121?badge=0&amp;autopause=0&amp;player_id=0&amp;app_id=58479\" width=\"1920\" height=\"1080\" frameborder=\"0\" allow=\"autoplay; fullscreen; picture-in-picture; clipboard-write\" title=\"Guide f\u00f6r montering av foliebokst\u00e4ver\"><\/iframe>\n\t<h2>\n\t\t\t\t\tBest\u00e4ll folietexter p\u00e5 bara n\u00e5gra minuter\n\t\t\t\t<\/h2>\n\t\t\t<a href=\"https:\/\/text2stick.com\/sv\/vare\/foliebogstaver\/\" target=\"_self\" role=\"button\" rel=\"noopener\">\n\t\t\t\t\t\tBest\u00e4ll nu\n\t\t<\/a>\n\t<p>V\u00c4LJ SJ\u00c4LV DIN F\u00d6REDRAGNA TEXT. ANPASSA TYPSNITT, STORLEK OCH F\u00c4RG.<\/p>\n\n","protected":false},"excerpt":{"rendered":"<p>Skandinavisk producerade Foliebokst\u00e4ver Best\u00e4ll foliebokst\u00e4ver p\u00e5 ett enkelt s\u00e4tt online med v\u00e5r foliedesigner.V\u00e4lj text, storlek, typsnitt och f\u00e4rg sj\u00e4lv. Best\u00e4ll nu Europa Folietexter producerade i Europa Designa sj\u00e4lv Prova v\u00e5r foliedesigner Spara pengar Konkurrenskraftiga priser Snabb leverans Vi producerar flera g\u00e5nger i veckan Folietexter till&#8230; Folie till bil Best\u00e4ll nu Folie till brevl\u00e5da Best\u00e4ll nu [&hellip;]<\/p>\n","protected":false},"author":1,"featured_media":0,"parent":0,"menu_order":0,"comment_status":"closed","ping_status":"closed","template":"","meta":{"_acf_changed":false,"site-sidebar-layout":"no-sidebar","site-content-layout":"page-builder","ast-site-content-layout":"default","site-content-style":"default","site-sidebar-style":"default","ast-global-header-display":"","ast-banner-title-visibility":"","ast-main-header-display":"","ast-hfb-above-header-display":"","ast-hfb-below-header-display":"","ast-hfb-mobile-header-display":"","site-post-title":"disabled","ast-breadcrumbs-content":"","ast-featured-img":"disabled","footer-sml-layout":"","ast-disable-related-posts":"","theme-transparent-header-meta":"enabled","adv-header-id-meta":"","stick-header-meta":"","header-above-stick-meta":"","header-main-stick-meta":"","header-below-stick-meta":"","astra-migrate-meta-layouts":"default","ast-page-background-enabled":"default","ast-page-background-meta":{"desktop":{"background-color":"","background-image":"","background-repeat":"repeat","background-position":"center center","background-size":"auto","background-attachment":"scroll","background-type":"","background-media":"","overlay-type":"","overlay-color":"","overlay-opacity":"","overlay-gradient":""},"tablet":{"background-color":"","background-image":"","background-repeat":"repeat","background-position":"center center","background-size":"auto","background-attachment":"scroll","background-type":"","background-media":"","overlay-type":"","overlay-color":"","overlay-opacity":"","overlay-gradient":""},"mobile":{"background-color":"","background-image":"","background-repeat":"repeat","background-position":"center center","background-size":"auto","background-attachment":"scroll","background-type":"","background-media":"","overlay-type":"","overlay-color":"","overlay-opacity":"","overlay-gradient":""}},"ast-content-background-meta":{"desktop":{"background-color":"var(--ast-global-color-5)","background-image":"","background-repeat":"repeat","background-position":"center center","background-size":"auto","background-attachment":"scroll","background-type":"","background-media":"","overlay-type":"","overlay-color":"","overlay-opacity":"","overlay-gradient":""},"tablet":{"background-color":"var(--ast-global-color-5)","background-image":"","background-repeat":"repeat","background-position":"center center","background-size":"auto","background-attachment":"scroll","background-type":"","background-media":"","overlay-type":"","overlay-color":"","overlay-opacity":"","overlay-gradient":""},"mobile":{"background-color":"var(--ast-global-color-5)","background-image":"","background-repeat":"repeat","background-position":"center center","background-size":"auto","background-attachment":"scroll","background-type":"","background-media":"","overlay-type":"","overlay-color":"","overlay-opacity":"","overlay-gradient":""}},"footnotes":""},"class_list":["post-4372","page","type-page","status-publish","hentry"],"acf":[],"yoast_head":"<!-- This site is optimized with the Yoast SEO plugin v27.4 - https:\/\/yoast.com\/product\/yoast-seo-wordpress\/ -->\n<title>Framsida - Text2stick.com<\/title>\n<meta name=\"robots\" content=\"index, follow, max-snippet:-1, max-image-preview:large, max-video-preview:-1\" \/>\n<link rel=\"canonical\" href=\"https:\/\/text2stick.com\/sv\/\" \/>\n<meta property=\"og:locale\" content=\"sv_SE\" \/>\n<meta property=\"og:type\" content=\"article\" \/>\n<meta property=\"og:title\" content=\"Framsida - Text2stick.com\" \/>\n<meta property=\"og:description\" content=\"Skandinavisk producerade Foliebokst\u00e4ver Best\u00e4ll foliebokst\u00e4ver p\u00e5 ett enkelt s\u00e4tt online med v\u00e5r foliedesigner.V\u00e4lj text, storlek, typsnitt och f\u00e4rg sj\u00e4lv. Best\u00e4ll nu Europa Folietexter producerade i Europa Designa sj\u00e4lv Prova v\u00e5r foliedesigner Spara pengar Konkurrenskraftiga priser Snabb leverans Vi producerar flera g\u00e5nger i veckan Folietexter till&#8230; Folie till bil Best\u00e4ll nu Folie till brevl\u00e5da Best\u00e4ll nu [&hellip;]\" \/>\n<meta property=\"og:url\" content=\"https:\/\/text2stick.com\/sv\/\" \/>\n<meta property=\"og:site_name\" content=\"Text2stick.com\" \/>\n<meta property=\"article:modified_time\" content=\"2024-06-25T13:27:09+00:00\" \/>\n<meta property=\"og:image\" content=\"https:\/\/text2stick.com\/wp-content\/uploads\/2021\/04\/MG_2211.jpg\" \/>\n<meta name=\"twitter:card\" content=\"summary_large_image\" \/>\n<meta name=\"twitter:label1\" content=\"Ber\u00e4knad l\u00e4stid\" \/>\n\t<meta name=\"twitter:data1\" content=\"2 minuter\" \/>\n<script type=\"application\/ld+json\" class=\"yoast-schema-graph\">{\"@context\":\"https:\\\/\\\/schema.org\",\"@graph\":[{\"@type\":\"WebPage\",\"@id\":\"https:\\\/\\\/text2stick.com\\\/sv\\\/\",\"url\":\"https:\\\/\\\/text2stick.com\\\/sv\\\/\",\"name\":\"Framsida - Text2stick.com\",\"isPartOf\":{\"@id\":\"https:\\\/\\\/text2stick.com\\\/#website\"},\"primaryImageOfPage\":{\"@id\":\"https:\\\/\\\/text2stick.com\\\/sv\\\/#primaryimage\"},\"image\":{\"@id\":\"https:\\\/\\\/text2stick.com\\\/sv\\\/#primaryimage\"},\"thumbnailUrl\":\"https:\\\/\\\/text2stick.com\\\/wp-content\\\/uploads\\\/2021\\\/04\\\/MG_2211.jpg\",\"datePublished\":\"2018-06-18T06:57:36+00:00\",\"dateModified\":\"2024-06-25T13:27:09+00:00\",\"breadcrumb\":{\"@id\":\"https:\\\/\\\/text2stick.com\\\/sv\\\/#breadcrumb\"},\"inLanguage\":\"sv-SE\",\"potentialAction\":[{\"@type\":\"ReadAction\",\"target\":[\"https:\\\/\\\/text2stick.com\\\/sv\\\/\"]}]},{\"@type\":\"ImageObject\",\"inLanguage\":\"sv-SE\",\"@id\":\"https:\\\/\\\/text2stick.com\\\/sv\\\/#primaryimage\",\"url\":\"https:\\\/\\\/text2stick.com\\\/wp-content\\\/uploads\\\/2021\\\/04\\\/MG_2211.jpg\",\"contentUrl\":\"https:\\\/\\\/text2stick.com\\\/wp-content\\\/uploads\\\/2021\\\/04\\\/MG_2211.jpg\"},{\"@type\":\"BreadcrumbList\",\"@id\":\"https:\\\/\\\/text2stick.com\\\/sv\\\/#breadcrumb\",\"itemListElement\":[{\"@type\":\"ListItem\",\"position\":1,\"name\":\"Hjem\",\"item\":\"https:\\\/\\\/text2stick.com\\\/sv\\\/\"},{\"@type\":\"ListItem\",\"position\":2,\"name\":\"Framsida\"}]},{\"@type\":\"WebSite\",\"@id\":\"https:\\\/\\\/text2stick.com\\\/#website\",\"url\":\"https:\\\/\\\/text2stick.com\\\/\",\"name\":\"Text2stick.com\",\"description\":\"Just another WordPress site\",\"publisher\":{\"@id\":\"https:\\\/\\\/text2stick.com\\\/#organization\"},\"potentialAction\":[{\"@type\":\"SearchAction\",\"target\":{\"@type\":\"EntryPoint\",\"urlTemplate\":\"https:\\\/\\\/text2stick.com\\\/?s={search_term_string}\"},\"query-input\":{\"@type\":\"PropertyValueSpecification\",\"valueRequired\":true,\"valueName\":\"search_term_string\"}}],\"inLanguage\":\"sv-SE\"},{\"@type\":\"Organization\",\"@id\":\"https:\\\/\\\/text2stick.com\\\/#organization\",\"name\":\"Text2stick.com\",\"url\":\"https:\\\/\\\/text2stick.com\\\/\",\"logo\":{\"@type\":\"ImageObject\",\"inLanguage\":\"sv-SE\",\"@id\":\"https:\\\/\\\/text2stick.com\\\/#\\\/schema\\\/logo\\\/image\\\/\",\"url\":\"https:\\\/\\\/text2stick.com\\\/wp-content\\\/uploads\\\/2021\\\/05\\\/TEXT2STICK-logo.png\",\"contentUrl\":\"https:\\\/\\\/text2stick.com\\\/wp-content\\\/uploads\\\/2021\\\/05\\\/TEXT2STICK-logo.png\",\"width\":662,\"height\":120,\"caption\":\"Text2stick.com\"},\"image\":{\"@id\":\"https:\\\/\\\/text2stick.com\\\/#\\\/schema\\\/logo\\\/image\\\/\"}}]}<\/script>\n<!-- \/ Yoast SEO plugin. -->","yoast_head_json":{"title":"Framsida - Text2stick.com","robots":{"index":"index","follow":"follow","max-snippet":"max-snippet:-1","max-image-preview":"max-image-preview:large","max-video-preview":"max-video-preview:-1"},"canonical":"https:\/\/text2stick.com\/sv\/","og_locale":"sv_SE","og_type":"article","og_title":"Framsida - Text2stick.com","og_description":"Skandinavisk producerade Foliebokst\u00e4ver Best\u00e4ll foliebokst\u00e4ver p\u00e5 ett enkelt s\u00e4tt online med v\u00e5r foliedesigner.V\u00e4lj text, storlek, typsnitt och f\u00e4rg sj\u00e4lv. Best\u00e4ll nu Europa Folietexter producerade i Europa Designa sj\u00e4lv Prova v\u00e5r foliedesigner Spara pengar Konkurrenskraftiga priser Snabb leverans Vi producerar flera g\u00e5nger i veckan Folietexter till&#8230; Folie till bil Best\u00e4ll nu Folie till brevl\u00e5da Best\u00e4ll nu [&hellip;]","og_url":"https:\/\/text2stick.com\/sv\/","og_site_name":"Text2stick.com","article_modified_time":"2024-06-25T13:27:09+00:00","og_image":[{"url":"https:\/\/text2stick.com\/wp-content\/uploads\/2021\/04\/MG_2211.jpg","type":"","width":"","height":""}],"twitter_card":"summary_large_image","twitter_misc":{"Ber\u00e4knad l\u00e4stid":"2 minuter"},"schema":{"@context":"https:\/\/schema.org","@graph":[{"@type":"WebPage","@id":"https:\/\/text2stick.com\/sv\/","url":"https:\/\/text2stick.com\/sv\/","name":"Framsida - Text2stick.com","isPartOf":{"@id":"https:\/\/text2stick.com\/#website"},"primaryImageOfPage":{"@id":"https:\/\/text2stick.com\/sv\/#primaryimage"},"image":{"@id":"https:\/\/text2stick.com\/sv\/#primaryimage"},"thumbnailUrl":"https:\/\/text2stick.com\/wp-content\/uploads\/2021\/04\/MG_2211.jpg","datePublished":"2018-06-18T06:57:36+00:00","dateModified":"2024-06-25T13:27:09+00:00","breadcrumb":{"@id":"https:\/\/text2stick.com\/sv\/#breadcrumb"},"inLanguage":"sv-SE","potentialAction":[{"@type":"ReadAction","target":["https:\/\/text2stick.com\/sv\/"]}]},{"@type":"ImageObject","inLanguage":"sv-SE","@id":"https:\/\/text2stick.com\/sv\/#primaryimage","url":"https:\/\/text2stick.com\/wp-content\/uploads\/2021\/04\/MG_2211.jpg","contentUrl":"https:\/\/text2stick.com\/wp-content\/uploads\/2021\/04\/MG_2211.jpg"},{"@type":"BreadcrumbList","@id":"https:\/\/text2stick.com\/sv\/#breadcrumb","itemListElement":[{"@type":"ListItem","position":1,"name":"Hjem","item":"https:\/\/text2stick.com\/sv\/"},{"@type":"ListItem","position":2,"name":"Framsida"}]},{"@type":"WebSite","@id":"https:\/\/text2stick.com\/#website","url":"https:\/\/text2stick.com\/","name":"Text2stick.com","description":"Just another WordPress site","publisher":{"@id":"https:\/\/text2stick.com\/#organization"},"potentialAction":[{"@type":"SearchAction","target":{"@type":"EntryPoint","urlTemplate":"https:\/\/text2stick.com\/?s={search_term_string}"},"query-input":{"@type":"PropertyValueSpecification","valueRequired":true,"valueName":"search_term_string"}}],"inLanguage":"sv-SE"},{"@type":"Organization","@id":"https:\/\/text2stick.com\/#organization","name":"Text2stick.com","url":"https:\/\/text2stick.com\/","logo":{"@type":"ImageObject","inLanguage":"sv-SE","@id":"https:\/\/text2stick.com\/#\/schema\/logo\/image\/","url":"https:\/\/text2stick.com\/wp-content\/uploads\/2021\/05\/TEXT2STICK-logo.png","contentUrl":"https:\/\/text2stick.com\/wp-content\/uploads\/2021\/05\/TEXT2STICK-logo.png","width":662,"height":120,"caption":"Text2stick.com"},"image":{"@id":"https:\/\/text2stick.com\/#\/schema\/logo\/image\/"}}]}},"_links":{"self":[{"href":"https:\/\/text2stick.com\/sv\/wp-json\/wp\/v2\/pages\/4372","targetHints":{"allow":["GET"]}}],"collection":[{"href":"https:\/\/text2stick.com\/sv\/wp-json\/wp\/v2\/pages"}],"about":[{"href":"https:\/\/text2stick.com\/sv\/wp-json\/wp\/v2\/types\/page"}],"author":[{"embeddable":true,"href":"https:\/\/text2stick.com\/sv\/wp-json\/wp\/v2\/users\/1"}],"replies":[{"embeddable":true,"href":"https:\/\/text2stick.com\/sv\/wp-json\/wp\/v2\/comments?post=4372"}],"version-history":[{"count":0,"href":"https:\/\/text2stick.com\/sv\/wp-json\/wp\/v2\/pages\/4372\/revisions"}],"wp:attachment":[{"href":"https:\/\/text2stick.com\/sv\/wp-json\/wp\/v2\/media?parent=4372"}],"curies":[{"name":"wp","href":"https:\/\/api.w.org\/{rel}","templated":true}]}}