{"id":4392,"date":"2021-03-18T07:57:51","date_gmt":"2021-03-18T07:57:51","guid":{"rendered":"https:\/\/text2stick.com\/privatlivspolitik\/"},"modified":"2022-03-18T11:24:36","modified_gmt":"2022-03-18T11:24:36","slug":"integritetspolicy","status":"publish","type":"page","link":"https:\/\/text2stick.com\/sv\/integritetspolicy\/","title":{"rendered":"Integritetspolicy"},"content":{"rendered":"\n<p>Cookie- och integritetspolicy hos Text2stick.com<\/p>\n\n\n\n<p><strong>Introduktion<\/strong><\/p>\n\n\n\n<p>N\u00e4r du bes\u00f6ker v\u00e5r webbplats samlas det in uppgifter om dig som anv\u00e4nds f\u00f6r att anpassa och f\u00f6rb\u00e4ttra v\u00e5rt inneh\u00e5ll och f\u00f6r att \u00f6ka v\u00e4rdet p\u00e5 annonserna som visas p\u00e5 sidan. Om du inte vill att uppgifter ska samlas in b\u00f6r du radera dina cookies (se instruktioner) och avst\u00e5 fr\u00e5n vidare anv\u00e4ndning av webbplatsen. Nedan har vi f\u00f6rtydligat vilken information som samlas in, dess syfte och vilka tredje parter som har tillg\u00e5ng till den.<\/p>\n\n\n\n<p><strong>Cookies<\/strong><\/p>\n\n\n\n<p>Webbplatsen anv\u00e4nder &#8221;cookies&#8221;, vilket \u00e4r en textfil som lagras p\u00e5 din dator, mobil med mera i syfte att k\u00e4nna igen den, komma ih\u00e5g inst\u00e4llningar, utf\u00f6ra statistik och rikta annonser. Cookies kan inte inneh\u00e5lla skadlig kod som t.ex. virus.<\/p>\n\n\n\n<p>Det \u00e4r m\u00f6jligt att radera eller blockera cookies. Se instruktioner:<\/p>\n\n\n\n<p><blockquote class=\"wp-embedded-content\" data-secret=\"F9y5hgcx80\"><a href=\"https:\/\/minecookies.org\/cookiehandtering\/\">S\u00e5dan sletter du cookies og anden browserdata<\/a><\/blockquote><iframe loading=\"lazy\" class=\"wp-embedded-content\" sandbox=\"allow-scripts\" security=\"restricted\" style=\"position: absolute; clip: rect(1px, 1px, 1px, 1px);\" title=\"&#8220;S\u00e5dan sletter du cookies og anden browserdata&#8221; &#8212; minecookies.org\" src=\"https:\/\/minecookies.org\/cookiehandtering\/embed\/#?secret=F9y5hgcx80\" data-secret=\"F9y5hgcx80\" width=\"500\" height=\"282\" frameborder=\"0\" marginwidth=\"0\" marginheight=\"0\" scrolling=\"no\"><\/iframe><\/p>\n\n\n\n<p>Om du tar bort eller blockerar cookies kan annonser bli mindre relevanta f\u00f6r dig och visas oftare. Du kan ocks\u00e5 riskera att webbplatsen inte fungerar optimalt och att det finns inneh\u00e5ll som du inte kommer \u00e5t.<\/p>\n\n\n\n<p><strong>Personuppgifter<\/strong><\/p>\n\n\n\n<p>Allm\u00e4nt<\/p>\n\n\n\n<p>Personuppgifter \u00e4r all slags information som p\u00e5 ett eller annat s\u00e4tt kan h\u00e4nf\u00f6ras till dig. N\u00e4r du anv\u00e4nder v\u00e5r webbplats samlar vi in \u200b\u200boch behandlar en m\u00e4ngd uppgifter av detta slag. Det h\u00e4nder t.ex. vid allm\u00e4n tillg\u00e5ng till inneh\u00e5ll om du anm\u00e4ler dig till v\u00e5rt nyhetsbrev, deltar i t\u00e4vlingar eller unders\u00f6kningar, registrerar dig som anv\u00e4ndare eller prenumerant, p\u00e5 annat s\u00e4tt anv\u00e4nder tj\u00e4nster eller g\u00f6r k\u00f6p via webbplatsen.<\/p>\n\n\n\n<p>Vi samlar in och behandlar vanligtvis f\u00f6ljande typer av uppgifter: Ett unikt ID och teknisk information om din dator, surfplatta eller mobiltelefon, ditt IP-nummer, geografisk plats och vilka sidor du klickar p\u00e5 (intressen). I den m\u00e5n du sj\u00e4lv ger uttryckligt samtycke till detta och sj\u00e4lv anger uppgifterna behandlas \u00e4ven f\u00f6ljande: Namn, telefonnummer, e-post, adress och betalningsuppgifter. Detta kommer vanligtvis att vara i samband med att du skapar en inloggning eller vid k\u00f6p.<\/p>\n\n\n\n<p><strong>S\u00e4kerhet<\/strong><\/p>\n\n\n\n<p>Vi behandlar dina personuppgifter s\u00e4kert och konfidentiellt i enlighet med g\u00e4llande lagar, h\u00e4runder personuppgiftsf\u00f6rordningen och dataskyddslagen.<\/p>\n\n\n\n<p>Dina uppgifter kommer endast att anv\u00e4ndas f\u00f6r det \u00e4ndam\u00e5let som den samlades in f\u00f6r och kommer att raderas n\u00e4r det syftet \u00e4r uppfyllt eller inte l\u00e4ngre \u00e4r relevant.<\/p>\n\n\n\n<p>Vi har vidtagit tekniska och organisatoriska \u00e5tg\u00e4rder mot att dina uppgifter oavsiktligt eller olagligt raderas, publiceras, g\u00e5r f\u00f6rlorade, f\u00f6rs\u00e4mras eller kommer till obeh\u00f6riga personers k\u00e4nnedom, missbrukas eller p\u00e5 annat s\u00e4tt behandlas i strid mot lagen.<\/p>\n\n\n\n<p><strong>\u00c4ndam\u00e5l<\/strong><\/p>\n\n\n\n<p>Uppgifterna anv\u00e4nds f\u00f6r att identifiera dig som anv\u00e4ndare och visa dig de annonserna som med st\u00f6rsta sannolikhet kommer att vara relevanta f\u00f6r dig, f\u00f6r att registrera dina k\u00f6p och betalningar samt f\u00f6r att kunna tillhandah\u00e5lla de tj\u00e4nster du har efterfr\u00e5gat som t.ex. att skicka ett nyhetsbrev. Dessutom anv\u00e4nder vi uppgifterna f\u00f6r att optimera v\u00e5ra tj\u00e4nster och inneh\u00e5ll.<\/p>\n\n\n\n<p><strong>Lagringsperiod<\/strong><\/p>\n\n\n\n<p>Uppgifterna lagras under den tiden som lagen till\u00e5ter, och vi raderar dem n\u00e4r de inte l\u00e4ngre beh\u00f6vs. Perioden beror p\u00e5 uppgifternas karakt\u00e4r och bakgrunden till lagringen. Det \u00e4r d\u00e4rf\u00f6r inte m\u00f6jligt att ange en generell tidsram f\u00f6r n\u00e4r uppgifter raderas.<\/p>\n\n\n\n<p><strong>Offentligg\u00f6rande av information<\/strong><\/p>\n\n\n\n<p>Data om din anv\u00e4ndning av webbplatsen, vilka annonser du mottar och eventuellt klickar p\u00e5, geografisk plats, k\u00f6n och \u00e5lderssegment osv. vidarebefordras till tredje part i den m\u00e5n denna information \u00e4r k\u00e4nd. Du kan se vilka tredje parter som \u00e4r inblandade i avsnittet &#8221;Cookies&#8221; ovan. Informationen anv\u00e4nds f\u00f6r att rikta annonsering.<\/p>\n\n\n\n<p>Dessutom anv\u00e4nder vi ett antal tredje parter f\u00f6r lagring och behandling av data. Dessa behandlar information enbart f\u00f6r v\u00e5r r\u00e4kning och f\u00e5r inte anv\u00e4nda den f\u00f6r sina egna syften.<\/p>\n\n\n\n<p>Utl\u00e4mnande av personuppgifter s\u00e5som namn och e-post med mera kommer bara att ske om du ger ditt samtycke. Vi anv\u00e4nder endast databehandlare i EU eller i l\u00e4nder som kan tillhandah\u00e5lla din information med adekvat skydd.<\/p>\n\n\n\n<p><strong>Insikt och klagom\u00e5l<\/strong><\/p>\n\n\n\n<p>Du har r\u00e4tt att f\u00e5 information om de personuppgifter vi behandlar om dig i ett standardformat (dataportabilitet). Du kan ocks\u00e5 n\u00e4r som helst inv\u00e4nda mot anv\u00e4ndningen av informationen. Du kan ocks\u00e5 \u00e5terkalla ditt samtycke f\u00f6r att uppgifter om dig ska behandlas. Om uppgifterna som behandlas om dig \u00e4r felaktiga har du r\u00e4tt att f\u00e5 dem r\u00e4ttade eller raderade. F\u00f6rfr\u00e5gningar om detta kan g\u00f6ras till: contact@text2stick.com. Om du vill klaga p\u00e5 v\u00e5r behandling av dina personuppgifter har du \u00e4ven m\u00f6jlighet att kontakta Dataskyddsmyndigheten.<\/p>\n\n\n\n<p>Om du inte l\u00e4ngre vill att vi ska behandla dina personuppgifter eller att vi ska begr\u00e4nsa behandlingen av dina personuppgifter kan du ocks\u00e5 skicka oss en beg\u00e4ran till ovann\u00e4mnd e-postadress.<\/p>\n\n\n\n<p><strong>Utgivare<\/strong><\/p>\n\n\n\n<p>Webbplatsen \u00e4gs och publiceras av:<\/p>\n\n\n\n<p>Vibla ApS<\/p>\n\n\n\n<p>V\u00e6selvej 1<\/p>\n\n\n\n<p>7800 Skive<\/p>\n\n\n\n<p>Telefon: 70266300<\/p>\n\n\n\n<p>E-post: contact@text2stick.com<\/p>\n","protected":false},"excerpt":{"rendered":"<p>Cookie- och integritetspolicy hos Text2stick.com Introduktion N\u00e4r du bes\u00f6ker v\u00e5r webbplats samlas det in uppgifter om dig som anv\u00e4nds f\u00f6r att anpassa och f\u00f6rb\u00e4ttra v\u00e5rt inneh\u00e5ll och f\u00f6r att \u00f6ka v\u00e4rdet p\u00e5 annonserna som visas p\u00e5 sidan. Om du inte vill att uppgifter ska samlas in b\u00f6r du radera dina cookies (se instruktioner) och avst\u00e5 [&hellip;]<\/p>\n","protected":false},"author":1,"featured_media":0,"parent":0,"menu_order":0,"comment_status":"closed","ping_status":"open","template":"","meta":{"_acf_changed":false,"site-sidebar-layout":"default","site-content-layout":"default","ast-site-content-layout":"default","site-content-style":"default","site-sidebar-style":"default","ast-global-header-display":"","ast-banner-title-visibility":"","ast-main-header-display":"","ast-hfb-above-header-display":"","ast-hfb-below-header-display":"","ast-hfb-mobile-header-display":"","site-post-title":"","ast-breadcrumbs-content":"","ast-featured-img":"","footer-sml-layout":"","ast-disable-related-posts":"","theme-transparent-header-meta":"default","adv-header-id-meta":"","stick-header-meta":"","header-above-stick-meta":"","header-main-stick-meta":"","header-below-stick-meta":"","astra-migrate-meta-layouts":"default","ast-page-background-enabled":"default","ast-page-background-meta":{"desktop":{"background-color":"","background-image":"","background-repeat":"repeat","background-position":"center center","background-size":"auto","background-attachment":"scroll","background-type":"","background-media":"","overlay-type":"","overlay-color":"","overlay-opacity":"","overlay-gradient":""},"tablet":{"background-color":"","background-image":"","background-repeat":"repeat","background-position":"center center","background-size":"auto","background-attachment":"scroll","background-type":"","background-media":"","overlay-type":"","overlay-color":"","overlay-opacity":"","overlay-gradient":""},"mobile":{"background-color":"","background-image":"","background-repeat":"repeat","background-position":"center center","background-size":"auto","background-attachment":"scroll","background-type":"","background-media":"","overlay-type":"","overlay-color":"","overlay-opacity":"","overlay-gradient":""}},"ast-content-background-meta":{"desktop":{"background-color":"var(--ast-global-color-5)","background-image":"","background-repeat":"repeat","background-position":"center center","background-size":"auto","background-attachment":"scroll","background-type":"","background-media":"","overlay-type":"","overlay-color":"","overlay-opacity":"","overlay-gradient":""},"tablet":{"background-color":"var(--ast-global-color-5)","background-image":"","background-repeat":"repeat","background-position":"center center","background-size":"auto","background-attachment":"scroll","background-type":"","background-media":"","overlay-type":"","overlay-color":"","overlay-opacity":"","overlay-gradient":""},"mobile":{"background-color":"var(--ast-global-color-5)","background-image":"","background-repeat":"repeat","background-position":"center center","background-size":"auto","background-attachment":"scroll","background-type":"","background-media":"","overlay-type":"","overlay-color":"","overlay-opacity":"","overlay-gradient":""}},"footnotes":""},"class_list":["post-4392","page","type-page","status-publish","hentry"],"acf":[],"yoast_head":"<!-- This site is optimized with the Yoast SEO plugin v27.2 - https:\/\/yoast.com\/product\/yoast-seo-wordpress\/ -->\n<title>Integritetspolicy - Text2stick.com<\/title>\n<meta name=\"robots\" content=\"index, follow, max-snippet:-1, max-image-preview:large, max-video-preview:-1\" \/>\n<link rel=\"canonical\" href=\"https:\/\/text2stick.com\/sv\/integritetspolicy\/\" \/>\n<meta property=\"og:locale\" content=\"sv_SE\" \/>\n<meta property=\"og:type\" content=\"article\" \/>\n<meta property=\"og:title\" content=\"Integritetspolicy - Text2stick.com\" \/>\n<meta property=\"og:description\" content=\"Cookie- och integritetspolicy hos Text2stick.com Introduktion N\u00e4r du bes\u00f6ker v\u00e5r webbplats samlas det in uppgifter om dig som anv\u00e4nds f\u00f6r att anpassa och f\u00f6rb\u00e4ttra v\u00e5rt inneh\u00e5ll och f\u00f6r att \u00f6ka v\u00e4rdet p\u00e5 annonserna som visas p\u00e5 sidan. Om du inte vill att uppgifter ska samlas in b\u00f6r du radera dina cookies (se instruktioner) och avst\u00e5 [&hellip;]\" \/>\n<meta property=\"og:url\" content=\"https:\/\/text2stick.com\/sv\/integritetspolicy\/\" \/>\n<meta property=\"og:site_name\" content=\"Text2stick.com\" \/>\n<meta property=\"article:modified_time\" content=\"2022-03-18T11:24:36+00:00\" \/>\n<meta name=\"twitter:card\" content=\"summary_large_image\" \/>\n<meta name=\"twitter:label1\" content=\"Ber\u00e4knad l\u00e4stid\" \/>\n\t<meta name=\"twitter:data1\" content=\"5 minuter\" \/>\n<script type=\"application\/ld+json\" class=\"yoast-schema-graph\">{\"@context\":\"https:\/\/schema.org\",\"@graph\":[{\"@type\":\"WebPage\",\"@id\":\"https:\/\/text2stick.com\/sv\/integritetspolicy\/\",\"url\":\"https:\/\/text2stick.com\/sv\/integritetspolicy\/\",\"name\":\"Integritetspolicy - Text2stick.com\",\"isPartOf\":{\"@id\":\"https:\/\/text2stick.com\/#website\"},\"datePublished\":\"2021-03-18T07:57:51+00:00\",\"dateModified\":\"2022-03-18T11:24:36+00:00\",\"breadcrumb\":{\"@id\":\"https:\/\/text2stick.com\/sv\/integritetspolicy\/#breadcrumb\"},\"inLanguage\":\"sv-SE\",\"potentialAction\":[{\"@type\":\"ReadAction\",\"target\":[\"https:\/\/text2stick.com\/sv\/integritetspolicy\/\"]}]},{\"@type\":\"BreadcrumbList\",\"@id\":\"https:\/\/text2stick.com\/sv\/integritetspolicy\/#breadcrumb\",\"itemListElement\":[{\"@type\":\"ListItem\",\"position\":1,\"name\":\"Hjem\",\"item\":\"https:\/\/text2stick.com\/sv\/\"},{\"@type\":\"ListItem\",\"position\":2,\"name\":\"Integritetspolicy\"}]},{\"@type\":\"WebSite\",\"@id\":\"https:\/\/text2stick.com\/#website\",\"url\":\"https:\/\/text2stick.com\/\",\"name\":\"Text2stick.com\",\"description\":\"Just another WordPress site\",\"publisher\":{\"@id\":\"https:\/\/text2stick.com\/#organization\"},\"potentialAction\":[{\"@type\":\"SearchAction\",\"target\":{\"@type\":\"EntryPoint\",\"urlTemplate\":\"https:\/\/text2stick.com\/?s={search_term_string}\"},\"query-input\":{\"@type\":\"PropertyValueSpecification\",\"valueRequired\":true,\"valueName\":\"search_term_string\"}}],\"inLanguage\":\"sv-SE\"},{\"@type\":\"Organization\",\"@id\":\"https:\/\/text2stick.com\/#organization\",\"name\":\"Text2stick.com\",\"url\":\"https:\/\/text2stick.com\/\",\"logo\":{\"@type\":\"ImageObject\",\"inLanguage\":\"sv-SE\",\"@id\":\"https:\/\/text2stick.com\/#\/schema\/logo\/image\/\",\"url\":\"https:\/\/text2stick.com\/wp-content\/uploads\/2021\/05\/TEXT2STICK-logo.png\",\"contentUrl\":\"https:\/\/text2stick.com\/wp-content\/uploads\/2021\/05\/TEXT2STICK-logo.png\",\"width\":662,\"height\":120,\"caption\":\"Text2stick.com\"},\"image\":{\"@id\":\"https:\/\/text2stick.com\/#\/schema\/logo\/image\/\"}}]}<\/script>\n<!-- \/ Yoast SEO plugin. -->","yoast_head_json":{"title":"Integritetspolicy - Text2stick.com","robots":{"index":"index","follow":"follow","max-snippet":"max-snippet:-1","max-image-preview":"max-image-preview:large","max-video-preview":"max-video-preview:-1"},"canonical":"https:\/\/text2stick.com\/sv\/integritetspolicy\/","og_locale":"sv_SE","og_type":"article","og_title":"Integritetspolicy - Text2stick.com","og_description":"Cookie- och integritetspolicy hos Text2stick.com Introduktion N\u00e4r du bes\u00f6ker v\u00e5r webbplats samlas det in uppgifter om dig som anv\u00e4nds f\u00f6r att anpassa och f\u00f6rb\u00e4ttra v\u00e5rt inneh\u00e5ll och f\u00f6r att \u00f6ka v\u00e4rdet p\u00e5 annonserna som visas p\u00e5 sidan. Om du inte vill att uppgifter ska samlas in b\u00f6r du radera dina cookies (se instruktioner) och avst\u00e5 [&hellip;]","og_url":"https:\/\/text2stick.com\/sv\/integritetspolicy\/","og_site_name":"Text2stick.com","article_modified_time":"2022-03-18T11:24:36+00:00","twitter_card":"summary_large_image","twitter_misc":{"Ber\u00e4knad l\u00e4stid":"5 minuter"},"schema":{"@context":"https:\/\/schema.org","@graph":[{"@type":"WebPage","@id":"https:\/\/text2stick.com\/sv\/integritetspolicy\/","url":"https:\/\/text2stick.com\/sv\/integritetspolicy\/","name":"Integritetspolicy - Text2stick.com","isPartOf":{"@id":"https:\/\/text2stick.com\/#website"},"datePublished":"2021-03-18T07:57:51+00:00","dateModified":"2022-03-18T11:24:36+00:00","breadcrumb":{"@id":"https:\/\/text2stick.com\/sv\/integritetspolicy\/#breadcrumb"},"inLanguage":"sv-SE","potentialAction":[{"@type":"ReadAction","target":["https:\/\/text2stick.com\/sv\/integritetspolicy\/"]}]},{"@type":"BreadcrumbList","@id":"https:\/\/text2stick.com\/sv\/integritetspolicy\/#breadcrumb","itemListElement":[{"@type":"ListItem","position":1,"name":"Hjem","item":"https:\/\/text2stick.com\/sv\/"},{"@type":"ListItem","position":2,"name":"Integritetspolicy"}]},{"@type":"WebSite","@id":"https:\/\/text2stick.com\/#website","url":"https:\/\/text2stick.com\/","name":"Text2stick.com","description":"Just another WordPress site","publisher":{"@id":"https:\/\/text2stick.com\/#organization"},"potentialAction":[{"@type":"SearchAction","target":{"@type":"EntryPoint","urlTemplate":"https:\/\/text2stick.com\/?s={search_term_string}"},"query-input":{"@type":"PropertyValueSpecification","valueRequired":true,"valueName":"search_term_string"}}],"inLanguage":"sv-SE"},{"@type":"Organization","@id":"https:\/\/text2stick.com\/#organization","name":"Text2stick.com","url":"https:\/\/text2stick.com\/","logo":{"@type":"ImageObject","inLanguage":"sv-SE","@id":"https:\/\/text2stick.com\/#\/schema\/logo\/image\/","url":"https:\/\/text2stick.com\/wp-content\/uploads\/2021\/05\/TEXT2STICK-logo.png","contentUrl":"https:\/\/text2stick.com\/wp-content\/uploads\/2021\/05\/TEXT2STICK-logo.png","width":662,"height":120,"caption":"Text2stick.com"},"image":{"@id":"https:\/\/text2stick.com\/#\/schema\/logo\/image\/"}}]}},"_links":{"self":[{"href":"https:\/\/text2stick.com\/sv\/wp-json\/wp\/v2\/pages\/4392","targetHints":{"allow":["GET"]}}],"collection":[{"href":"https:\/\/text2stick.com\/sv\/wp-json\/wp\/v2\/pages"}],"about":[{"href":"https:\/\/text2stick.com\/sv\/wp-json\/wp\/v2\/types\/page"}],"author":[{"embeddable":true,"href":"https:\/\/text2stick.com\/sv\/wp-json\/wp\/v2\/users\/1"}],"replies":[{"embeddable":true,"href":"https:\/\/text2stick.com\/sv\/wp-json\/wp\/v2\/comments?post=4392"}],"version-history":[{"count":0,"href":"https:\/\/text2stick.com\/sv\/wp-json\/wp\/v2\/pages\/4392\/revisions"}],"wp:attachment":[{"href":"https:\/\/text2stick.com\/sv\/wp-json\/wp\/v2\/media?parent=4392"}],"curies":[{"name":"wp","href":"https:\/\/api.w.org\/{rel}","templated":true}]}}