{"id":4362,"date":"2021-03-18T09:40:08","date_gmt":"2021-03-18T09:40:08","guid":{"rendered":"https:\/\/text2stick.com\/?post_type=product&#038;p=4362"},"modified":"2025-08-27T09:04:07","modified_gmt":"2025-08-27T09:04:07","slug":"foliebokstaver","status":"publish","type":"product","link":"https:\/\/text2stick.com\/sv\/vare\/foliebokstaver\/","title":{"rendered":"Foliebokst\u00e4ver"},"content":{"rendered":"\r\n<p><img loading=\"lazy\" decoding=\"async\" title=\"montering af foliebogstaver\" src=\"https:\/\/text2stick.com\/wp-content\/uploads\/2021\/03\/montering-af-foliebogstaver.gif\" alt=\"montering af foliebogstaver\" width=\"1062\" height=\"280\" \/><\/p>\r\n<p>Foliebokst\u00e4ver du kan anv\u00e4nda till en uppsj\u00f6 av olika \u00e4ndam\u00e5l. Du kan montera dem p\u00e5 praktiskt taget vilken yta som helst, vilket g\u00f6r dem extremt popul\u00e4ra f\u00f6r olika typer av informationstavlor, reklam och dekorationer p\u00e5 olika platser.<\/p>\r\n<p>Hos oss kan vi leverera foliebokst\u00e4ver till i stort sett varje projekt &#8211; kika p\u00e5 v\u00e5rt urval h\u00e4r p\u00e5 sidan eller kontakta oss f\u00f6r en offert redan idag.<\/p>\r\n<h2>Foliebokst\u00e4ver till bil<\/h2>\r\n<p>Ett av de mest popul\u00e4ra anv\u00e4ndningsomr\u00e5dena f\u00f6r foliebokst\u00e4ver \u00e4r till bilen. Du kan anv\u00e4nda bokst\u00e4verna till b\u00e5de privatbilar och tj\u00e4nstebilar. V\u00e5ra foliebokst\u00e4ver och sj\u00e4lvh\u00e4ftande bokst\u00e4ver \u00e4r b\u00e5de en effektiv och billig form av reklam. Genom att ha f\u00f6retagets slogan, logotyp och namn p\u00e5 tj\u00e4nstebilen blir du en transportabel annons i dig sj\u00e4lv.<\/p>\r\n<p>Det betyder allts\u00e5 att du inte beh\u00f6ver betala f\u00f6r att ha din annonsering i det offentliga rummet, men \u00e4nd\u00e5 vara synlig n\u00e4r du k\u00f6r runt. Om ditt f\u00f6retag \u00e4ven utf\u00f6r arbeten \u00e5t dina kunder inneb\u00e4r en bilannons ocks\u00e5 att din bil kommer att k\u00e4nnas igen snabbare n\u00e4r du anl\u00e4nder.<\/p>\r\n<h3>Placering av bilannonser<\/h3>\r\n<p>De tv\u00e5 mest popul\u00e4ra platserna att placera folietexter p\u00e5 bilar \u00e4r p\u00e5 sidan och p\u00e5 baksidan. P\u00e5 sidan av bilen f\u00e5r du m\u00f6jlighet att applicera texter i st\u00f6rre format d\u00e5 du har en st\u00f6rre yta att jobba med.<\/p>\r\n<p>Den bakre delen av bilen \u00e4r ocks\u00e5 s\u00e4rskilt popul\u00e4r d\u00e5 bilar hela tiden k\u00f6r bakom din egen bil. Det inneb\u00e4r att du \u00e4ven kan ha de olika kontaktuppgifterna p\u00e5 baksidan. Detta \u00e4r s\u00e4rskilt gynnsamt d\u00e5 f\u00f6raren bakom dig vanligtvis kommer att vara bakom dig under en l\u00e4ngre tid och fr\u00e4mst fokuserar p\u00e5 din bil.<\/p>\r\n<p>Det \u00e4r ocks\u00e5 smart n\u00e4r du till exempel v\u00e4ntar vid r\u00f6dljus eller har fastnat i k\u00f6 p\u00e5 motorv\u00e4gen d\u00e5 f\u00f6raren bakom din bil hinner l\u00e4sa texten. Du ska ocks\u00e5 vara medveten om att det \u00e4r f\u00f6rbjudet att placera folietexter p\u00e5 bilens rutor och andra platser om det reducerar f\u00f6rarens sikt.<\/p>\r\n<h3>Detta kan du skriva p\u00e5 din bilannons<\/h3>\r\n<p>Det viktigaste med en bilannons \u00e4r att visa upp vad ditt f\u00f6retag g\u00e5r ut p\u00e5. D\u00e4rut\u00f6ver \u00e4r kontaktuppgifter ocks\u00e5 viktiga f\u00f6r att de som ser annonsen ska kunna hitta dig igen. En bilannons best\u00e5r vanligtvis av ett eller flera av f\u00f6ljande:<\/p>\r\n<ul>\r\n<li>F\u00f6retagsnamn<\/li>\r\n<li>Slogan<\/li>\r\n<li>Hemsida<\/li>\r\n<li>Telefonnummer<\/li>\r\n<\/ul>\r\n<p>Om du vill ha folietexter till tj\u00e4nste- och sk\u00e5pbilar \u00e4r det viktigt att f\u00f6ljande saker syns p\u00e5 b\u00e4gge sidor av bilen:<\/p>\r\n<ul>\r\n<li>F\u00f6retagsnamn eller logotyp<\/li>\r\n<\/ul>\r\n<h2>Foliebokst\u00e4ver i f\u00f6retagsbyggnader<\/h2>\r\n<p>Precis som det \u00e4r viktigt att man kan se var en tj\u00e4nstebil kommer ifr\u00e5n \u00e4r det ocks\u00e5 viktigt att man kan se vilket f\u00f6retag man bes\u00f6ker n\u00e4r man g\u00e5r in genom d\u00f6rren. Det \u00e4r m\u00e5nga som anv\u00e4nder stora foliebokst\u00e4ver f\u00f6r att skapa stora skyltar p\u00e5 v\u00e4ggarna i en reception.<\/p>\r\n<p>Foliebokst\u00e4verna \u00e4r ocks\u00e5 ett superbra alternativ till de klassiska d\u00f6rrskyltarna. Du kan enkelt visa vilken m\u00f6teslokal som g\u00f6mmer sig bakom en d\u00f6rr genom att montera en foliesiffra direkt p\u00e5 d\u00f6rren. H\u00e4r kan du \u00e4ven ha bokst\u00e4verna i samma f\u00e4rger som anv\u00e4nds i din logotyp s\u00e5 att det skapas ett harmoniskt samspel av f\u00e4rger i hela byggnaden.<\/p>\r\n<p>Foliebokst\u00e4verna \u00e4r d\u00e4rf\u00f6r s\u00e4rskilt utm\u00e4rkta f\u00f6r att skylta p\u00e5 ett tydligt och stilrent s\u00e4tt.<\/p>\r\n<h2>Sj\u00e4lvh\u00e4ftande bokst\u00e4ver till brevl\u00e5da<\/h2>\r\n<p>Foliebokst\u00e4ver \u00e4r s\u00e4rskilt popul\u00e4ra till brevl\u00e5dor. Andra alternativ till sj\u00e4lvh\u00e4ftande bokst\u00e4ver och siffror, s\u00e5som dymo-m\u00e4rken och papperslappar, har ofta en kortare livsl\u00e4ngd. Det betyder att du skulle beh\u00f6va byta ut m\u00e4rkena till din brevl\u00e5da regelbundet s\u00e5 att all information fortfarande \u00e4r tydlig.<\/p>\r\n<p>Med sj\u00e4lvh\u00e4ftande foliebokst\u00e4ver beh\u00f6ver du inte t\u00e4nka p\u00e5 huruvida du fortfarande kan se alla namn och husnumret eller inte, utan detta \u00e4r en sj\u00e4lvklarhet i m\u00e5nga \u00e5r fram\u00f6ver. Det viktigaste att t\u00e4nka p\u00e5 n\u00e4r du best\u00e4ller folietext till en brevl\u00e5da \u00e4r att v\u00e4lja en f\u00e4rg som g\u00f6r det l\u00e4tt att l\u00e4sa texten p\u00e5 din brevl\u00e5da. Du ska d\u00e4rf\u00f6r helst undvika att v\u00e4lja en svart text till en svart brevl\u00e5da och s\u00e5 vidare.<\/p>\r\n<h2>Foliebokst\u00e4ver i hemmet<\/h2>\r\n<p>Folietexter kan ocks\u00e5 anv\u00e4ndas p\u00e5 m\u00e5nga platser i hemmet. Redan p\u00e5 ytterd\u00f6rren kan foliebokst\u00e4verna anv\u00e4ndas.<\/p>\r\n<p>Det finns vissa som anv\u00e4nder foliebokst\u00e4ver f\u00f6r att skriva sitt efternamn p\u00e5 sin ytterd\u00f6rr. Det \u00e4r b\u00e5de ett snyggt och unikt s\u00e4tt att visa vem som bor i huset. Foliebokst\u00e4verna kan \u00e4ven anv\u00e4ndas i dina barnrum. Till exempel kan dina barn sj\u00e4lva f\u00e5 designa en skylt till sina d\u00f6rrar d\u00e4r deras namn st\u00e5r.<\/p>\r\n<p>Du kan ocks\u00e5 anv\u00e4nda folietexter f\u00f6r att visa upp dina favoritcitat p\u00e5 v\u00e4ggarna. Folietexter \u00e4r dessutom superbra att anv\u00e4nda f\u00f6r att organisera ditt grovk\u00f6k eller din hall om du har m\u00e5nga liknande sk\u00e5p. H\u00e4r kan klisterm\u00e4rkesbokst\u00e4ver anv\u00e4ndas f\u00f6r att f\u00f6rtydliga vad som f\u00f6rvaras i sk\u00e5pen. Detta g\u00f6r det med andra ord l\u00e4ttare f\u00f6r dig att ta reda p\u00e5 vilka sk\u00e5p som inneh\u00e5ller alla vinterkl\u00e4der och vilket sk\u00e5p som f\u00f6rvarar alla st\u00e4dartiklar.<\/p>\r\n<h2>Best\u00e4m sj\u00e4lv designen<\/h2>\r\n<p>Hos vibla.dk f\u00e5r du m\u00f6jlighet att sj\u00e4lv designa din folietext. Hos oss best\u00e5r designprocessen av 7 steg.<\/p>\r\n<h3>#1 Val av text<\/h3>\r\n<p>Du kommer att kunna hitta en textruta d\u00e4r du kan skriva den texten som du vill ha som folietext. Hos oss kan du skriva hur m\u00e5nga tecken du \u00e4n vill.<\/p>\r\n<h3>#2 Storleken p\u00e5 texten<\/h3>\r\n<p>N\u00e4r du har skrivit din text kan du v\u00e4lja bokstavsh\u00f6jd. H\u00e4r kan du v\u00e4lja allt fr\u00e5n 2 cm till 58 cm. Sj\u00e4lvklart ska du vara uppm\u00e4rksam p\u00e5 att h\u00f6jden p\u00e5 bokst\u00e4verna ocks\u00e5 p\u00e5verkar hur stor plats din totala folietext kommer att ta upp &#8211; \u00e4ven p\u00e5 l\u00e4ngden.<\/p>\r\n<h3>#3 Typsnitt<\/h3>\r\n<p>N\u00e4r du har valt h\u00f6jden p\u00e5 bokst\u00e4verna kan du best\u00e4mma typsnittet. Hos oss kan du v\u00e4lja mellan hela 25 olika typsnitt. Du har p\u00e5 s\u00e5 s\u00e4tt rikligt med m\u00f6jligheter att hitta ett typsnitt som passar just dina behov.<\/p>\r\n<h3>#4 M\u00f6jlighet till textjustering, fet stil och spegelv\u00e4nd text<\/h3>\r\n<p>N\u00e4r du har texten, storleken och typsnittet p\u00e5 plats kan du g\u00f6ra de sista justeringarna av hur layouten p\u00e5 texten ska se ut. D\u00e5 kan du allts\u00e5 v\u00e4lja vilken textjustering du vill ha. H\u00e4r kan du v\u00e4lja mellan v\u00e4nster, mitt och h\u00f6ger.<\/p>\r\n<p>Du kan ocks\u00e5 v\u00e4lja om du vill ha texten i fet stil och om texten ska skrivas spegelv\u00e4nt. Det \u00e4r till exempel smart att skriva ut texten spegelv\u00e4nt om den ska placeras p\u00e5 insidan av ett f\u00f6nster, men vara l\u00e4sbar f\u00f6r personer som passerar f\u00f6rbi utanf\u00f6r.<\/p>\r\n<h3>#5 F\u00e4rger<\/h3>\r\n<p>N\u00e4r du har fullst\u00e4ndig koll p\u00e5 vad texten ska vara och hur din layout ska se ut kan du v\u00e4lja f\u00e4rger. Du har m\u00f6jlighet att f\u00e5 texten med en matt yta i f\u00e4rgerna svart och vitt.<\/p>\r\n<p>Om du inte vill ha en matt yta kan du v\u00e4lja mellan f\u00f6ljande f\u00e4rger: svart, vit, gr\u00e5, k\u00f6rsb\u00e4r, ljusr\u00f6d, orange, gyllengul, klargul, lime, olympisk bl\u00e5, djup azurbl\u00e5, koboltbl\u00e5 och m\u00f6rkbl\u00e5.<\/p>\r\n<h3>#6 F\u00f6rhandsvisning<\/h3>\r\n<p>P\u00e5 f\u00f6rhandsvisningen kan du se hur din folietext kommer att se ut. H\u00e4r kan du ocks\u00e5 se hur l\u00e5ng och bred den samlade texten blir i centimeter.<\/p>\r\n<h3>#7 Antal och pris<\/h3>\r\n<p>Det sista du kan v\u00e4lja \u00e4r antalet folietexter som du vill ha. Antalet har naturligtvis en stor p\u00e5verkan p\u00e5 priset, men m\u00e4ngdrabatt ber\u00e4knas automatiskt baserat p\u00e5 antalet.<\/p>\r\n<h2>Kvalitet p\u00e5 v\u00e5ra sj\u00e4lvh\u00e4ftande bokst\u00e4ver och siffror<\/h2>\r\n<p>V\u00e5ra foliebokst\u00e4ver \u00e4r tillverkade i h\u00f6gsta kvalitet, s\u00e5 de \u00e4r anpassade till b\u00e5de utomhus- och inomhusbruk. Foliens kvalitet \u00e4r utan tvekan avg\u00f6rande f\u00f6r hur l\u00e4nge en folietext h\u00e5ller. Som utg\u00e5ngspunkt h\u00e5ller v\u00e5r normala blanka folie minst 4 \u00e5r utomhus och v\u00e5r matta folie minst 5 \u00e5r utomhus.<\/p>\r\n<p><img loading=\"lazy\" decoding=\"async\" title=\"_MG_2211\" src=\"https:\/\/text2stick.com\/wp-content\/uploads\/2021\/03\/MG_2211.jpg\" alt=\"guide til montering af foliebogstaver\" width=\"1024\" height=\"768\" \/><\/p>\r\n<h2>Guide till montering av foliebokst\u00e4ver<\/h2>\r\n<p>Det viktigaste f\u00f6r ett bra resultat \u00e4r att folien \u00e4r korrekt monterad. Om du har varit noggrann med att f\u00f6lja vart och ett av f\u00f6ljande steg f\u00f6rl\u00e4nger du livsl\u00e4ngden p\u00e5 dina foliebokst\u00e4ver avsev\u00e4rt.<\/p>\r\n<h3>Ge ytan r\u00e4tt temperatur<\/h3>\r\n<p>Den b\u00e4sta temperaturen f\u00f6r montering av siffror och bokst\u00e4ver i folie \u00e4r runt 5 grader. Det betyder att du kan gynnas av att v\u00e4rma upp eller kyla ned ytan lite innan du s\u00e4tter i g\u00e5ng.<\/p>\r\n<h3>Reng\u00f6r ytan<\/h3>\r\n<p>Folietexten kommer att ha sv\u00e5rt att f\u00e4sta p\u00e5 en yta som \u00e4r fet eller smutsig. Det \u00e4r d\u00e4rf\u00f6r viktigt att du noggrant reng\u00f6r ytan innan du f\u00f6rs\u00f6ker montera folien. Det \u00e4r en god id\u00e9 att anv\u00e4nda alkohol eller vatten och tv\u00e5l f\u00f6r att se till att ytan blir helt ren.<\/p>\r\n<h3>Markera var folien ska sitta<\/h3>\r\n<p>Det \u00e4r sv\u00e5rt att placera foliebokst\u00e4ver helt rakt om du inte f\u00f6rst har markerat var folien ska sitta. Du kan markera placeringen med ett l\u00e4tt pennstreck eller maskeringstejp s\u00e5 att du enkelt ser var texten ska sitta.<\/p>\r\n<h3>Ta bort baksidan av folien<\/h3>\r\n<p>N\u00e4r du f\u00e5r din folietext finns det en bit papper baktill som skyddar baksidan av klisterm\u00e4rket. Den m\u00e5ste tas bort innan folietexten placeras.<\/p>\r\n<h3>Skrapa bort lufth\u00e5len<\/h3>\r\n<p>N\u00e4r du har placerat din folietext d\u00e4r den ska vara kan du anv\u00e4nda en folieskrapa f\u00f6r att skrapa bort alla luftbubblor. P\u00e5 s\u00e5 s\u00e4tt f\u00e5r du en helt sl\u00e4t yta p\u00e5 din folietext.<\/p>\r\n<h3>Ta bort skyddsfilmen<\/h3>\r\n<p>N\u00e4r du \u00e4r helt n\u00f6jd med monteringen av din folietext kan du ta bort skyddsfilmen. Du m\u00e5ste vara mycket f\u00f6rsiktig n\u00e4r du tar bort filmen s\u00e5 att du inte av misstag lyfter n\u00e5gon av bokst\u00e4verna.<\/p>\r\n<h2>Varf\u00f6r k\u00f6pa av oss?<\/h2>\r\n<p>Hos Text2stick.com f\u00e5r du m\u00f6jlighet att designa din folietext fr\u00e5n grunden s\u00e5 att du kan f\u00e5 en text som passar dina syften perfekt. Du kan ocks\u00e5 vara s\u00e4ker p\u00e5 att produkten du f\u00e5r \u00e4r gjord av de b\u00e4sta materialen s\u00e5 att den h\u00e5ller sig snygg i m\u00e5nga \u00e5r fram\u00f6ver.<\/p>\r\n","protected":false},"excerpt":{"rendered":"<h1>Foliebokst\u00e4ver \u2013 Best\u00e4ll enkelt sj\u00e4lvh\u00e4ftande bokst\u00e4ver<\/h1>\n<p>Vi har gjort det enkelt att designa och best\u00e4lla foliebokst\u00e4ver med v\u00e5r designer &amp; priskalkylator. Folien kan enkelt monteras p\u00e5 bilar, f\u00f6nster, brevl\u00e5dor, b\u00e5tar och m\u00e5nga andra ytor. Du f\u00e5r din folietext t\u00e4ckt med applikationstejp \u2013 Redo f\u00f6r enkel montering.<\/p>\n<ol>\n<li>Skriv bara in \u00f6nskad text nedan.<\/li>\n<li>Designa din folietext genom att v\u00e4lja typsnitt, bokstavsh\u00f6jd och f\u00e4rg p\u00e5 folien.<\/li>\n<li>V\u00e4lj kvantitet (Systemet ber\u00e4knar m\u00e4ngdrabatten) och l\u00e4gg till i varukorgen.<\/li>\n<\/ol>\n","protected":false},"featured_media":4240,"template":"","meta":{"_acf_changed":false,"site-sidebar-layout":"no-sidebar","site-content-layout":"default","ast-site-content-layout":"default","site-content-style":"default","site-sidebar-style":"default","ast-global-header-display":"","ast-banner-title-visibility":"","ast-main-header-display":"","ast-hfb-above-header-display":"","ast-hfb-below-header-display":"","ast-hfb-mobile-header-display":"","site-post-title":"disabled","ast-breadcrumbs-content":"","ast-featured-img":"","footer-sml-layout":"","ast-disable-related-posts":"","theme-transparent-header-meta":"default","adv-header-id-meta":"","stick-header-meta":"","header-above-stick-meta":"","header-main-stick-meta":"","header-below-stick-meta":"","astra-migrate-meta-layouts":"set","ast-page-background-enabled":"default","ast-page-background-meta":{"desktop":{"background-color":"","background-image":"","background-repeat":"repeat","background-position":"center center","background-size":"auto","background-attachment":"scroll","background-type":"","background-media":"","overlay-type":"","overlay-color":"","overlay-opacity":"","overlay-gradient":""},"tablet":{"background-color":"","background-image":"","background-repeat":"repeat","background-position":"center center","background-size":"auto","background-attachment":"scroll","background-type":"","background-media":"","overlay-type":"","overlay-color":"","overlay-opacity":"","overlay-gradient":""},"mobile":{"background-color":"","background-image":"","background-repeat":"repeat","background-position":"center center","background-size":"auto","background-attachment":"scroll","background-type":"","background-media":"","overlay-type":"","overlay-color":"","overlay-opacity":"","overlay-gradient":""}},"ast-content-background-meta":{"desktop":{"background-color":"var(--ast-global-color-5)","background-image":"","background-repeat":"repeat","background-position":"center center","background-size":"auto","background-attachment":"scroll","background-type":"","background-media":"","overlay-type":"","overlay-color":"","overlay-opacity":"","overlay-gradient":""},"tablet":{"background-color":"var(--ast-global-color-5)","background-image":"","background-repeat":"repeat","background-position":"center center","background-size":"auto","background-attachment":"scroll","background-type":"","background-media":"","overlay-type":"","overlay-color":"","overlay-opacity":"","overlay-gradient":""},"mobile":{"background-color":"var(--ast-global-color-5)","background-image":"","background-repeat":"repeat","background-position":"center center","background-size":"auto","background-attachment":"scroll","background-type":"","background-media":"","overlay-type":"","overlay-color":"","overlay-opacity":"","overlay-gradient":""}}},"product_brand":[],"product_cat":[97],"product_tag":[],"class_list":{"0":"post-4362","1":"product","2":"type-product","3":"status-publish","4":"has-post-thumbnail","6":"product_cat-ukategoriseret-sv","7":"desktop-align-center","8":"tablet-align-center","9":"mobile-align-center","10":"ast-product-gallery-layout-vertical","11":"ast-product-tabs-layout-horizontal","12":"ast-qv-on-image","14":"first","15":"instock","16":"taxable","17":"shipping-taxable","18":"purchasable","19":"product-type-simple"},"acf":[],"yoast_head":"<!-- This site is optimized with the Yoast SEO plugin v27.4 - https:\/\/yoast.com\/product\/yoast-seo-wordpress\/ -->\n<title>Foliebokst\u00e4ver \u00bb K\u00f6p enkelt sj\u00e4lvh\u00e4ftande bokst\u00e4ver &amp; siffror online<\/title>\n<meta name=\"description\" content=\"Designa enkelt sj\u00e4lvh\u00e4ftande foliebokst\u00e4ver i \u00f6nskad f\u00e4rg, typsnitt och storlek. H\u00f6g kvalitet! K\u00f6p online &amp; montera l\u00e4tt p\u00e5 bilen, b\u00e5ten, brevl\u00e5dan &amp; f\u00f6nstret.\" \/>\n<meta name=\"robots\" content=\"index, follow, max-snippet:-1, max-image-preview:large, max-video-preview:-1\" \/>\n<link rel=\"canonical\" href=\"https:\/\/text2stick.com\/sv\/vare\/foliebokstaver\/\" \/>\n<meta property=\"og:locale\" content=\"sv_SE\" \/>\n<meta property=\"og:type\" content=\"article\" \/>\n<meta property=\"og:title\" content=\"Foliebokst\u00e4ver \u00bb K\u00f6p enkelt sj\u00e4lvh\u00e4ftande bokst\u00e4ver &amp; siffror online\" \/>\n<meta property=\"og:description\" content=\"Designa enkelt sj\u00e4lvh\u00e4ftande foliebokst\u00e4ver i \u00f6nskad f\u00e4rg, typsnitt och storlek. H\u00f6g kvalitet! K\u00f6p online &amp; montera l\u00e4tt p\u00e5 bilen, b\u00e5ten, brevl\u00e5dan &amp; f\u00f6nstret.\" \/>\n<meta property=\"og:url\" content=\"https:\/\/text2stick.com\/sv\/vare\/foliebokstaver\/\" \/>\n<meta property=\"og:site_name\" content=\"Text2stick.com\" \/>\n<meta property=\"article:modified_time\" content=\"2025-08-27T09:04:07+00:00\" \/>\n<meta property=\"og:image\" content=\"https:\/\/text2stick.com\/wp-content\/uploads\/2021\/03\/MG_2211.jpg\" \/>\n\t<meta property=\"og:image:width\" content=\"1024\" \/>\n\t<meta property=\"og:image:height\" content=\"768\" \/>\n\t<meta property=\"og:image:type\" content=\"image\/jpeg\" \/>\n<meta name=\"twitter:card\" content=\"summary_large_image\" \/>\n<meta name=\"twitter:label1\" content=\"Ber\u00e4knad l\u00e4stid\" \/>\n\t<meta name=\"twitter:data1\" content=\"8 minuter\" \/>\n<script type=\"application\/ld+json\" class=\"yoast-schema-graph\">{\"@context\":\"https:\\\/\\\/schema.org\",\"@graph\":[{\"@type\":\"WebPage\",\"@id\":\"https:\\\/\\\/text2stick.com\\\/sv\\\/vare\\\/foliebokstaver\\\/\",\"url\":\"https:\\\/\\\/text2stick.com\\\/sv\\\/vare\\\/foliebokstaver\\\/\",\"name\":\"Foliebokst\u00e4ver \u00bb K\u00f6p enkelt sj\u00e4lvh\u00e4ftande bokst\u00e4ver & siffror online\",\"isPartOf\":{\"@id\":\"https:\\\/\\\/text2stick.com\\\/#website\"},\"primaryImageOfPage\":{\"@id\":\"https:\\\/\\\/text2stick.com\\\/sv\\\/vare\\\/foliebokstaver\\\/#primaryimage\"},\"image\":{\"@id\":\"https:\\\/\\\/text2stick.com\\\/sv\\\/vare\\\/foliebokstaver\\\/#primaryimage\"},\"thumbnailUrl\":\"https:\\\/\\\/text2stick.com\\\/wp-content\\\/uploads\\\/2021\\\/03\\\/MG_2211.jpg\",\"datePublished\":\"2021-03-18T09:40:08+00:00\",\"dateModified\":\"2025-08-27T09:04:07+00:00\",\"description\":\"Designa enkelt sj\u00e4lvh\u00e4ftande foliebokst\u00e4ver i \u00f6nskad f\u00e4rg, typsnitt och storlek. H\u00f6g kvalitet! K\u00f6p online & montera l\u00e4tt p\u00e5 bilen, b\u00e5ten, brevl\u00e5dan & f\u00f6nstret.\",\"breadcrumb\":{\"@id\":\"https:\\\/\\\/text2stick.com\\\/sv\\\/vare\\\/foliebokstaver\\\/#breadcrumb\"},\"inLanguage\":\"sv-SE\",\"potentialAction\":[{\"@type\":\"ReadAction\",\"target\":[\"https:\\\/\\\/text2stick.com\\\/sv\\\/vare\\\/foliebokstaver\\\/\"]}]},{\"@type\":\"ImageObject\",\"inLanguage\":\"sv-SE\",\"@id\":\"https:\\\/\\\/text2stick.com\\\/sv\\\/vare\\\/foliebokstaver\\\/#primaryimage\",\"url\":\"https:\\\/\\\/text2stick.com\\\/wp-content\\\/uploads\\\/2021\\\/03\\\/MG_2211.jpg\",\"contentUrl\":\"https:\\\/\\\/text2stick.com\\\/wp-content\\\/uploads\\\/2021\\\/03\\\/MG_2211.jpg\",\"width\":1024,\"height\":768},{\"@type\":\"BreadcrumbList\",\"@id\":\"https:\\\/\\\/text2stick.com\\\/sv\\\/vare\\\/foliebokstaver\\\/#breadcrumb\",\"itemListElement\":[{\"@type\":\"ListItem\",\"position\":1,\"name\":\"Hjem\",\"item\":\"https:\\\/\\\/text2stick.com\\\/sv\\\/\"},{\"@type\":\"ListItem\",\"position\":2,\"name\":\"Shop\",\"item\":\"https:\\\/\\\/text2stick.com\\\/sv\\\/shop-2\\\/\"},{\"@type\":\"ListItem\",\"position\":3,\"name\":\"Foliebokst\u00e4ver\"}]},{\"@type\":\"WebSite\",\"@id\":\"https:\\\/\\\/text2stick.com\\\/#website\",\"url\":\"https:\\\/\\\/text2stick.com\\\/\",\"name\":\"Text2stick.com\",\"description\":\"Just another WordPress site\",\"publisher\":{\"@id\":\"https:\\\/\\\/text2stick.com\\\/#organization\"},\"potentialAction\":[{\"@type\":\"SearchAction\",\"target\":{\"@type\":\"EntryPoint\",\"urlTemplate\":\"https:\\\/\\\/text2stick.com\\\/?s={search_term_string}\"},\"query-input\":{\"@type\":\"PropertyValueSpecification\",\"valueRequired\":true,\"valueName\":\"search_term_string\"}}],\"inLanguage\":\"sv-SE\"},{\"@type\":\"Organization\",\"@id\":\"https:\\\/\\\/text2stick.com\\\/#organization\",\"name\":\"Text2stick.com\",\"url\":\"https:\\\/\\\/text2stick.com\\\/\",\"logo\":{\"@type\":\"ImageObject\",\"inLanguage\":\"sv-SE\",\"@id\":\"https:\\\/\\\/text2stick.com\\\/#\\\/schema\\\/logo\\\/image\\\/\",\"url\":\"https:\\\/\\\/text2stick.com\\\/wp-content\\\/uploads\\\/2021\\\/05\\\/TEXT2STICK-logo.png\",\"contentUrl\":\"https:\\\/\\\/text2stick.com\\\/wp-content\\\/uploads\\\/2021\\\/05\\\/TEXT2STICK-logo.png\",\"width\":662,\"height\":120,\"caption\":\"Text2stick.com\"},\"image\":{\"@id\":\"https:\\\/\\\/text2stick.com\\\/#\\\/schema\\\/logo\\\/image\\\/\"}}]}<\/script>\n<!-- \/ Yoast SEO plugin. -->","yoast_head_json":{"title":"Foliebokst\u00e4ver \u00bb K\u00f6p enkelt sj\u00e4lvh\u00e4ftande bokst\u00e4ver & siffror online","description":"Designa enkelt sj\u00e4lvh\u00e4ftande foliebokst\u00e4ver i \u00f6nskad f\u00e4rg, typsnitt och storlek. H\u00f6g kvalitet! K\u00f6p online & montera l\u00e4tt p\u00e5 bilen, b\u00e5ten, brevl\u00e5dan & f\u00f6nstret.","robots":{"index":"index","follow":"follow","max-snippet":"max-snippet:-1","max-image-preview":"max-image-preview:large","max-video-preview":"max-video-preview:-1"},"canonical":"https:\/\/text2stick.com\/sv\/vare\/foliebokstaver\/","og_locale":"sv_SE","og_type":"article","og_title":"Foliebokst\u00e4ver \u00bb K\u00f6p enkelt sj\u00e4lvh\u00e4ftande bokst\u00e4ver & siffror online","og_description":"Designa enkelt sj\u00e4lvh\u00e4ftande foliebokst\u00e4ver i \u00f6nskad f\u00e4rg, typsnitt och storlek. H\u00f6g kvalitet! K\u00f6p online & montera l\u00e4tt p\u00e5 bilen, b\u00e5ten, brevl\u00e5dan & f\u00f6nstret.","og_url":"https:\/\/text2stick.com\/sv\/vare\/foliebokstaver\/","og_site_name":"Text2stick.com","article_modified_time":"2025-08-27T09:04:07+00:00","og_image":[{"width":1024,"height":768,"url":"https:\/\/text2stick.com\/wp-content\/uploads\/2021\/03\/MG_2211.jpg","type":"image\/jpeg"}],"twitter_card":"summary_large_image","twitter_misc":{"Ber\u00e4knad l\u00e4stid":"8 minuter"},"schema":{"@context":"https:\/\/schema.org","@graph":[{"@type":"WebPage","@id":"https:\/\/text2stick.com\/sv\/vare\/foliebokstaver\/","url":"https:\/\/text2stick.com\/sv\/vare\/foliebokstaver\/","name":"Foliebokst\u00e4ver \u00bb K\u00f6p enkelt sj\u00e4lvh\u00e4ftande bokst\u00e4ver & siffror online","isPartOf":{"@id":"https:\/\/text2stick.com\/#website"},"primaryImageOfPage":{"@id":"https:\/\/text2stick.com\/sv\/vare\/foliebokstaver\/#primaryimage"},"image":{"@id":"https:\/\/text2stick.com\/sv\/vare\/foliebokstaver\/#primaryimage"},"thumbnailUrl":"https:\/\/text2stick.com\/wp-content\/uploads\/2021\/03\/MG_2211.jpg","datePublished":"2021-03-18T09:40:08+00:00","dateModified":"2025-08-27T09:04:07+00:00","description":"Designa enkelt sj\u00e4lvh\u00e4ftande foliebokst\u00e4ver i \u00f6nskad f\u00e4rg, typsnitt och storlek. H\u00f6g kvalitet! K\u00f6p online & montera l\u00e4tt p\u00e5 bilen, b\u00e5ten, brevl\u00e5dan & f\u00f6nstret.","breadcrumb":{"@id":"https:\/\/text2stick.com\/sv\/vare\/foliebokstaver\/#breadcrumb"},"inLanguage":"sv-SE","potentialAction":[{"@type":"ReadAction","target":["https:\/\/text2stick.com\/sv\/vare\/foliebokstaver\/"]}]},{"@type":"ImageObject","inLanguage":"sv-SE","@id":"https:\/\/text2stick.com\/sv\/vare\/foliebokstaver\/#primaryimage","url":"https:\/\/text2stick.com\/wp-content\/uploads\/2021\/03\/MG_2211.jpg","contentUrl":"https:\/\/text2stick.com\/wp-content\/uploads\/2021\/03\/MG_2211.jpg","width":1024,"height":768},{"@type":"BreadcrumbList","@id":"https:\/\/text2stick.com\/sv\/vare\/foliebokstaver\/#breadcrumb","itemListElement":[{"@type":"ListItem","position":1,"name":"Hjem","item":"https:\/\/text2stick.com\/sv\/"},{"@type":"ListItem","position":2,"name":"Shop","item":"https:\/\/text2stick.com\/sv\/shop-2\/"},{"@type":"ListItem","position":3,"name":"Foliebokst\u00e4ver"}]},{"@type":"WebSite","@id":"https:\/\/text2stick.com\/#website","url":"https:\/\/text2stick.com\/","name":"Text2stick.com","description":"Just another WordPress site","publisher":{"@id":"https:\/\/text2stick.com\/#organization"},"potentialAction":[{"@type":"SearchAction","target":{"@type":"EntryPoint","urlTemplate":"https:\/\/text2stick.com\/?s={search_term_string}"},"query-input":{"@type":"PropertyValueSpecification","valueRequired":true,"valueName":"search_term_string"}}],"inLanguage":"sv-SE"},{"@type":"Organization","@id":"https:\/\/text2stick.com\/#organization","name":"Text2stick.com","url":"https:\/\/text2stick.com\/","logo":{"@type":"ImageObject","inLanguage":"sv-SE","@id":"https:\/\/text2stick.com\/#\/schema\/logo\/image\/","url":"https:\/\/text2stick.com\/wp-content\/uploads\/2021\/05\/TEXT2STICK-logo.png","contentUrl":"https:\/\/text2stick.com\/wp-content\/uploads\/2021\/05\/TEXT2STICK-logo.png","width":662,"height":120,"caption":"Text2stick.com"},"image":{"@id":"https:\/\/text2stick.com\/#\/schema\/logo\/image\/"}}]}},"_links":{"self":[{"href":"https:\/\/text2stick.com\/sv\/wp-json\/wp\/v2\/product\/4362","targetHints":{"allow":["GET"]}}],"collection":[{"href":"https:\/\/text2stick.com\/sv\/wp-json\/wp\/v2\/product"}],"about":[{"href":"https:\/\/text2stick.com\/sv\/wp-json\/wp\/v2\/types\/product"}],"wp:featuredmedia":[{"embeddable":true,"href":"https:\/\/text2stick.com\/sv\/wp-json\/wp\/v2\/media\/4240"}],"wp:attachment":[{"href":"https:\/\/text2stick.com\/sv\/wp-json\/wp\/v2\/media?parent=4362"}],"wp:term":[{"taxonomy":"product_brand","embeddable":true,"href":"https:\/\/text2stick.com\/sv\/wp-json\/wp\/v2\/product_brand?post=4362"},{"taxonomy":"product_cat","embeddable":true,"href":"https:\/\/text2stick.com\/sv\/wp-json\/wp\/v2\/product_cat?post=4362"},{"taxonomy":"product_tag","embeddable":true,"href":"https:\/\/text2stick.com\/sv\/wp-json\/wp\/v2\/product_tag?post=4362"}],"curies":[{"name":"wp","href":"https:\/\/api.w.org\/{rel}","templated":true}]}}