{"id":4454,"date":"2022-01-28T08:45:29","date_gmt":"2022-01-28T08:45:29","guid":{"rendered":"https:\/\/text2stick.com\/?post_type=product&#038;p=4454"},"modified":"2025-08-27T09:39:45","modified_gmt":"2025-08-27T09:39:45","slug":"klistermarken-till-baat","status":"publish","type":"product","link":"https:\/\/text2stick.com\/sv\/vare\/klistermarken-till-baat\/","title":{"rendered":"Klisterm\u00e4rken till b\u00e5t"},"content":{"rendered":"\r\n<p><img loading=\"lazy\" decoding=\"async\" title=\"montering af foliebogstaver\" src=\"https:\/\/text2stick.com\/wp-content\/uploads\/2021\/03\/montering-af-foliebogstaver.gif\" alt=\"montering af foliebogstaver\" width=\"1062\" height=\"280\" \/><\/p>\r\n<h2>Regler f\u00f6r b\u00e5tnamn, hemmahamn och registreringsnummer<\/h2>\r\n<p>Om du har en fritidsb\u00e5t under 20 GT \u00e4r det inte krav p\u00e5 att utrusta din b\u00e5t med b\u00e5tnamn eller hemmahamn. Trots detta finns det ett antal hamnar som kr\u00e4ver att b\u00e5de boende och bes\u00f6kare \u00e4r f\u00f6rsedda med b\u00e5de b\u00e5tnamn och hemmahamn.<\/p>\r\n<p>Detta s\u00e4kerst\u00e4ller n\u00e4mligen att det \u00e4r ganska enkelt att identifiera en viss b\u00e5t eller b\u00e5tens skeppare om det beh\u00f6vs. Att k\u00f6pa folie med namn till b\u00e5t \u00e4r d\u00e4rf\u00f6r inte bara f\u00f6r skojs skull. Det kan faktiskt ocks\u00e5 tj\u00e4na praktiska syften i flera avseenden.<\/p>\r\n<p>Dessutom finns det \u00e4ven platser d\u00e4r registreringsnummer kr\u00e4vs. Det \u00e4r bl.a. ett m\u00e5ste om du ska segla p\u00e5 Silkeborgssj\u00f6arna vid Guden\u00e5. H\u00e4r kan du riskera b\u00f6ter om din b\u00e5t inte \u00e4r f\u00f6rsedd med ett giltigt SB-registreringsnummer.<\/p>\r\n<p>Om du inte \u00e4r s\u00e4ker p\u00e5 huruvida din hemmahamn har krav p\u00e5 b\u00e5tnamn, hemmahamn och registreringsnummer eller inte b\u00f6r du l\u00e4sa hamnens stadgar. Dessutom \u00e4r det ocks\u00e5 en bra id\u00e9 att unders\u00f6ka de lokala reglerna f\u00f6r klisterm\u00e4rken som ofta finns p\u00e5 kommunens hemsida.<\/p>\r\n<h2>Var ska b\u00e5tklisterm\u00e4rken placeras?<\/h2>\r\n<p>P\u00e5 samma s\u00e4tt som det kan finnas olika regler g\u00e4llande vilka typer av klisterm\u00e4rken som b\u00e5tarna i de olika hamnarna ska f\u00f6rses med \u00e4r det ocks\u00e5 skillnad p\u00e5 var de ska placeras. Dessa \u00e4r normer som varierar fr\u00e5n hamn till hamn, och det g\u00e4ller b\u00e5de b\u00e5tnamn, hemmahamn och eventuellt identifieringsm\u00e4rke.<\/p>\r\n<p>De flesta v\u00e4ljer dock att placera sina namnklisterm\u00e4rken till b\u00e5t p\u00e5 akterspegeln. Det vill s\u00e4ga att de placerar klisterm\u00e4rket p\u00e5 baksidan av b\u00e5ten d\u00e4r man oftast ocks\u00e5 anger hemmahamn.<\/p>\r\n<p>Detta g\u00e4ller dock inte f\u00f6r alla. Det finns ocks\u00e5 m\u00e5nga som v\u00e4ljer att s\u00e4tta klisterm\u00e4rkena p\u00e5 kabinen eller styrhytten. Dessutom finns det \u00e4ven vissa som v\u00e4ljer att namnge sin b\u00e5t p\u00e5 b\u00e4gge sidor om f\u00f6ren. Hemmahamnen kan givetvis ocks\u00e5 placeras p\u00e5 styrhytten tillsammans med b\u00e5tens namn.<\/p>\r\n<h3>M\u00f6jligheterna \u00e4r m\u00e5nga<\/h3>\r\n<p>Ovanst\u00e5ende vittnar om att det finns m\u00e5nga m\u00f6jligheter n\u00e4r det kommer till placering av folie till b\u00e5t. Detta g\u00e4ller i f\u00f6rh\u00e5llande till b\u00e5de b\u00e5tnamn och hemmahamn. Det \u00e4r dock inte bara i f\u00f6rh\u00e5llande till placeringen som det g\u00e4ller. Detta \u00e4r n\u00e4mligen \u00e4ven fallet f\u00f6r formateringen av bokst\u00e4verna.<\/p>\r\n<p>Det \u00e4r mycket vanligt att se b\u00e5tnamnet skrivet i ett mer kursivt och dekorativt typsnitt. Hemmahamnen kommer att st\u00e5 under b\u00e5tens namn och skrivs ofta med ett annat typsnitt. I vissa fall \u00e4r det ocks\u00e5 skillnad p\u00e5 textens f\u00e4rg.<\/p>\r\n<p>Om det \u00e4r tal om ett identifikationsm\u00e4rke p\u00e5 en registrerad fiskeb\u00e5t, som t.ex en jolle eller ett fiskefartyg, kommer det vanligtvis att st\u00e5 p\u00e5 f\u00f6ren p\u00e5 b\u00e4gge sidor. I ett s\u00e5dant fall placeras b\u00e5tens namn och hemmahamn p\u00e5 antingen styrhytten eller baksidan av b\u00e5ten.<\/p>\r\n<p>FTJ-m\u00e4rken som sitter p\u00e5 fartyg registrerade i fartygsregistret f\u00e5r placeras fritt. T\u00e4nk dock p\u00e5 att reglerna f\u00f6reskriver att bokst\u00e4verna p\u00e5 b\u00e5ten ska ha en h\u00f6jd p\u00e5 minst \u00e5tta centimeter. Detta hj\u00e4lper till att s\u00e4kerst\u00e4lla att m\u00e4rkena kan avkodas p\u00e5 distans.<\/p>\r\n<h2>Du best\u00e4mmer sj\u00e4lv utseendet<\/h2>\r\n<p>N\u00e4r du ska skapa ett klisterm\u00e4rke med text har du m\u00e5nga m\u00f6jligheter n\u00e4r det g\u00e4ller utseendet. D\u00e4rf\u00f6r kan du skapa en text som ser ut precis som du vill att den ska se ut. Det handlar med andra ord bara om att vara kreativ.<\/p>\r\n<h3>Textstorlek<\/h3>\r\n<p>N\u00e4r du har skrivit in texten du vill ha p\u00e5 din b\u00e5t kan du \u00e4ven justera h\u00f6jden p\u00e5 bokst\u00e4verna. Hos oss har du m\u00f6jlighet att st\u00e4lla in h\u00f6jden till mellan 2 och 58 cm.<\/p>\r\n<p>N\u00e4r det kommer till val av h\u00f6jd p\u00e5 bokst\u00e4verna finns det flera faktorer som spelar roll. Det \u00e4r dock extra viktigt att komma ih\u00e5g att h\u00f6jden ocks\u00e5 har betydelse f\u00f6r hur stor plats texten kommer att ta upp totalt sett &#8211; allts\u00e5 \u00e4ven p\u00e5 l\u00e4ngden.<\/p>\r\n<h3>Typsnitt<\/h3>\r\n<p>Det \u00e4r inte bara h\u00f6jden p\u00e5 bokst\u00e4verna som du sj\u00e4lv kan justera. Du har \u00e4ven f\u00f6rm\u00e5gan att v\u00e4lja typsnitt sj\u00e4lv. Hos oss kan du v\u00e4lja mellan 25 olika, och d\u00e4rf\u00f6r kommer det f\u00f6rmodligen ocks\u00e5 att finnas ett som faller dig i smaken.<\/p>\r\n<p>Ofta v\u00e4ljer folk olika typsnitt till b\u00e5tnamn och hemmahamn. Om du ocks\u00e5 vill g\u00f6ra detta \u00e4r givetvis en bed\u00f6mning du m\u00e5ste g\u00f6ra sj\u00e4lv.<\/p>\r\n<h3>Justering och formatering av texten<\/h3>\r\n<p>N\u00e4r du v\u00e4l har koll p\u00e5 b\u00e5de texten, storleken p\u00e5 bokst\u00e4verna och typsnittet \u00e4r det dags f\u00f6r de sista justeringarna. Du ska n\u00e4mligen s\u00e4kerst\u00e4lla att den har en l\u00e4mplig layout f\u00f6r dig.<\/p>\r\n<p>Om du best\u00e4ller klisterm\u00e4rken till b\u00e5tar hos oss kan du v\u00e4lja \u00f6nskad textjustering. Du f\u00e5r m\u00f6jlighet att v\u00e4lja om texten ska justeras till v\u00e4nster, mitt eller h\u00f6ger.<\/p>\r\n<p>V\u00e4lj ocks\u00e5 om din text ska skrivas i fet stil eller inte. Dessutom g\u00e5r det att f\u00e5 din text tryckt spegelv\u00e4nt. Det \u00e4r dock knappast n\u00f6dv\u00e4ndigt om texten ska anv\u00e4ndas p\u00e5 din b\u00e5t.<\/p>\r\n<p>Oavsett val av justering och formatering (och andra faktorer) \u00e4r du sj\u00e4lvklart garanterad h\u00f6gkvalitativa klisterm\u00e4rken.<\/p>\r\n<h3>F\u00e4rger<\/h3>\r\n<p>Vid best\u00e4llning av klisterm\u00e4rken till b\u00e5tar v\u00e4ljer du sj\u00e4lv f\u00e4rg p\u00e5 texten. Hos oss har du ett brett utbud av f\u00e4rger att v\u00e4lja mellan. Vill du ha folie med matt yta kan du dock endast v\u00e4lja mellan svart och vit.<\/p>\r\n<p>Om det inte \u00e4r ett krav att ytan p\u00e5 dina foliebokst\u00e4ver m\u00e5ste vara matt finns det flera f\u00e4rgalternativ att v\u00e4lja mellan.<\/p>\r\n<h2>Klisterm\u00e4rkena ska monteras p\u00e5 en ren yta<\/h2>\r\n<p>Om du best\u00e4ller klisterm\u00e4rken till din b\u00e5t hos oss \u00e4r monteringen enkel att genomf\u00f6ra. F\u00f6r att f\u00e5 b\u00e4sta resultat finns det dock ett antal detaljer som \u00e4r viktiga att ta h\u00e4nsyn till.<\/p>\r\n<p>F\u00f6rst och fr\u00e4mst \u00e4r det viktigt att ytan som du vill montera klisterm\u00e4rkena p\u00e5 \u00e4r ren och torr. D\u00e4rf\u00f6r b\u00f6r omr\u00e5det reng\u00f6ras och sedan torkas av innan monteringen p\u00e5b\u00f6rjas.<\/p>\r\n<p>Om det finns vax fr\u00e5n ett lack vid omr\u00e5det \u00e4r det viktigt att detta reng\u00f6rs innan du l\u00e4gger p\u00e5 folien. Detta kan g\u00f6ras p\u00e5 flera s\u00e4tt, men i regel \u00e4r det enklast med isopropylalkohol.<\/p>\r\n","protected":false},"excerpt":{"rendered":"<h1>Klisterm\u00e4rken till b\u00e5t<\/h1>\n<p>Det kan finnas flera anledningar till att man vill k\u00f6pa ett klisterm\u00e4rke till b\u00e5ten. I regel beror det dock p\u00e5 att man vill ha sitt b\u00e5tnamn p\u00e5 b\u00e5ten.<\/p>\n<p>Om du efters\u00f6ker just detta har du lyckligtvis nog hamnat p\u00e5 r\u00e4tt plats. H\u00e4r hos Text2stick.com kan du n\u00e4mligen f\u00e5 tillverkat ett b\u00e5tnamn i folie efter dina egna krav och \u00f6nskem\u00e5l.<\/p>\n<ol>\n<li>Ange bara b\u00e5tens namn, hamnnamn eller annan \u00f6nskad text nedan.<\/li>\n<li>Designa enkelt din folietext genom att v\u00e4lja typsnitt, bokstavsh\u00f6jd och f\u00e4rg p\u00e5 folien.<\/li>\n<li>V\u00e4lj \u00f6nskad kvantitet (Systemet ber\u00e4knar automatiskt m\u00e4ngdrabatten) och l\u00e4gg till i varukorgen.<\/li>\n<\/ol>\n","protected":false},"featured_media":4335,"template":"","meta":{"_acf_changed":false,"site-sidebar-layout":"no-sidebar","site-content-layout":"default","ast-site-content-layout":"default","site-content-style":"default","site-sidebar-style":"default","ast-global-header-display":"","ast-banner-title-visibility":"","ast-main-header-display":"","ast-hfb-above-header-display":"","ast-hfb-below-header-display":"","ast-hfb-mobile-header-display":"","site-post-title":"","ast-breadcrumbs-content":"","ast-featured-img":"","footer-sml-layout":"","ast-disable-related-posts":"","theme-transparent-header-meta":"default","adv-header-id-meta":"","stick-header-meta":"","header-above-stick-meta":"","header-main-stick-meta":"","header-below-stick-meta":"","astra-migrate-meta-layouts":"set","ast-page-background-enabled":"default","ast-page-background-meta":{"desktop":{"background-color":"","background-image":"","background-repeat":"repeat","background-position":"center center","background-size":"auto","background-attachment":"scroll","background-type":"","background-media":"","overlay-type":"","overlay-color":"","overlay-opacity":"","overlay-gradient":""},"tablet":{"background-color":"","background-image":"","background-repeat":"repeat","background-position":"center center","background-size":"auto","background-attachment":"scroll","background-type":"","background-media":"","overlay-type":"","overlay-color":"","overlay-opacity":"","overlay-gradient":""},"mobile":{"background-color":"","background-image":"","background-repeat":"repeat","background-position":"center center","background-size":"auto","background-attachment":"scroll","background-type":"","background-media":"","overlay-type":"","overlay-color":"","overlay-opacity":"","overlay-gradient":""}},"ast-content-background-meta":{"desktop":{"background-color":"var(--ast-global-color-5)","background-image":"","background-repeat":"repeat","background-position":"center center","background-size":"auto","background-attachment":"scroll","background-type":"","background-media":"","overlay-type":"","overlay-color":"","overlay-opacity":"","overlay-gradient":""},"tablet":{"background-color":"var(--ast-global-color-5)","background-image":"","background-repeat":"repeat","background-position":"center center","background-size":"auto","background-attachment":"scroll","background-type":"","background-media":"","overlay-type":"","overlay-color":"","overlay-opacity":"","overlay-gradient":""},"mobile":{"background-color":"var(--ast-global-color-5)","background-image":"","background-repeat":"repeat","background-position":"center center","background-size":"auto","background-attachment":"scroll","background-type":"","background-media":"","overlay-type":"","overlay-color":"","overlay-opacity":"","overlay-gradient":""}}},"product_brand":[],"product_cat":[97],"product_tag":[],"class_list":{"0":"post-4454","1":"product","2":"type-product","3":"status-publish","4":"has-post-thumbnail","6":"product_cat-ukategoriseret-sv","7":"desktop-align-center","8":"tablet-align-center","9":"mobile-align-center","10":"ast-product-gallery-layout-vertical","11":"ast-product-tabs-layout-horizontal","12":"ast-qv-on-image","14":"first","15":"instock","16":"taxable","17":"shipping-taxable","18":"purchasable","19":"product-type-simple"},"acf":[],"yoast_head":"<!-- This site is optimized with the Yoast SEO plugin v27.4 - https:\/\/yoast.com\/product\/yoast-seo-wordpress\/ -->\n<title>Klisterm\u00e4rken till b\u00e5t med namn i folie \u2013 Designa &amp; k\u00f6p namnskylt till b\u00e5t<\/title>\n<meta name=\"description\" content=\"Hos oss kan du enkelt sj\u00e4lv designa ditt b\u00e5tnamn i folie i \u00f6nskat typsnitt, storlek &amp; f\u00e4rg. Levereras klart f\u00f6r enkel montering \u2013 K\u00f6p enkelt online!\" \/>\n<meta name=\"robots\" content=\"index, follow, max-snippet:-1, max-image-preview:large, max-video-preview:-1\" \/>\n<link rel=\"canonical\" href=\"https:\/\/text2stick.com\/sv\/vare\/klistermarken-till-baat\/\" \/>\n<meta property=\"og:locale\" content=\"sv_SE\" \/>\n<meta property=\"og:type\" content=\"article\" \/>\n<meta property=\"og:title\" content=\"Klisterm\u00e4rken till b\u00e5t med namn i folie \u2013 Designa &amp; k\u00f6p namnskylt till b\u00e5t\" \/>\n<meta property=\"og:description\" content=\"Hos oss kan du enkelt sj\u00e4lv designa ditt b\u00e5tnamn i folie i \u00f6nskat typsnitt, storlek &amp; f\u00e4rg. Levereras klart f\u00f6r enkel montering \u2013 K\u00f6p enkelt online!\" \/>\n<meta property=\"og:url\" content=\"https:\/\/text2stick.com\/sv\/vare\/klistermarken-till-baat\/\" \/>\n<meta property=\"og:site_name\" content=\"Text2stick.com\" \/>\n<meta property=\"article:modified_time\" content=\"2025-08-27T09:39:45+00:00\" \/>\n<meta property=\"og:image\" content=\"https:\/\/text2stick.com\/wp-content\/uploads\/2022\/01\/klistermaerker-til-baad.jpg\" \/>\n\t<meta property=\"og:image:width\" content=\"1024\" \/>\n\t<meta property=\"og:image:height\" content=\"768\" \/>\n\t<meta property=\"og:image:type\" content=\"image\/jpeg\" \/>\n<meta name=\"twitter:card\" content=\"summary_large_image\" \/>\n<meta name=\"twitter:label1\" content=\"Ber\u00e4knad l\u00e4stid\" \/>\n\t<meta name=\"twitter:data1\" content=\"5 minuter\" \/>\n<script type=\"application\/ld+json\" class=\"yoast-schema-graph\">{\"@context\":\"https:\\\/\\\/schema.org\",\"@graph\":[{\"@type\":\"WebPage\",\"@id\":\"https:\\\/\\\/text2stick.com\\\/sv\\\/vare\\\/klistermarken-till-baat\\\/\",\"url\":\"https:\\\/\\\/text2stick.com\\\/sv\\\/vare\\\/klistermarken-till-baat\\\/\",\"name\":\"Klisterm\u00e4rken till b\u00e5t med namn i folie \u2013 Designa & k\u00f6p namnskylt till b\u00e5t\",\"isPartOf\":{\"@id\":\"https:\\\/\\\/text2stick.com\\\/#website\"},\"primaryImageOfPage\":{\"@id\":\"https:\\\/\\\/text2stick.com\\\/sv\\\/vare\\\/klistermarken-till-baat\\\/#primaryimage\"},\"image\":{\"@id\":\"https:\\\/\\\/text2stick.com\\\/sv\\\/vare\\\/klistermarken-till-baat\\\/#primaryimage\"},\"thumbnailUrl\":\"https:\\\/\\\/text2stick.com\\\/wp-content\\\/uploads\\\/2022\\\/01\\\/klistermaerker-til-baad.jpg\",\"datePublished\":\"2022-01-28T08:45:29+00:00\",\"dateModified\":\"2025-08-27T09:39:45+00:00\",\"description\":\"Hos oss kan du enkelt sj\u00e4lv designa ditt b\u00e5tnamn i folie i \u00f6nskat typsnitt, storlek & f\u00e4rg. Levereras klart f\u00f6r enkel montering \u2013 K\u00f6p enkelt online!\",\"breadcrumb\":{\"@id\":\"https:\\\/\\\/text2stick.com\\\/sv\\\/vare\\\/klistermarken-till-baat\\\/#breadcrumb\"},\"inLanguage\":\"sv-SE\",\"potentialAction\":[{\"@type\":\"ReadAction\",\"target\":[\"https:\\\/\\\/text2stick.com\\\/sv\\\/vare\\\/klistermarken-till-baat\\\/\"]}]},{\"@type\":\"ImageObject\",\"inLanguage\":\"sv-SE\",\"@id\":\"https:\\\/\\\/text2stick.com\\\/sv\\\/vare\\\/klistermarken-till-baat\\\/#primaryimage\",\"url\":\"https:\\\/\\\/text2stick.com\\\/wp-content\\\/uploads\\\/2022\\\/01\\\/klistermaerker-til-baad.jpg\",\"contentUrl\":\"https:\\\/\\\/text2stick.com\\\/wp-content\\\/uploads\\\/2022\\\/01\\\/klistermaerker-til-baad.jpg\",\"width\":1024,\"height\":768},{\"@type\":\"BreadcrumbList\",\"@id\":\"https:\\\/\\\/text2stick.com\\\/sv\\\/vare\\\/klistermarken-till-baat\\\/#breadcrumb\",\"itemListElement\":[{\"@type\":\"ListItem\",\"position\":1,\"name\":\"Hjem\",\"item\":\"https:\\\/\\\/text2stick.com\\\/sv\\\/\"},{\"@type\":\"ListItem\",\"position\":2,\"name\":\"Shop\",\"item\":\"https:\\\/\\\/text2stick.com\\\/sv\\\/shop-2\\\/\"},{\"@type\":\"ListItem\",\"position\":3,\"name\":\"Klisterm\u00e4rken till b\u00e5t\"}]},{\"@type\":\"WebSite\",\"@id\":\"https:\\\/\\\/text2stick.com\\\/#website\",\"url\":\"https:\\\/\\\/text2stick.com\\\/\",\"name\":\"Text2stick.com\",\"description\":\"Just another WordPress site\",\"publisher\":{\"@id\":\"https:\\\/\\\/text2stick.com\\\/#organization\"},\"potentialAction\":[{\"@type\":\"SearchAction\",\"target\":{\"@type\":\"EntryPoint\",\"urlTemplate\":\"https:\\\/\\\/text2stick.com\\\/?s={search_term_string}\"},\"query-input\":{\"@type\":\"PropertyValueSpecification\",\"valueRequired\":true,\"valueName\":\"search_term_string\"}}],\"inLanguage\":\"sv-SE\"},{\"@type\":\"Organization\",\"@id\":\"https:\\\/\\\/text2stick.com\\\/#organization\",\"name\":\"Text2stick.com\",\"url\":\"https:\\\/\\\/text2stick.com\\\/\",\"logo\":{\"@type\":\"ImageObject\",\"inLanguage\":\"sv-SE\",\"@id\":\"https:\\\/\\\/text2stick.com\\\/#\\\/schema\\\/logo\\\/image\\\/\",\"url\":\"https:\\\/\\\/text2stick.com\\\/wp-content\\\/uploads\\\/2021\\\/05\\\/TEXT2STICK-logo.png\",\"contentUrl\":\"https:\\\/\\\/text2stick.com\\\/wp-content\\\/uploads\\\/2021\\\/05\\\/TEXT2STICK-logo.png\",\"width\":662,\"height\":120,\"caption\":\"Text2stick.com\"},\"image\":{\"@id\":\"https:\\\/\\\/text2stick.com\\\/#\\\/schema\\\/logo\\\/image\\\/\"}}]}<\/script>\n<!-- \/ Yoast SEO plugin. -->","yoast_head_json":{"title":"Klisterm\u00e4rken till b\u00e5t med namn i folie \u2013 Designa & k\u00f6p namnskylt till b\u00e5t","description":"Hos oss kan du enkelt sj\u00e4lv designa ditt b\u00e5tnamn i folie i \u00f6nskat typsnitt, storlek & f\u00e4rg. Levereras klart f\u00f6r enkel montering \u2013 K\u00f6p enkelt online!","robots":{"index":"index","follow":"follow","max-snippet":"max-snippet:-1","max-image-preview":"max-image-preview:large","max-video-preview":"max-video-preview:-1"},"canonical":"https:\/\/text2stick.com\/sv\/vare\/klistermarken-till-baat\/","og_locale":"sv_SE","og_type":"article","og_title":"Klisterm\u00e4rken till b\u00e5t med namn i folie \u2013 Designa & k\u00f6p namnskylt till b\u00e5t","og_description":"Hos oss kan du enkelt sj\u00e4lv designa ditt b\u00e5tnamn i folie i \u00f6nskat typsnitt, storlek & f\u00e4rg. Levereras klart f\u00f6r enkel montering \u2013 K\u00f6p enkelt online!","og_url":"https:\/\/text2stick.com\/sv\/vare\/klistermarken-till-baat\/","og_site_name":"Text2stick.com","article_modified_time":"2025-08-27T09:39:45+00:00","og_image":[{"width":1024,"height":768,"url":"https:\/\/text2stick.com\/wp-content\/uploads\/2022\/01\/klistermaerker-til-baad.jpg","type":"image\/jpeg"}],"twitter_card":"summary_large_image","twitter_misc":{"Ber\u00e4knad l\u00e4stid":"5 minuter"},"schema":{"@context":"https:\/\/schema.org","@graph":[{"@type":"WebPage","@id":"https:\/\/text2stick.com\/sv\/vare\/klistermarken-till-baat\/","url":"https:\/\/text2stick.com\/sv\/vare\/klistermarken-till-baat\/","name":"Klisterm\u00e4rken till b\u00e5t med namn i folie \u2013 Designa & k\u00f6p namnskylt till b\u00e5t","isPartOf":{"@id":"https:\/\/text2stick.com\/#website"},"primaryImageOfPage":{"@id":"https:\/\/text2stick.com\/sv\/vare\/klistermarken-till-baat\/#primaryimage"},"image":{"@id":"https:\/\/text2stick.com\/sv\/vare\/klistermarken-till-baat\/#primaryimage"},"thumbnailUrl":"https:\/\/text2stick.com\/wp-content\/uploads\/2022\/01\/klistermaerker-til-baad.jpg","datePublished":"2022-01-28T08:45:29+00:00","dateModified":"2025-08-27T09:39:45+00:00","description":"Hos oss kan du enkelt sj\u00e4lv designa ditt b\u00e5tnamn i folie i \u00f6nskat typsnitt, storlek & f\u00e4rg. Levereras klart f\u00f6r enkel montering \u2013 K\u00f6p enkelt online!","breadcrumb":{"@id":"https:\/\/text2stick.com\/sv\/vare\/klistermarken-till-baat\/#breadcrumb"},"inLanguage":"sv-SE","potentialAction":[{"@type":"ReadAction","target":["https:\/\/text2stick.com\/sv\/vare\/klistermarken-till-baat\/"]}]},{"@type":"ImageObject","inLanguage":"sv-SE","@id":"https:\/\/text2stick.com\/sv\/vare\/klistermarken-till-baat\/#primaryimage","url":"https:\/\/text2stick.com\/wp-content\/uploads\/2022\/01\/klistermaerker-til-baad.jpg","contentUrl":"https:\/\/text2stick.com\/wp-content\/uploads\/2022\/01\/klistermaerker-til-baad.jpg","width":1024,"height":768},{"@type":"BreadcrumbList","@id":"https:\/\/text2stick.com\/sv\/vare\/klistermarken-till-baat\/#breadcrumb","itemListElement":[{"@type":"ListItem","position":1,"name":"Hjem","item":"https:\/\/text2stick.com\/sv\/"},{"@type":"ListItem","position":2,"name":"Shop","item":"https:\/\/text2stick.com\/sv\/shop-2\/"},{"@type":"ListItem","position":3,"name":"Klisterm\u00e4rken till b\u00e5t"}]},{"@type":"WebSite","@id":"https:\/\/text2stick.com\/#website","url":"https:\/\/text2stick.com\/","name":"Text2stick.com","description":"Just another WordPress site","publisher":{"@id":"https:\/\/text2stick.com\/#organization"},"potentialAction":[{"@type":"SearchAction","target":{"@type":"EntryPoint","urlTemplate":"https:\/\/text2stick.com\/?s={search_term_string}"},"query-input":{"@type":"PropertyValueSpecification","valueRequired":true,"valueName":"search_term_string"}}],"inLanguage":"sv-SE"},{"@type":"Organization","@id":"https:\/\/text2stick.com\/#organization","name":"Text2stick.com","url":"https:\/\/text2stick.com\/","logo":{"@type":"ImageObject","inLanguage":"sv-SE","@id":"https:\/\/text2stick.com\/#\/schema\/logo\/image\/","url":"https:\/\/text2stick.com\/wp-content\/uploads\/2021\/05\/TEXT2STICK-logo.png","contentUrl":"https:\/\/text2stick.com\/wp-content\/uploads\/2021\/05\/TEXT2STICK-logo.png","width":662,"height":120,"caption":"Text2stick.com"},"image":{"@id":"https:\/\/text2stick.com\/#\/schema\/logo\/image\/"}}]}},"_links":{"self":[{"href":"https:\/\/text2stick.com\/sv\/wp-json\/wp\/v2\/product\/4454","targetHints":{"allow":["GET"]}}],"collection":[{"href":"https:\/\/text2stick.com\/sv\/wp-json\/wp\/v2\/product"}],"about":[{"href":"https:\/\/text2stick.com\/sv\/wp-json\/wp\/v2\/types\/product"}],"wp:featuredmedia":[{"embeddable":true,"href":"https:\/\/text2stick.com\/sv\/wp-json\/wp\/v2\/media\/4335"}],"wp:attachment":[{"href":"https:\/\/text2stick.com\/sv\/wp-json\/wp\/v2\/media?parent=4454"}],"wp:term":[{"taxonomy":"product_brand","embeddable":true,"href":"https:\/\/text2stick.com\/sv\/wp-json\/wp\/v2\/product_brand?post=4454"},{"taxonomy":"product_cat","embeddable":true,"href":"https:\/\/text2stick.com\/sv\/wp-json\/wp\/v2\/product_cat?post=4454"},{"taxonomy":"product_tag","embeddable":true,"href":"https:\/\/text2stick.com\/sv\/wp-json\/wp\/v2\/product_tag?post=4454"}],"curies":[{"name":"wp","href":"https:\/\/api.w.org\/{rel}","templated":true}]}}